{"id":9232,"date":"2016-05-13T10:07:24","date_gmt":"2016-05-13T07:07:24","guid":{"rendered":"https:\/\/www.toode.ee\/en\/?page_id=9232"},"modified":"2016-05-13T10:09:02","modified_gmt":"2016-05-13T07:09:02","slug":"fks-f","status":"publish","type":"page","link":"https:\/\/www.toode.ee\/en\/products\/facade-cladding\/fks-f\/","title":{"rendered":"FKS-F"},"content":{"rendered":"<p><strong>Kasutusala:<\/strong> fassaadid<br \/>\n<strong>Plaadi m\u00f5\u00f5tmed:<\/strong> tellitavad (soovitav moodul 300x3000mm)<br \/>\n<strong>S\u00fcgavus:<\/strong> 25-40mm<br \/>\n<strong>Materjali paksus:<\/strong> 1,2 &#8211; 2,0 mm<br \/>\n<strong>Pinnamaterjal:<\/strong> tsink, PVDF, pulberv\u00e4rvimine<\/p>\n","protected":false},"excerpt":{"rendered":"<p>Kasutusala: fassaadid Plaadi m\u00f5\u00f5tmed: tellitavad (soovitav moodul 300x3000mm) S\u00fcgavus: 25-40mm Materjali paksus: 1,2 &#8211; 2,0 mm Pinnamaterjal: tsink, PVDF, pulberv\u00e4rvimine<\/p>\n","protected":false},"author":1,"featured_media":0,"parent":9023,"menu_order":1,"comment_status":"closed","ping_status":"closed","template":"product.php","meta":{"_acf_changed":false,"ngg_post_thumbnail":0,"footnotes":""},"class_list":["post-9232","page","type-page","status-publish","hentry"],"acf":[],"aioseo_notices":[],"_links":{"self":[{"href":"https:\/\/www.toode.ee\/en\/wp-json\/wp\/v2\/pages\/9232"}],"collection":[{"href":"https:\/\/www.toode.ee\/en\/wp-json\/wp\/v2\/pages"}],"about":[{"href":"https:\/\/www.toode.ee\/en\/wp-json\/wp\/v2\/types\/page"}],"author":[{"embeddable":true,"href":"https:\/\/www.toode.ee\/en\/wp-json\/wp\/v2\/users\/1"}],"replies":[{"embeddable":true,"href":"https:\/\/www.toode.ee\/en\/wp-json\/wp\/v2\/comments?post=9232"}],"version-history":[{"count":0,"href":"https:\/\/www.toode.ee\/en\/wp-json\/wp\/v2\/pages\/9232\/revisions"}],"up":[{"embeddable":true,"href":"https:\/\/www.toode.ee\/en\/wp-json\/wp\/v2\/pages\/9023"}],"wp:attachment":[{"href":"https:\/\/www.toode.ee\/en\/wp-json\/wp\/v2\/media?parent=9232"}],"curies":[{"name":"wp","href":"https:\/\/api.w.org\/{rel}","templated":true}]}}