{"id":10076,"date":"2016-05-26T15:26:22","date_gmt":"2016-05-26T12:26:22","guid":{"rendered":"https:\/\/www.toode.ee\/fi\/?page_id=10076"},"modified":"2017-03-29T11:38:32","modified_gmt":"2017-03-29T08:38:32","slug":"tp45","status":"publish","type":"page","link":"https:\/\/www.toode.ee\/fi\/tuotteemme-ja-palvelumme\/katto-ja-peiteprofiilit\/tp45\/","title":{"rendered":"TP45\/900"},"content":{"rendered":"<p><strong>K\u00e4ytt\u00f6alue: <\/strong>katot ja sein\u00e4t<br \/>\n<strong>Hy\u00f6dyllinen leveys:<\/strong> 900mm<br \/>\n<strong>Profiilin korkeus:<\/strong> 45mm<br \/>\n<strong>Materiaalin vahvuus: <\/strong>0,45-0,70 mm<br \/>\n<strong>Pintamateriaali:<\/strong> ZN,AlZN,polyesteri,mattanova, PUR, PVDF, Printech<br \/>\n<strong>Min\/max pituus:<\/strong> 300 \/ 10000 mm<\/p>\n","protected":false},"excerpt":{"rendered":"<p>K\u00e4ytt\u00f6alue: katot ja sein\u00e4t Hy\u00f6dyllinen leveys: 900mm Profiilin korkeus: 45mm Materiaalin vahvuus: 0,45-0,70 mm Pintamateriaali: ZN,AlZN,polyesteri,mattanova, PUR, PVDF, Printech Min\/max pituus: 300 \/ 10000 mm<\/p>\n","protected":false},"author":1,"featured_media":0,"parent":10318,"menu_order":6,"comment_status":"closed","ping_status":"closed","template":"product.php","meta":{"_acf_changed":false,"ngg_post_thumbnail":0,"footnotes":""},"class_list":["post-10076","page","type-page","status-publish","hentry"],"acf":[],"aioseo_notices":[],"_links":{"self":[{"href":"https:\/\/www.toode.ee\/fi\/wp-json\/wp\/v2\/pages\/10076"}],"collection":[{"href":"https:\/\/www.toode.ee\/fi\/wp-json\/wp\/v2\/pages"}],"about":[{"href":"https:\/\/www.toode.ee\/fi\/wp-json\/wp\/v2\/types\/page"}],"author":[{"embeddable":true,"href":"https:\/\/www.toode.ee\/fi\/wp-json\/wp\/v2\/users\/1"}],"replies":[{"embeddable":true,"href":"https:\/\/www.toode.ee\/fi\/wp-json\/wp\/v2\/comments?post=10076"}],"version-history":[{"count":0,"href":"https:\/\/www.toode.ee\/fi\/wp-json\/wp\/v2\/pages\/10076\/revisions"}],"up":[{"embeddable":true,"href":"https:\/\/www.toode.ee\/fi\/wp-json\/wp\/v2\/pages\/10318"}],"wp:attachment":[{"href":"https:\/\/www.toode.ee\/fi\/wp-json\/wp\/v2\/media?parent=10076"}],"curies":[{"name":"wp","href":"https:\/\/api.w.org\/{rel}","templated":true}]}}