{"id":10079,"date":"2016-05-26T15:27:55","date_gmt":"2016-05-26T12:27:55","guid":{"rendered":"https:\/\/www.toode.ee\/fi\/?page_id=10079"},"modified":"2016-05-26T15:27:55","modified_gmt":"2016-05-26T12:27:55","slug":"tp45","status":"publish","type":"page","link":"https:\/\/www.toode.ee\/fi\/huolto-ohjeet\/asennusohjeet\/tp45\/","title":{"rendered":"TP45"},"content":{"rendered":"<h3>Tuotteiden k\u00e4sittely ja varastointi<\/h3>\n<p>Levyt lastataan kuljetusajoneuvosta rakennusty\u00f6maalle etuk\u00e4teen rakennetulle alustalle, joka sijaitsee maasta v\u00e4hint\u00e4\u00e4n 20 cm korkeudella ja koostuu v\u00e4hint\u00e4\u00e4n metrin v\u00e4lein sijoitetuista poikittaistuista. On suositeltavaa, ett\u00e4 levyj\u00e4 kuljetetaan nosturilla varustetulla ajoneuvolla. Levyt on yleens\u00e4 pakattu jo tehtaalla ja niiden nostaminen on nosturin ja alustan kanssa helppoa. Jos nosturia ei ole k\u00e4ytett\u00e4viss\u00e4, voidaan levyt purkaa kuormasta my\u00f6s yksi kerrallaan. T\u00e4ss\u00e4 kohtaan on v\u00e4ltett\u00e4v\u00e4 levyjen hiertymist\u00e4 toinen toisiaan vastaan, levyt nostetaan, niit\u00e4 ei saa vet\u00e4\u00e4! Levyjen ter\u00e4v\u00e4t leikkausreunat saattavat vaurioitaa alemman levyn viimeistelty\u00e4 pinnoitetta.<\/p>\n<p><img loading=\"lazy\" decoding=\"async\" width=\"350\" height=\"129\" alt=\"\" src=\"https:\/\/www.toode.ee\/wp-content\/uploads\/2016\/05\/tp45-1.jpg\"><br \/>\n<img loading=\"lazy\" decoding=\"async\" width=\"329\" height=\"96\" alt=\"\" src=\"https:\/\/www.toode.ee\/wp-content\/uploads\/2016\/05\/tp45-2.gif\"><\/p>\n<p><strong>Tehtaan j\u00e4rjest\u00e4m\u00e4n kuljetuksen j\u00e4lkeen on varmistettava, ett\u00e4 on toimitettu koko tilattu tuotesarja, jos ilmenee puutteita tai vaurioita, on V\u00c4LITT\u00d6M\u00c4STI otettava yhteytt\u00e4 AS Tooden myyntiedustukseen. Vastaanottajan allekirjoitus rahtikirjassa on sitova, my\u00f6hemmin toimitetut reklamaatiot saatetaan hyl\u00e4t\u00e4.<br \/>\n<\/strong><br \/>\nJokaisella asiakkaalla on oikeus kysy\u00e4 AS Tooden takuuehtoja paperiversiona.  Viallisen tuotteen k\u00e4ytt\u00f6 on kielletty! <\/p>\n<p>Ohuet ter\u00e4slevyt saattavat helposti taipua, joten niit\u00e4 on k\u00e4sitelt\u00e4v\u00e4 varoen. Levyt saattavat lis\u00e4ksi my\u00f6s veny\u00e4. Levyj\u00e4 ei saa nosta vain kahdesta p\u00e4\u00e4st\u00e4 pidellen! Levyt nostetaan kattoon k\u00e4ytt\u00e4m\u00e4ll\u00e4 siihen j\u00e4ykki\u00e4 tukitankoja ja nostamalla niit\u00e4 useammasta kohdasta. Mahdolliset naarmut tm. pinnoitevauriot poistetaan sopivilla sumutemaaleilla. Korjausmaalia ei valmisteta ainoastaan mattapolyesteri-pinnoitteeseen! Sinkittyj\u00e4 levyj\u00e4 ei saa varastoida ulkoisissa olosuhteissa ja tihe\u00e4sti pakattuina. Levyj\u00e4 on suojattava sateilta sek\u00e4 v\u00e4ltett\u00e4v\u00e4 veden ja kosteuden ker\u00e4\u00e4ntyminen levyjen v\u00e4liin.Maali- ja muovipinnoitteisia levyj\u00e4 voidaan pakkaamattomina varastoida kahden viikon ajan. Jos varastointi jatkuu pitemp\u00e4\u00e4n, on noudatettava sinkkilevyjen varastointiohjeita.<\/p>\n<h3>Asennus<\/h3>\n<p>Levyjen asentaminen aloitetaan katon oikeasta laidasta. Jos k\u00e4ytet\u00e4\u00e4n R-tyypin levy\u00e4 (niiss\u00e4 on veden pois ohjaava ura), on huomioitava, ett\u00e4 se kattaisi edellisen vesiuran. Levyt sijoitetaan r\u00e4yst\u00e4\u00e4n suhteen ristikk\u00e4in siten, ett\u00e4 niiden alareunat ulottuisivat 40 mm yli r\u00e4yst\u00e4\u00e4n reunan. Ensimm\u00e4iset kolme-nelj\u00e4 levy\u00e4 asennetaan yhdell\u00e4 ruuvilla katonharjaan, linjataan r\u00e4yst\u00e4\u00e4n mukaan ja sen j\u00e4lkeen kiinnitet\u00e4\u00e4n lopullisesti.<br \/>\nLevyjen k\u00e4sittelyss\u00e4 ei saa k\u00e4ytt\u00e4\u00e4 hankaavia leikkausv\u00e4lineit\u00e4!<\/p>\n<h3>Limitys<\/h3>\n<p>Profiloitujen levyjen sivulimitys tehd\u00e4\u00e4n puolen aallon laajuudelta. Jos katon kaltevuus on alle 8\u00b0, on teht\u00e4v\u00e4 leve\u00e4mpi limitys tai k\u00e4ytett\u00e4v\u00e4 pitkitt\u00e4islevyn tiivistett\u00e4 tai mastiksia. Levyjen p\u00e4\u00e4tylimitys on teht\u00e4v\u00e4 ruodelaudan kohdalla limityksell\u00e4: katossa 200 mm, sein\u00e4ss\u00e4 100 mm. Ruuvikiinnityksen on oltava jatkokohdassa jokaisen aallon pohjalla. <\/p>\n<h3>Kiinnitys<\/h3>\n<p>Levyjen kiinnitt\u00e4miseen puurimoitukseen k\u00e4ytet\u00e4\u00e4n tiivisteill\u00e4 varustettuja ruuveja 4,8x25mm, jotka kierret\u00e4\u00e4n profiilin aallon pohjaan. Ty\u00f6kaluna k\u00e4ytet\u00e4\u00e4n tavanomaista kytkimell\u00e4 varustettua s\u00e4hk\u00f6- tai akkuporaa. Ruuvien menekki on keskim\u00e4\u00e4rin 7 kpl neli\u00f6metri\u00e4 kohtaan. R\u00e4yst\u00e4\u00e4ss\u00e4 ja kattoharjalla kierret\u00e4\u00e4n ruuvit joka toisen aallon pohjaan, levyn keskell\u00e4 jokaiseen ruodelautaan 2-3 kohdasta. Pitkien tai korkeiden rakennusten peitelevyjen kiinnitysruuvit sijoitetaan suunnitelman mukaan. <br \/>\nSivulimitys ja lis\u00e4listat kiinnitet\u00e4\u00e4n ruuveilla tai vetoniiteill\u00e4, et\u00e4isyys enint\u00e4\u00e4n 500 mm. Varmistetaan, ett\u00e4 poistoura pysyy ehj\u00e4n\u00e4. <\/p>\n<h3>Puhdistus ja huolto<\/h3>\n<p>Levyjen k\u00e4sittelyss\u00e4 syntyneet ter\u00e4sj\u00e4\u00e4m\u00e4t poistetaan huolellisesti harjaamalla. Likaisia levyj\u00e4 voidaan puhdistaa kotitaloudessa k\u00e4ytett\u00e4vill\u00e4 puhdistusaineilla (liuottimia tai muita vahvasti vaikuttavia kemikaaleja ei saa k\u00e4ytt\u00e4\u00e4). Lue huollosta my\u00f6s edell\u00e4 yleisten neuvojen kappaleesta. <\/p>\n<p>Kattoon pudonneet lehdet ja muut roskat on poistettava kev\u00e4isin ja syksyisin. Katolta lumen poistamisen aikana on v\u00e4ltett\u00e4v\u00e4 pinnoitteen vaurioittamista. Pinnoitteen vaurioitumisen j\u00e4lkeen on k\u00e4ytett\u00e4v\u00e4 korjausmaaleja.<\/p>\n","protected":false},"excerpt":{"rendered":"<p>Tuotteiden k\u00e4sittely ja varastointi Levyt lastataan kuljetusajoneuvosta rakennusty\u00f6maalle etuk\u00e4teen rakennetulle alustalle, joka sijaitsee maasta v\u00e4hint\u00e4\u00e4n 20 cm korkeudella ja koostuu v\u00e4hint\u00e4\u00e4n metrin v\u00e4lein sijoitetuista poikittaistuista. On suositeltavaa, ett\u00e4 levyj\u00e4 kuljetetaan nosturilla varustetulla ajoneuvolla. Levyt on yleens\u00e4 pakattu jo tehtaalla ja niiden nostaminen on nosturin ja alustan kanssa helppoa. Jos nosturia ei ole k\u00e4ytett\u00e4viss\u00e4, voidaan levyt &hellip; <a href=\"https:\/\/www.toode.ee\/fi\/huolto-ohjeet\/asennusohjeet\/tp45\/\" class=\"more-link\">Jatka lukemista<span class=\"screen-reader-text\"> &#8221;TP45&#8221;<\/span><\/a><\/p>\n","protected":false},"author":1,"featured_media":0,"parent":9954,"menu_order":3,"comment_status":"closed","ping_status":"closed","template":"","meta":{"_acf_changed":false,"ngg_post_thumbnail":0,"footnotes":""},"class_list":["post-10079","page","type-page","status-publish","hentry"],"acf":[],"aioseo_notices":[],"_links":{"self":[{"href":"https:\/\/www.toode.ee\/fi\/wp-json\/wp\/v2\/pages\/10079"}],"collection":[{"href":"https:\/\/www.toode.ee\/fi\/wp-json\/wp\/v2\/pages"}],"about":[{"href":"https:\/\/www.toode.ee\/fi\/wp-json\/wp\/v2\/types\/page"}],"author":[{"embeddable":true,"href":"https:\/\/www.toode.ee\/fi\/wp-json\/wp\/v2\/users\/1"}],"replies":[{"embeddable":true,"href":"https:\/\/www.toode.ee\/fi\/wp-json\/wp\/v2\/comments?post=10079"}],"version-history":[{"count":0,"href":"https:\/\/www.toode.ee\/fi\/wp-json\/wp\/v2\/pages\/10079\/revisions"}],"up":[{"embeddable":true,"href":"https:\/\/www.toode.ee\/fi\/wp-json\/wp\/v2\/pages\/9954"}],"wp:attachment":[{"href":"https:\/\/www.toode.ee\/fi\/wp-json\/wp\/v2\/media?parent=10079"}],"curies":[{"name":"wp","href":"https:\/\/api.w.org\/{rel}","templated":true}]}}