{"id":10081,"date":"2016-05-26T15:29:48","date_gmt":"2016-05-26T12:29:48","guid":{"rendered":"https:\/\/www.toode.ee\/fi\/?page_id=10081"},"modified":"2016-05-31T15:37:37","modified_gmt":"2016-05-31T12:37:37","slug":"tiilikuvio","status":"publish","type":"page","link":"https:\/\/www.toode.ee\/fi\/huolto-ohjeet\/asennusohjeet\/tiilikuvio\/","title":{"rendered":"Tiilikuvio"},"content":{"rendered":"<h3 style=\"text-align: justify;\">Tuotteiden k\u00e4sittely ja varastointi<\/h3>\n<p style=\"text-align: justify;\">Levyt lastataan kuljetusajoneuvosta rakennusty\u00f6maalle etuk\u00e4teen rakennetulle alustalle, joka sijaitsee maasta v\u00e4hint\u00e4\u00e4n 20 cm korkeudella ja koostuu v\u00e4hint\u00e4\u00e4n metrin v\u00e4lein sijoitetuista poikittaistuista. On suositeltavaa, ett\u00e4 levyj\u00e4 kuljetetaan nosturilla varustetulla ajoneuvolla. Levyt on yleens\u00e4 pakattu jo tehtaalla ja niiden nostaminen on nosturin ja alustan kanssa helppoa. Jos nosturia ei ole k\u00e4ytett\u00e4viss\u00e4, voidaan levyt purkaa kuormasta my\u00f6s yksi kerrallaan. T\u00e4ss\u00e4 kohtaan on v\u00e4ltett\u00e4v\u00e4 levyjen hiertymist\u00e4 toinen toisiaan vastaan, levyt nostetaan, niit\u00e4 ei saa vet\u00e4\u00e4! Levyjen ter\u00e4v\u00e4t leikkausreunat saattavat vaurioitaa alemman levyn viimeistelty\u00e4 pinnoitetta.<\/p>\n<p style=\"text-align: justify;\"><img loading=\"lazy\" decoding=\"async\" class=\"size-medium wp-image-682 alignleft\" src=\"https:\/\/www.toode.ee\/wp-content\/uploads\/2016\/03\/Pikotgrammid_kivile_Kiviprofiiliristl-300x145.jpg\" alt=\"Pikotgrammid_kivile_Kiviprofiiliristl\" width=\"300\" height=\"145\" srcset=\"https:\/\/www.toode.ee\/wp-content\/uploads\/2016\/03\/Pikotgrammid_kivile_Kiviprofiiliristl-300x145.jpg 300w, https:\/\/www.toode.ee\/wp-content\/uploads\/2016\/03\/Pikotgrammid_kivile_Kiviprofiiliristl.jpg 450w\" sizes=\"(max-width: 300px) 85vw, 300px\" \/>Ohuet ter\u00e4slevyt saattavat helposti taipua, joten niit\u00e4 on k\u00e4sitelt\u00e4v\u00e4 varoen. Levyt saattavat lis\u00e4ksi my\u00f6s veny\u00e4. Levyj\u00e4 ei saa nosta vain kahdesta p\u00e4\u00e4st\u00e4 pidellen! Levyt nostetaan kattoon k\u00e4ytt\u00e4m\u00e4ll\u00e4 siihen j\u00e4ykki\u00e4 tukitankoja ja nostamalla niit\u00e4 useammasta kohdasta. Mahdolliset naarmut tm. pinnoitevauriot poistetaan sopivilla sumutemaaleilla.Sinkittyj\u00e4 levyj\u00e4 ei saa varastoida ulkoisissa olosuhteissa ja tihe\u00e4sti pakattuina. Levyj\u00e4 on suojattava sateilta sek\u00e4 v\u00e4ltett\u00e4v\u00e4 veden ja kosteuden ker\u00e4\u00e4ntyminen levyjen v\u00e4liin.Maali- ja muovipinnoitteisia levyj\u00e4 voidaan pakkaamattomina varastoida kahden viikon ajan. Jos varastointi jatkuu pitemp\u00e4\u00e4n, on noudatettava sinkkilevyjen varastointiohjeita.<\/p>\n<h3 style=\"text-align: justify;\">Aluskate<\/h3>\n<p style=\"text-align: justify;\">Trapet<img loading=\"lazy\" decoding=\"async\" class=\"alignleft\" src=\"https:\/\/www.toode.ee\/wp-content\/uploads\/2016\/05\/kiviprofiil-2.gif\" alt=\"\" width=\"200\" height=\"131\" \/>si- ja kiviprofiilien asennuksessa olisi k\u00e4ytett\u00e4v\u00e4 aluskatetta, joka est\u00e4\u00e4 kondenssiveden katon alla oleviin rakenteisiin ja suojaa rakentamisen aikana sadevedelt\u00e4. Aluskate kiinnitet\u00e4\u00e4n paarteeseen v\u00e4lilistalla. T\u00e4rke\u00e4t\u00e4 on, ett\u00e4 aluskate ei olisi kire\u00e4ll\u00e4, vaan vapaasti. Harjassa aluskate leikataan poikki.<\/p>\n<h3 style=\"text-align: justify;\">Rimoitus ja p\u00e4\u00e4tylauta<\/h3>\n<p style=\"text-align: justify;\">Ensimm\u00e4isen ruoteen on oltava poikkikuvion uran syvyyden verran (10 &#8211; 12 mm) paksumpaa. Katon p\u00e4\u00e4tylaudan yl\u00e4reunan on oltava 40 mm verran ruotelautoja korkeammalla<br \/>\n<img loading=\"lazy\" decoding=\"async\" class=\"alignleft\" src=\"https:\/\/www.toode.ee\/wp-content\/uploads\/2016\/05\/kiviprofiil-3.gif\" alt=\"\" width=\"348\" height=\"216\" \/><\/p>\n<p style=\"text-align: justify;\"><span style=\"color: #ff0000;\"><strong>HUOM! Jos k\u00e4ytet\u00e4\u00e4n tiilikuviorofiilia EXTRA, on ruoteiden v\u00e4linen et\u00e4isyys 400 mm, ei 350 mm, kuten kuvassa!<br \/>\n<\/strong><\/span><\/p>\n<h3 style=\"text-align: justify;\"><\/h3>\n<h3 style=\"text-align: justify;\">Asennus<\/h3>\n<p style=\"text-align: justify;\">Kiviprofiilin asentamiseen on katon kaltevuuden oltava v\u00e4hint\u00e4\u00e4n \u0167. Levyjen asentaminen aloitetaan katon oikeasta laidasta, aumakatossa lappeen ja harjan kosketuspisteest\u00e4. Levyn reunassa veden poistoura peitet\u00e4\u00e4n viereisell\u00e4 levyll\u00e4. Levyt sijoitetaan r\u00e4yst\u00e4\u00e4n suhteen ristikk\u00e4in siten, ett\u00e4 niiden alareunat ulottuisivat 40 mm yli r\u00e4yst\u00e4\u00e4n reunan. Ensimm\u00e4iset kolme-nelj\u00e4 levy\u00e4 asennetaan yhdell\u00e4 ruuvilla katonharjaan, linjataan r\u00e4yst\u00e4\u00e4n mukaan ja sen j\u00e4lkeen kiinnitet\u00e4\u00e4n lopullisesti.<br \/>\nLevyjen k\u00e4sittelyss\u00e4 ei saa k\u00e4ytt\u00e4\u00e4 hankaavia leikkausv\u00e4lineit\u00e4!<\/p>\n<h3 style=\"text-align: justify;\">Jatkokohdat<\/h3>\n<p style=\"text-align: justify;\">Kattolevyj\u00e4 jatketaan pituussuunnassa poikittaisurien kohdalla noin 200 mm limityksell\u00e4. Sivuliitokset tehd\u00e4\u00e4n puolen profiiliaallon limityksell\u00e4. Loivissa (kaltevuus alle 10\u00b0) katoissa k\u00e4ytet\u00e4\u00e4n tiivistemastiksia tai levyn pitkitt\u00e4issuuntaista tiivistett\u00e4<\/p>\n<h3 style=\"text-align: justify;\">Kiinnitys<\/h3>\n<p style=\"text-align: justify;\">Levyjen kiinnitt\u00e4miseen puurimoitukseen k\u00e4ytet\u00e4\u00e4n itsekierrett\u00e4vi\u00e4 ruuveja 4,8x25mm, jotka kierret\u00e4\u00e4n profiilin aallon pohjan poikkiuraa matalammalle. Ty\u00f6kaluna k\u00e4ytet\u00e4\u00e4n kytkimell\u00e4 varustettua s\u00e4hk\u00f6- tai akkuporaa. Ruuvien menekki on keskim\u00e4\u00e4rin 7 kpl neli\u00f6metri\u00e4 kohtaan. Pitkitt\u00e4isen liitoskohdan tekemisell\u00e4 kierret\u00e4\u00e4n ruuvi jokaisen aallon pohjaan ja harjassa joka toisen aallon pohjaan. Sivulimitys ja lis\u00e4listat kiinnitet\u00e4\u00e4n ruuveilla.<\/p>\n<h3 style=\"text-align: justify;\">Puhdistus ja huolto<\/h3>\n<p style=\"text-align: justify;\">Levyjen k\u00e4sittelyss\u00e4 syntyneet ter\u00e4sj\u00e4\u00e4m\u00e4t poistetaan huolellisesti harjaamalla. Likaisia levyj\u00e4 voidaan puhdistaa kotitaloudessa k\u00e4ytett\u00e4vill\u00e4 puhdistusaineilla (liuottimia tai muita vahvasti vaikuttavia kemikaaleja ei saa k\u00e4ytt\u00e4\u00e4). Kattoon pudonneet lehdet ja muut roskat on poistettava kev\u00e4isin ja syksyisin. Katolta lumen poistamisen aikana on v\u00e4ltett\u00e4v\u00e4 pinnoitteen vaurioittamista. Pinnoitteen vaurioitumisen j\u00e4lkeen on k\u00e4ytett\u00e4v\u00e4 korjausmaaleja.<\/p>\n","protected":false},"excerpt":{"rendered":"<p>Tuotteiden k\u00e4sittely ja varastointi Levyt lastataan kuljetusajoneuvosta rakennusty\u00f6maalle etuk\u00e4teen rakennetulle alustalle, joka sijaitsee maasta v\u00e4hint\u00e4\u00e4n 20 cm korkeudella ja koostuu v\u00e4hint\u00e4\u00e4n metrin v\u00e4lein sijoitetuista poikittaistuista. On suositeltavaa, ett\u00e4 levyj\u00e4 kuljetetaan nosturilla varustetulla ajoneuvolla. Levyt on yleens\u00e4 pakattu jo tehtaalla ja niiden nostaminen on nosturin ja alustan kanssa helppoa. Jos nosturia ei ole k\u00e4ytett\u00e4viss\u00e4, voidaan levyt &hellip; <a href=\"https:\/\/www.toode.ee\/fi\/huolto-ohjeet\/asennusohjeet\/tiilikuvio\/\" class=\"more-link\">Jatka lukemista<span class=\"screen-reader-text\"> &#8221;Tiilikuvio&#8221;<\/span><\/a><\/p>\n","protected":false},"author":1,"featured_media":0,"parent":9954,"menu_order":1,"comment_status":"closed","ping_status":"closed","template":"","meta":{"_acf_changed":false,"ngg_post_thumbnail":0,"footnotes":""},"class_list":["post-10081","page","type-page","status-publish","hentry"],"acf":[],"aioseo_notices":[],"_links":{"self":[{"href":"https:\/\/www.toode.ee\/fi\/wp-json\/wp\/v2\/pages\/10081"}],"collection":[{"href":"https:\/\/www.toode.ee\/fi\/wp-json\/wp\/v2\/pages"}],"about":[{"href":"https:\/\/www.toode.ee\/fi\/wp-json\/wp\/v2\/types\/page"}],"author":[{"embeddable":true,"href":"https:\/\/www.toode.ee\/fi\/wp-json\/wp\/v2\/users\/1"}],"replies":[{"embeddable":true,"href":"https:\/\/www.toode.ee\/fi\/wp-json\/wp\/v2\/comments?post=10081"}],"version-history":[{"count":0,"href":"https:\/\/www.toode.ee\/fi\/wp-json\/wp\/v2\/pages\/10081\/revisions"}],"up":[{"embeddable":true,"href":"https:\/\/www.toode.ee\/fi\/wp-json\/wp\/v2\/pages\/9954"}],"wp:attachment":[{"href":"https:\/\/www.toode.ee\/fi\/wp-json\/wp\/v2\/media?parent=10081"}],"curies":[{"name":"wp","href":"https:\/\/api.w.org\/{rel}","templated":true}]}}