{"id":10089,"date":"2016-05-26T15:37:32","date_gmt":"2016-05-26T12:37:32","guid":{"rendered":"https:\/\/www.toode.ee\/fi\/?page_id=10089"},"modified":"2016-05-26T15:37:32","modified_gmt":"2016-05-26T12:37:32","slug":"klassik","status":"publish","type":"page","link":"https:\/\/www.toode.ee\/fi\/huolto-ohjeet\/asennusohjeet\/klassik\/","title":{"rendered":"Klassik"},"content":{"rendered":"<p><strong><img loading=\"lazy\" decoding=\"async\" width=\"283\" height=\"285\" align=\"left\" src=\"https:\/\/www.toode.ee\/wp-content\/uploads\/2016\/04\/klassik-1.jpg\" style=\"margin-right: 25px;\" alt=\"\"><\/strong><strong>KLASSIK PROFIILI:<\/strong><\/p>\n<ul>\n<li>perinteinen laatuter\u00e4ksest\u00e4 valmistettu kattop\u00e4\u00e4llyste<\/li>\n<\/ul>\n<ul>\n<li>nopea asennus &#8211; liitokset liittyv\u00e4t toisiinsa tietynlaisen lukitusj\u00e4rjestelm\u00e4n avulla<\/li>\n<\/ul>\n<ul>\n<li>&nbsp;k\u00e4ytet\u00e4\u00e4n, jos katon kaltevuus on enint\u00e4\u00e4n 15 ast.<\/li>\n<\/ul>\n<ul>\n<li>voidaan k\u00e4ytt\u00e4\u00e4 my\u00f6s sein\u00e4p\u00e4\u00e4llystemateriaalina<\/li>\n<\/ul>\n<h3><strong><br \/>\nPROFIILIN POIKKILEIKKAUS<\/strong><\/h3>\n<p><img loading=\"lazy\" decoding=\"async\" width=\"410\" height=\"100\" src=\"https:\/\/www.toode.ee\/wp-content\/uploads\/2016\/05\/klassik-2.jpg\" alt=\"\"><\/p>\n<h3>&nbsp;<\/h3>\n<h3>ASENNUS<\/h3>\n<p>Klassik-profiilia k\u00e4ytet\u00e4\u00e4n katoissa, joiden kaltevuus on v\u00e4hint\u00e4\u00e4n 15 ast. Jos kaltevuus on loivempi (min. 1:9), on pitkitt\u00e4isiss\u00e4 jatkokohdissa k\u00e4ytett\u00e4v\u00e4 tiivisteit\u00e4. Rimoituksena k\u00e4ytet\u00e4\u00e4n kunnolla kalibroituja sahalautoja tai ter\u00e4sruoteita.<\/p>\n<p>Ruoteiden suurin sallittu et\u00e4isyys on 200mm<br \/>\nSuosittelemme melun vaimentamiseen k\u00e4ytett\u00e4v\u00e4n levyjen alla keskikohtaan asennettavaa melueristetiivistett\u00e4, joka asennetaan harjasta viimeist\u00e4 edelliseen ruoteeseen.<\/p>\n<p><img loading=\"lazy\" decoding=\"async\" width=\"250\" height=\"216\" src=\"https:\/\/www.toode.ee\/wp-content\/uploads\/2016\/05\/klassik-3.jpg\" alt=\"\">&nbsp;<\/p>\n<p>Soovitame kasutada helide summutamiseks plaatide alla keskkohta paigaldatavat heliisolatsioonitihendit, mis paigaldatakse harjast kuni eelviimase roovini.<\/p>\n<p><img loading=\"lazy\" decoding=\"async\" width=\"150\" height=\"208\" src=\"https:\/\/www.toode.ee\/wp-content\/uploads\/2016\/05\/klassik-4.jpg\" alt=\"\"><br \/>\n&nbsp;<br \/>\n<strong>Levyjen nostamisella v\u00e4lt\u00e4 niiden ristikk\u00e4ist\u00e4 murtamista!<\/strong><br \/>\n&nbsp;<br \/>\n<img loading=\"lazy\" decoding=\"async\" width=\"219\" height=\"213\" src=\"https:\/\/www.toode.ee\/wp-content\/uploads\/2016\/05\/klassik-5.jpg\" alt=\"\"><br \/>\n&nbsp;<br \/>\nLevyjen liitt\u00e4miseen paina k\u00e4dell\u00e4 kahden profiilin liitoskohtaan, jalalla painattaessa k\u00e4yt\u00e4 aina kumipohjaisia jalkineita!<\/p>\n<p><img loading=\"lazy\" decoding=\"async\" width=\"217\" height=\"217\" src=\"https:\/\/www.toode.ee\/wp-content\/uploads\/2016\/05\/klassik-6.jpg\" alt=\"\"><\/p>\n<p>Kiinnit\u00e4 r\u00e4yst\u00e4\u00e4n pelti (1) ruostumattomalla matalap\u00e4isell\u00e4 ruuvilla. Asenna tiiviste (2) profiilin keskelle pitkitt\u00e4issuunnalla harjasta viimeist\u00e4 edelliseen ruoteeseen. Seuraavaksi asenna profiilin levyt siten, ett\u00e4 ne ulottuisivat 50 mm yli r\u00e4yst\u00e4\u00e4n reunan. Profiilin alempi reuna kiinnit\u00e4 kahdella kattoruuvilla (jokaisen levyn alempi ja ylempi reuna kiinnitet\u00e4\u00e4n kahdella ruuvilla? jokaisen levyn kohdalla tulee siis 4 ruuvia. K\u00e4yt\u00e4 ruuvien kirist\u00e4miseen v\u00e4hint\u00e4\u00e4n 50 mm pituista p\u00e4\u00e4t\u00e4, jotta ei syntyisi vaurioita. K\u00e4yt\u00e4 levyjen reunojen kiinnitt\u00e4miseen matalap\u00e4isi\u00e4 ruostumattomia ruuveja, menekki 6 kpl\/m2. Seuraava levy lukitse tarvittaessa edellisen levyn reunaan (Kuva B). Ruuvit j\u00e4\u00e4v\u00e4t levyn alle piiloon. <\/p>\n<p><strong>Levyjen k\u00e4sittelyss\u00e4 ei saa k\u00e4ytt\u00e4\u00e4 hankaavia leikkausv\u00e4lineit\u00e4, ter\u00e4ksen j\u00e4\u00e4m\u00e4t on heti poistettava! Jos p\u00e4\u00e4llyste vaurioitui, k\u00e4yt\u00e4 ehdottomasti korjausmaaleja!<\/strong><\/p>\n<p>Harjassa tai sein\u00e4\u00e4n liittymisen kohdalla kiinnit\u00e4 levyyn reiitetty harjan tukilista, jonka teht\u00e4v\u00e4n\u00e4 on tukea harjapelti\u00e4 ja varmistaa n\u00e4in tuuletus harjan alla. Jos kaltevuus on loiva, asenna tukipellin alle tiivistenauha.<\/p>\n<h3>LIS\u00c4LISTOJEN ASENNUSOHJEET<\/h3>\n<ul>\n<li>kaikki lis\u00e4listat kiinnitet\u00e4\u00e4n SL2 listaruuveilla, ruuvien v\u00e4linen et\u00e4isyys noin 500 mm<\/li>\n<li>p\u00e4\u00e4typellin alle j\u00e4\u00e4v\u00e4n levyn reuna taivuta yl\u00f6sp\u00e4in<\/li>\n<li>jiireihin tehd\u00e4\u00e4n tihe\u00e4 laudoitus molemmin puolin 600 mm leveydelt\u00e4. Levyt kiinnitet\u00e4\u00e4n jiiripellin l\u00e4pi porap\u00e4isill\u00e4 ruuveilla.<\/li>\n<\/ul>\n<p>\n<img loading=\"lazy\" decoding=\"async\" width=\"222\" height=\"151\" src=\"https:\/\/www.toode.ee\/wp-content\/uploads\/2016\/05\/klassik-7.jpg\" alt=\"\"><\/p>\n<p>Levyjen pitkitt\u00e4isjatkosten kohdalla tehd\u00e4\u00e4n limitykset shakkilautana, minimilimitys 200 mm. Limitysten et\u00e4isyys pitkitt\u00e4issuunnassa on min. 400 mm.<\/p>\n<p>Limityskohta kiinnitet\u00e4\u00e4n porap\u00e4isill\u00e4 ruuveilla (2 kpl. levy\u00e4 kohtaan).<\/p>\n<p><img loading=\"lazy\" decoding=\"async\" width=\"218\" height=\"218\" src=\"https:\/\/www.toode.ee\/wp-content\/uploads\/2016\/05\/klassik-8.jpg\" alt=\"\"><\/p>\n","protected":false},"excerpt":{"rendered":"<p>KLASSIK PROFIILI: perinteinen laatuter\u00e4ksest\u00e4 valmistettu kattop\u00e4\u00e4llyste nopea asennus &#8211; liitokset liittyv\u00e4t toisiinsa tietynlaisen lukitusj\u00e4rjestelm\u00e4n avulla &nbsp;k\u00e4ytet\u00e4\u00e4n, jos katon kaltevuus on enint\u00e4\u00e4n 15 ast. voidaan k\u00e4ytt\u00e4\u00e4 my\u00f6s sein\u00e4p\u00e4\u00e4llystemateriaalina PROFIILIN POIKKILEIKKAUS &nbsp; ASENNUS Klassik-profiilia k\u00e4ytet\u00e4\u00e4n katoissa, joiden kaltevuus on v\u00e4hint\u00e4\u00e4n 15 ast. Jos kaltevuus on loivempi (min. 1:9), on pitkitt\u00e4isiss\u00e4 jatkokohdissa k\u00e4ytett\u00e4v\u00e4 tiivisteit\u00e4. Rimoituksena k\u00e4ytet\u00e4\u00e4n kunnolla kalibroituja &hellip; <a href=\"https:\/\/www.toode.ee\/fi\/huolto-ohjeet\/asennusohjeet\/klassik\/\" class=\"more-link\">Jatka lukemista<span class=\"screen-reader-text\"> &#8221;Klassik&#8221;<\/span><\/a><\/p>\n","protected":false},"author":1,"featured_media":0,"parent":9954,"menu_order":4,"comment_status":"closed","ping_status":"closed","template":"","meta":{"_acf_changed":false,"ngg_post_thumbnail":0,"footnotes":""},"class_list":["post-10089","page","type-page","status-publish","hentry"],"acf":[],"aioseo_notices":[],"_links":{"self":[{"href":"https:\/\/www.toode.ee\/fi\/wp-json\/wp\/v2\/pages\/10089"}],"collection":[{"href":"https:\/\/www.toode.ee\/fi\/wp-json\/wp\/v2\/pages"}],"about":[{"href":"https:\/\/www.toode.ee\/fi\/wp-json\/wp\/v2\/types\/page"}],"author":[{"embeddable":true,"href":"https:\/\/www.toode.ee\/fi\/wp-json\/wp\/v2\/users\/1"}],"replies":[{"embeddable":true,"href":"https:\/\/www.toode.ee\/fi\/wp-json\/wp\/v2\/comments?post=10089"}],"version-history":[{"count":0,"href":"https:\/\/www.toode.ee\/fi\/wp-json\/wp\/v2\/pages\/10089\/revisions"}],"up":[{"embeddable":true,"href":"https:\/\/www.toode.ee\/fi\/wp-json\/wp\/v2\/pages\/9954"}],"wp:attachment":[{"href":"https:\/\/www.toode.ee\/fi\/wp-json\/wp\/v2\/media?parent=10089"}],"curies":[{"name":"wp","href":"https:\/\/api.w.org\/{rel}","templated":true}]}}