{"id":10159,"date":"2016-05-26T15:45:43","date_gmt":"2016-05-26T12:45:43","guid":{"rendered":"https:\/\/www.toode.ee\/fi\/?page_id=10159"},"modified":"2016-11-29T13:29:59","modified_gmt":"2016-11-29T11:29:59","slug":"tikkaat","status":"publish","type":"page","link":"https:\/\/www.toode.ee\/fi\/huolto-ohjeet\/asennusohjeet\/tikkaat\/","title":{"rendered":"Tikkaat"},"content":{"rendered":"<p style=\"text-align: justify;\"><b>A. SEIN\u00c4TIKKAAT<\/b><\/p>\n<p>1.\u00a0Tikkaiden runko 3,0m \/ 1,2m \/<br \/>\n2.\u00a0Tikkaiden kaaret<br \/>\n3.\u00a0Sein\u00e4tikkaiden jalat 1,0m<br \/>\n4.\u00a0Tikkaiden hakaset<br \/>\n5.\u00a0Kaarien L ja U kiinnitykset<br \/>\n6.\u00a0R\u00e4yst\u00e4stuki<br \/>\n11.\u00a0Kattotikkaiden jalka<br \/>\n14. Harjakiinnitys<\/p>\n<p><img loading=\"lazy\" decoding=\"async\" src=\"https:\/\/www.toode.ee\/wp-content\/uploads\/2016\/05\/1-redel.jpg\" alt=\"\" width=\"250\" height=\"349\" align=\"right\" hspace=\"20\" \/><strong>1. <\/strong>Tarvittavan <strong>Tikkaiden kehyksen (1)<\/strong> pituus saadaan seuraavasti: ylempi reuna ulottuu 100 mm r\u00e4yst\u00e4\u00e4n viivan yli ja alempi on maasta enint\u00e4\u00e4n 1000-1200 mm korkeudella. Vakiokehysten tiedot on annettu alla olevassa taulukossa.<\/p>\n<p><strong>2.<\/strong> <strong>Tikkaiden sein\u00e4jalat (3)<\/strong> ovat 1000mm pituisia. Tikkaiden jalkojen oikea v\u00e4limatka sein\u00e4st\u00e4 kehykseen on r\u00e4yst\u00e4slaatikon v\u00e4limatka sein\u00e4st\u00e4 + 200mm. Tarkka leikkauspiste selvi\u00e4\u00e4 kehyksen asentamisen hetken\u00e4, joten jalkoja varten voidaan leikkaus tehd\u00e4 vasta silloin, ei etuk\u00e4teen.<\/p>\n<p><strong>3.<\/strong> Sein\u00e4jalat kiinnitet\u00e4\u00e4n tikkaiden kehyksen ymp\u00e4rille <strong>sein\u00e4tikkaiden hakasilla (4)<\/strong>. Hakaset ovat alun perin suoria kappaleita, joka taivutetaan kehyksen ymp\u00e4rille ja kiinnitet\u00e4\u00e4n pultti-mutteriliitoksella. Jos sein\u00e4jalka leikataan, on hakasiin liitt\u00e4miseen porattava jalkaan pultin ment\u00e4v\u00e4 aukko. Jalkojen v\u00e4limatka on max. 3000mm. Jalkojen kiinnitt\u00e4minen sein\u00e4\u00e4n riippuu sein\u00e4\u00e4n kiinnitt\u00e4misen mahdollisuuksista ja sein\u00e4n p\u00e4\u00e4llystemateriaalista. N\u00e4m\u00e4 tarvikkeet eiv\u00e4t sis\u00e4lly AS Tooden tarjoamaan toimitukseen.<b><\/b><\/p>\n<p><img loading=\"lazy\" decoding=\"async\" src=\"https:\/\/www.toode.ee\/wp-content\/uploads\/2016\/05\/2-redel.jpg\" alt=\"\" width=\"120\" height=\"81\" \/>\u00a0<strong>4 <\/strong>&#8211; Sein\u00e4tikkaiden hakanen<\/p>\n<p>4. Seuraavaksi kiinnitet\u00e4\u00e4n<strong> r\u00e4yst\u00e4\u00e4n tuet (6)<\/strong>, joiden tarkoituksena on est\u00e4\u00e4 tikkaiden yl\u00f6s-alas-liikkeet. R\u00e4yst\u00e4\u00e4n tuet eiv\u00e4t anna tikkaisiin niiden lopullista kantavuutta, vaan pit\u00e4v\u00e4t tikkaat kaarten asentamisen asti ylh\u00e4\u00e4ll\u00e4. Tikkaat saavat kantavuutensa <strong>kaarista (2)<\/strong>. Asennetaan<strong> tikkaiden kaaret (2)<\/strong>. Tikkaiden kaaret kiinnitet\u00e4\u00e4n <strong>U-kiinnityksell\u00e4 (5)<\/strong> kattotikkaisiin tai jos niit\u00e4 ei ole, <strong>L-kiinnityksell\u00e4 (5)<\/strong> kattop\u00e4\u00e4llysteeseen. Kattop\u00e4\u00e4llysteeseen kiinnitt\u00e4misen tarvikkeita ei ole mukana, ne riippuvat kattop\u00e4\u00e4llystemateriaalista.<\/p>\n<p style=\"text-align: justify;\"><img loading=\"lazy\" decoding=\"async\" src=\"https:\/\/www.toode.ee\/wp-content\/uploads\/2016\/05\/3-redel.jpg\" alt=\"\" width=\"134\" height=\"79\" \/><\/p>\n<hr \/>\n<p style=\"text-align: justify;\"><strong>B. KATTOTIKKAAT<br \/>\n<\/strong><br \/>\n<strong>1.<\/strong> <strong>Kattotikkaiden kehyksen (1<\/strong>) oikea pituus saadaan seuraavasti: mitataan harjan ja r\u00e4yst\u00e4\u00e4n v\u00e4limatka, miinus 400mm. Sen j\u00e4lkeen valitaan sopivin vakiokehys. Vakiokehysten mitat on esitetty alla olevassa taulukossa.<\/p>\n<p><strong>2.<\/strong> Seuraavaksi sijoitetaan tikkaiden kehyksen <strong>katon jalat (11<\/strong>). Kattojalka on alun perin suora kappale, joka taivutetaan kehyksen ymp\u00e4rille ja kiinnitet\u00e4\u00e4n pultti-mutteriliitoksella. Tikkaat kiinnitet\u00e4\u00e4n kattoon kattop\u00e4\u00e4llysteen l\u00e4pi kiinnitetyill\u00e4 ruuveilla. Ruuvit eiv\u00e4t kuulu toimitukseen, niiden tyyppi ja mitat riippuvat k\u00e4ytett\u00e4v\u00e4st\u00e4 kattokatteesta ja rimoituksesta. Kattojalat asennetaan enint\u00e4\u00e4n 2000mm v\u00e4limatkalla ja ruoteen kohdalle!<\/p>\n<p><img loading=\"lazy\" decoding=\"async\" src=\"https:\/\/www.toode.ee\/wp-content\/uploads\/2016\/04\/4-redel.jpg\" alt=\"\" width=\"100\" height=\"156\" \/>\u00a0\u00a0<strong>11 &#8211; Kattotikkaiden jalka<\/strong><br \/>\n<strong><br \/>\n3.<\/strong> Harjalta kiinnitet\u00e4\u00e4n tikkaat erikoisvalmisteisella <strong>harjakiinnityksell\u00e4 (14)<\/strong>. Harjakiinnitys kiinnitet\u00e4\u00e4n tikkaiden molemmin puolin pultti-mutteri-liitoksella (sis\u00e4ltyy toimitukseen) ja harjalistan alla rimoitukseen (n\u00e4it\u00e4 ruuveja ei ole mukana, riippuvat rimoituksesta).<\/p>\n<p><img loading=\"lazy\" decoding=\"async\" src=\"https:\/\/www.toode.ee\/wp-content\/uploads\/2016\/04\/5-redel.jpg\" alt=\"\" width=\"100\" height=\"52\" \/><strong>\u00a014 &#8211; Harjakiinnitys<\/strong><\/p>\n<p><strong>4.\u00a0<\/strong>Tikkaat ovat saatavissa kaikissa RR v\u00e4rikartan v\u00e4ris\u00e4vyiss\u00e4.<\/p>\n<hr \/>\n<h3 style=\"text-align: justify;\">HUOLTO<\/h3>\n<div style=\"text-align: justify;\">Toode AS\u00a0 tuotteet ovat pitk\u00e4ik\u00e4isi\u00e4 ja turvallisia k\u00e4ytt\u00e4\u00e4, mink\u00e4 Toode AS \u2013in\u00a0 jatkuva laadunvalvonta ja kehitysty\u00f6, sek\u00e4 tuotteiden ohjeen mukainen asentaminen takaavat. Tuotteiden turvallisen k\u00e4yt\u00f6n ja pitk\u00e4ik\u00e4isyyden varmistamiseksi on kiinteist\u00f6n omistajan teht\u00e4v\u00e4 vuosittaiset tarkastus- ja huoltotoimenpiteet sek\u00e4 varmistettava, ett\u00e4 m\u00e4\u00e4r\u00e4ysten mukaista lumikuormaa ei ylitet\u00e4. Kiinteist\u00f6n omistajan tulee tarkistuttaa luokan 2 mukaan asennetut kattoturvatuotteet ja henkil\u00f6suojaimet vuosittain.<\/div>\n<p style=\"text-align: justify;\"><strong>Vuosittaiset tarkistus ja huoltokohteet:<\/strong><br \/>\n\u2022 Tarkistettava liitosten ja kiinnityskohtien pit\u00e4vyys.<br \/>\n\u2022 Tarkistettava kiinnitykset kattoon.<br \/>\n\u2022 Huolehdittava liiallisen lumikuorman puhdistamisesta rakenteiden ja kiinnityskohtien<br \/>\nrasituksen minimoimiseksi (tarpeen mukaan, useitakin kertoja<br \/>\ntalvessa).<br \/>\n\u2022 Tarvittaessa puhdista kattosillat lumesta ja j\u00e4\u00e4st\u00e4.<br \/>\n\u2022 Tuotteiden pintojen maalauksen ja sinkityksen tarkistus ja tarvittaessa<br \/>\npaikallisten vikojen korjaus ja paikkamaalaus.<br \/>\n\u2022 Lis\u00e4ksi vaurioituneet tai vialliset osat tulee uusia tai korjata mahdollisimman<br \/>\npikaisesti.<\/p>\n<hr \/>\n<p style=\"text-align: justify;\"><strong>T\u00e4m\u00e4n tuotteen on asentanut:\u00a0\u00a0\u00a0\u00a0\u00a0\u00a0\u00a0\u00a0\u00a0\u00a0\u00a0\u00a0\u00a0\u00a0\u00a0\u00a0 \u00a0 \u00a0 \u00a0 \u00a0 \u00a0 \u00a0 \u00a0 \u00a0\u00a0 \u00a0\u00a0\u00a0\u00a0\u00a0\u00a0 Yritys\u00a0\u00a0\u00a0\u00a0\u00a0\u00a0\u00a0\u00a0\u00a0\u00a0\u00a0\u00a0\u00a0\u00a0\u00a0\u00a0\u00a0\u00a0\u00a0\u00a0\u00a0\u00a0\u00a0\u00a0\u00a0\u00a0\u00a0\u00a0\u00a0\u00a0\u00a0\u00a0\u00a0\u00a0\u00a0\u00a0\u00a0\u00a0\u00a0\u00a0\u00a0\u00a0\u00a0\u00a0\u00a0\u00a0 Asentaja<\/strong><\/p>\n<p>\u25ba\u00a0 Luokan 1 mukaan:<\/p>\n<p>\u25ba\u00a0 Luokan 2 mukaan:<\/p>\n<p><img loading=\"lazy\" decoding=\"async\" src=\"https:\/\/www.toode.ee\/wp-content\/uploads\/2016\/04\/3e4de82.bmp\" alt=\"\" width=\"96\" height=\"60\" align=\"right\" \/><\/p>\n","protected":false},"excerpt":{"rendered":"<p>A. SEIN\u00c4TIKKAAT 1.\u00a0Tikkaiden runko 3,0m \/ 1,2m \/ 2.\u00a0Tikkaiden kaaret 3.\u00a0Sein\u00e4tikkaiden jalat 1,0m 4.\u00a0Tikkaiden hakaset 5.\u00a0Kaarien L ja U kiinnitykset 6.\u00a0R\u00e4yst\u00e4stuki 11.\u00a0Kattotikkaiden jalka 14. Harjakiinnitys 1. Tarvittavan Tikkaiden kehyksen (1) pituus saadaan seuraavasti: ylempi reuna ulottuu 100 mm r\u00e4yst\u00e4\u00e4n viivan yli ja alempi on maasta enint\u00e4\u00e4n 1000-1200 mm korkeudella. Vakiokehysten tiedot on annettu alla olevassa &hellip; <a href=\"https:\/\/www.toode.ee\/fi\/huolto-ohjeet\/asennusohjeet\/tikkaat\/\" class=\"more-link\">Jatka lukemista<span class=\"screen-reader-text\"> &#8221;Tikkaat&#8221;<\/span><\/a><\/p>\n","protected":false},"author":1,"featured_media":0,"parent":9954,"menu_order":8,"comment_status":"closed","ping_status":"closed","template":"","meta":{"_acf_changed":false,"ngg_post_thumbnail":0,"footnotes":""},"class_list":["post-10159","page","type-page","status-publish","hentry"],"acf":[],"aioseo_notices":[],"_links":{"self":[{"href":"https:\/\/www.toode.ee\/fi\/wp-json\/wp\/v2\/pages\/10159"}],"collection":[{"href":"https:\/\/www.toode.ee\/fi\/wp-json\/wp\/v2\/pages"}],"about":[{"href":"https:\/\/www.toode.ee\/fi\/wp-json\/wp\/v2\/types\/page"}],"author":[{"embeddable":true,"href":"https:\/\/www.toode.ee\/fi\/wp-json\/wp\/v2\/users\/1"}],"replies":[{"embeddable":true,"href":"https:\/\/www.toode.ee\/fi\/wp-json\/wp\/v2\/comments?post=10159"}],"version-history":[{"count":0,"href":"https:\/\/www.toode.ee\/fi\/wp-json\/wp\/v2\/pages\/10159\/revisions"}],"up":[{"embeddable":true,"href":"https:\/\/www.toode.ee\/fi\/wp-json\/wp\/v2\/pages\/9954"}],"wp:attachment":[{"href":"https:\/\/www.toode.ee\/fi\/wp-json\/wp\/v2\/media?parent=10159"}],"curies":[{"name":"wp","href":"https:\/\/api.w.org\/{rel}","templated":true}]}}