{"id":10167,"date":"2016-05-26T15:49:16","date_gmt":"2016-05-26T12:49:16","guid":{"rendered":"https:\/\/www.toode.ee\/fi\/?page_id=10167"},"modified":"2016-05-30T19:54:48","modified_gmt":"2016-05-30T16:54:48","slug":"kattosillat","status":"publish","type":"page","link":"https:\/\/www.toode.ee\/fi\/huolto-ohjeet\/asennusohjeet\/kattosillat\/","title":{"rendered":"Kattosillat"},"content":{"rendered":"<p style=\"text-align: justify;\">Kattosiltoja asennetaan kattop\u00e4\u00e4llysteeseen helpottamaan katolla liikkumista, esimerkiksi p\u00e4\u00e4sy\u00e4 kattoluukusta savupiipun tai antennin luokse. Kattosilta tekee katolla liikkumisen turvallisemmaksi. Kattosillat, niihin liittyv\u00e4t osat ja kannakkeet t\u00e4ytt\u00e4v\u00e4t standardin EN 516 vaatimukset, ja ne ovat l\u00e4p\u00e4isseet vaadittavat staattiset ja dynaamiset testit. Kattopellin paksuus on testattaessa 0,5 mm, ja asennettaessa on noudatettu asennusohjeita. Kattosillan leveys on 350 mm. Standardissa EN 516 m\u00e4\u00e4ritell\u00e4\u00e4n kattosilloille kaksi asennustapaa: luokka 1 ja 2. Henkil\u00f6kohtaisia turvavarusteita saa k\u00e4ytt\u00e4\u00e4 ainoastaan luokan 2 mukaan asennetuissa kattosilloissa.<\/p>\n<p><img loading=\"lazy\" decoding=\"async\" src=\"https:\/\/www.toode.ee\/wp-content\/uploads\/2016\/03\/katusesildade-osad.jpg\" alt=\"\" width=\"388\" height=\"457\" \/>\n<\/p>\n<p style=\"text-align: justify;\"><strong>1. <\/strong>Kattoon kiinnitet\u00e4\u00e4n kattop\u00e4\u00e4llysteprofiiliin sopiva kattosiltakiinnike (tiilikuviopeltikattoon 111;121, trapetsiprofiilikattoon, konesaumakattoon ja Classic-profiiliin 101;131). Kiinnityspaikka valitaan kattoruoteen kohdalle. Kannakkeiden asennusv\u00e4li on enint\u00e4\u00e4n 1000 mm. Ensimm\u00e4iseen siltaan asennetaan kolme kannaketta ja jokaiseen seuraavaan siltaan kaksi. Standardin EN 516 luokan 2 vaatimuksia vastaavassa asennuksessa trapetsiprofiiliin (TP20) ja tiilikattoprofiiliin kiinnitetyn kattosillan p\u00e4iss\u00e4 olevat kannakkeet tulee kiinnitt\u00e4\u00e4 kahdella 8 x 100 mm:n ruuvilla kattotuoliin ja keskimm\u00e4iset kattosiltakiinnikkeet kolmella 5 x 40 mm:n ruuvilla ruoteeseen. Konesaumakattoon ja Classic-kattoon k\u00e4ytet\u00e4\u00e4n vastarautaa (211;201). Konesaumakatto rivit kiinnitet\u00e4\u00e4n peltiklemmareilla 25 cm:n v\u00e4lein ja yhden metrin leveydelt\u00e4 sillan alla olevaan pintaan.<\/p>\n<p style=\"text-align: justify;\"><strong>2.<\/strong> Kattosilta (510) jatkettaessa sillan reunimmaiset poikkipuolat asetetaan p\u00e4\u00e4llekk\u00e4in ja liitos kiristet\u00e4\u00e4n tiukasti yhteen pohjasta kummaltakin reunalta kahdella 8 x 16 mm:n ruuvilla ja mutterilla.<\/p>\n<p style=\"text-align: justify;\"><strong>3.<\/strong> Turvak\u00f6ysi voidaan kiinnitt\u00e4\u00e4 sillassa k\u00f6ysikiinnikkeeseen tai vaakakiskossa liikkuvaan vaakavaunuun. Yhteen k\u00f6ysikiinnikkeeseen saa kiinnitt\u00e4yty\u00e4 vain yksi k\u00e4ytt\u00e4j\u00e4 kerrallaan, jonka kokonaismassa saa olla enint\u00e4\u00e4n 150 kg. Turvak\u00f6yden kiinnityspisteiden et\u00e4isyyden toisistaan tulee olla v\u00e4hint\u00e4\u00e4n nelj\u00e4 metri\u00e4. Turvak\u00f6ytt\u00e4 saa k\u00e4ytt\u00e4\u00e4 ainoastaan kattosillan puoleisella lappeella r\u00e4yst\u00e4\u00e4n suuntaan.<\/p>\n<p style=\"text-align: justify;\"><strong>4.<\/strong> Kattosiltakiinnikkeeseen kiinnitet\u00e4\u00e4n 8 x 25 mm:n pulteilla ja muttereilla kaltevuuden s\u00e4\u00e4t\u00f6levy (301). S\u00e4\u00e4t\u00f6levy on rei\u2019itetty, joten sill\u00e4 saadaan s\u00e4\u00e4detty\u00e4 kattosiltalevy (510) vaakatasoon.<\/p>\n<p style=\"text-align: justify;\"><strong>5.<\/strong> Kattosiltalevy (510) kiinnitet\u00e4\u00e4n kaltevuuden s\u00e4\u00e4t\u00f6levyyn (301) pultti-mutteriliitoksella: jokaista s\u00e4\u00e4t\u00f6levy\u00e4 kohden on kaksi sarjaa pultteja ja muttereita. Pultit ja mutterit sis\u00e4ltyv\u00e4t toimitukseen.<\/p>\n<p style=\"text-align: justify;\"><strong>6.<\/strong> Konesaumakatto- ja Classic-profiilikaton kattosiltatoimitukseen sis\u00e4ltyy my\u00f6s vastarauta (211;201). EN 516 luokan 2 vaatimusten mukaisessa asennuksessa 8&#215;25 mm:n pultit kiristet\u00e4\u00e4n konesaumakatossa 33 Nm:n ja Classic-katossa 50 Nm:n voimalla. Kyseisiss\u00e4 kattop\u00e4\u00e4llysteiss\u00e4 kannatinta ei kiinnitet\u00e4 kattop\u00e4\u00e4llysteen l\u00e4pi kattoruoteeseen vaan nelj\u00e4ll\u00e4 pultilla ja mutterilla pystysaumaan.<\/p>\n<p class=\"MsoNormal\" style=\"text-align: justify;\"><img loading=\"lazy\" decoding=\"async\" src=\"https:\/\/www.toode.ee\/wp-content\/uploads\/2016\/05\/vasturauad.jpg\" alt=\"\" width=\"700\" height=\"203\" \/><\/p>\n<hr \/>\n<p style=\"text-align: justify;\">\n<p><strong>HUOLTO:<\/strong><img loading=\"lazy\" decoding=\"async\" src=\"https:\/\/www.toode.ee\/wp-content\/uploads\/2016\/05\/ce-silladFI.jpg\" alt=\"\" width=\"166\" height=\"237\" align=\"right\" hspace=\"10\" \/><br \/>\nToode AS\u00a0 tuotteet ovat pitk\u00e4ik\u00e4isi\u00e4 ja turvallisia k\u00e4ytt\u00e4\u00e4, mink\u00e4 Toode AS \u2013in\u00a0 jatkuva laadunvalvonta ja kehitysty\u00f6, sek\u00e4 tuotteiden ohjeen mukainen asentaminen takaavat. Tuotteiden turvallisen k\u00e4yt\u00f6n ja pitk\u00e4ik\u00e4isyyden varmistamiseksi on kiinteist\u00f6n omistajan teht\u00e4v\u00e4 vuosittaiset tarkastus- ja huoltotoimenpiteet sek\u00e4 varmistettava, ett\u00e4 m\u00e4\u00e4r\u00e4ysten mukaista lumikuormaa ei ylitet\u00e4. Kiinteist\u00f6n omistajan tulee tarkistuttaa luokan 2 mukaan asennetut kattoturvatuotteet ja henkil\u00f6suojaimet vuosittain.<\/p>\n<p><strong>Vuosittaiset tarkistus ja huoltokohteet:<\/strong><br \/>\n\u2022 Tarkistettava liitosten ja kiinnityskohtien pit\u00e4vyys.<br \/>\n\u2022 Tarkistettava kiinnitykset kattoon.<br \/>\n\u2022 Huolehdittava liiallisen lumikuorman puhdistamisesta rakenteiden ja kiinnityskohtien<br \/>\nrasituksen minimoimiseksi (tarpeen mukaan, useitakin kertoja<br \/>\ntalvessa).<br \/>\n\u2022 Tarvittaessa puhdista kattosillat lumesta ja j\u00e4\u00e4st\u00e4.<br \/>\n\u2022 Tuotteiden pintojen maalauksen ja sinkityksen tarkistus ja tarvittaessa<br \/>\npaikallisten vikojen korjaus ja paikkamaalaus.<br \/>\n\u2022 Lis\u00e4ksi vaurioituneet tai vialliset osat tulee uusia tai korjata mahdollisimman<br \/>\npikaisesti.<\/p>\n<hr \/>\n<p style=\"text-align: justify;\"><strong><br \/>\nT\u00e4m\u00e4n tuotteen on asentanut:\u00a0\u00a0\u00a0\u00a0\u00a0\u00a0\u00a0\u00a0\u00a0\u00a0\u00a0\u00a0\u00a0\u00a0\u00a0\u00a0 \u00a0 \u00a0 \u00a0 \u00a0 \u00a0 \u00a0 \u00a0 \u00a0\u00a0 \u00a0\u00a0\u00a0\u00a0\u00a0\u00a0 Yritys\u00a0\u00a0\u00a0\u00a0\u00a0\u00a0\u00a0\u00a0\u00a0\u00a0\u00a0\u00a0\u00a0\u00a0\u00a0\u00a0\u00a0\u00a0\u00a0\u00a0\u00a0\u00a0\u00a0\u00a0\u00a0\u00a0\u00a0\u00a0\u00a0\u00a0\u00a0\u00a0\u00a0\u00a0\u00a0\u00a0\u00a0\u00a0\u00a0\u00a0\u00a0\u00a0\u00a0\u00a0\u00a0\u00a0 Asentaja<\/strong><\/p>\n<p>\u25ba\u00a0 Luokan 1 mukaan:<\/p>\n<p>\u25ba\u00a0 Luokan 2 mukaan:<\/p>\n<h1 style=\"text-align: justify;\"><img loading=\"lazy\" decoding=\"async\" src=\"https:\/\/www.toode.ee\/wp-content\/uploads\/2016\/04\/3e4de82.bmp\" alt=\"\" width=\"96\" height=\"60\" align=\"right\" \/><\/h1>\n","protected":false},"excerpt":{"rendered":"<p>Kattosiltoja asennetaan kattop\u00e4\u00e4llysteeseen helpottamaan katolla liikkumista, esimerkiksi p\u00e4\u00e4sy\u00e4 kattoluukusta savupiipun tai antennin luokse. Kattosilta tekee katolla liikkumisen turvallisemmaksi. Kattosillat, niihin liittyv\u00e4t osat ja kannakkeet t\u00e4ytt\u00e4v\u00e4t standardin EN 516 vaatimukset, ja ne ovat l\u00e4p\u00e4isseet vaadittavat staattiset ja dynaamiset testit. Kattopellin paksuus on testattaessa 0,5 mm, ja asennettaessa on noudatettu asennusohjeita. Kattosillan leveys on 350 mm. Standardissa &hellip; <a href=\"https:\/\/www.toode.ee\/fi\/huolto-ohjeet\/asennusohjeet\/kattosillat\/\" class=\"more-link\">Jatka lukemista<span class=\"screen-reader-text\"> &#8221;Kattosillat&#8221;<\/span><\/a><\/p>\n","protected":false},"author":1,"featured_media":0,"parent":9954,"menu_order":9,"comment_status":"closed","ping_status":"closed","template":"","meta":{"_acf_changed":false,"ngg_post_thumbnail":0,"footnotes":""},"class_list":["post-10167","page","type-page","status-publish","hentry"],"acf":[],"aioseo_notices":[],"_links":{"self":[{"href":"https:\/\/www.toode.ee\/fi\/wp-json\/wp\/v2\/pages\/10167"}],"collection":[{"href":"https:\/\/www.toode.ee\/fi\/wp-json\/wp\/v2\/pages"}],"about":[{"href":"https:\/\/www.toode.ee\/fi\/wp-json\/wp\/v2\/types\/page"}],"author":[{"embeddable":true,"href":"https:\/\/www.toode.ee\/fi\/wp-json\/wp\/v2\/users\/1"}],"replies":[{"embeddable":true,"href":"https:\/\/www.toode.ee\/fi\/wp-json\/wp\/v2\/comments?post=10167"}],"version-history":[{"count":0,"href":"https:\/\/www.toode.ee\/fi\/wp-json\/wp\/v2\/pages\/10167\/revisions"}],"up":[{"embeddable":true,"href":"https:\/\/www.toode.ee\/fi\/wp-json\/wp\/v2\/pages\/9954"}],"wp:attachment":[{"href":"https:\/\/www.toode.ee\/fi\/wp-json\/wp\/v2\/media?parent=10167"}],"curies":[{"name":"wp","href":"https:\/\/api.w.org\/{rel}","templated":true}]}}