{"id":10234,"date":"2016-05-26T17:16:34","date_gmt":"2016-05-26T14:16:34","guid":{"rendered":"https:\/\/www.toode.ee\/fi\/?page_id=10234"},"modified":"2016-06-07T16:36:47","modified_gmt":"2016-06-07T13:36:47","slug":"takuuehdot","status":"publish","type":"page","link":"https:\/\/www.toode.ee\/fi\/huolto-ohjeet\/takuuehdot\/","title":{"rendered":"Takuuehdot"},"content":{"rendered":"<p style=\"text-align: justify;\">Raaka-ainevalmistajat my\u00f6nt\u00e4v\u00e4t takuun seuraaville profiileille ja pinnoitteille:<\/p>\n<p style=\"text-align: justify;\">&#8211; Tiiliprofiili, Tiiliprofiili\u00a0Extra, TP15, TP20, TP45, Klassik, Saumakatto (j\u00e4ljemp\u00e4n\u00e4:\u00a0katto- ja sein\u00e4profiilit)<br \/>\n&#8211; Katto- ja sein\u00e4profiilit polyesteri- (PE), PUR-, PURMATT-, PVDF-, PVC- ja MattNova -pinnoitteisista ter\u00e4sohutlevyist\u00e4.<\/p>\n<p style=\"text-align: justify;\"><strong>K\u00c4SITTEET<\/strong><br \/>\nPinnoitetakuu on takuu, joka kattaa pinnoitteen irtoamisen tuotteen pinnalta, v\u00e4rin ep\u00e4tasaisen muuttumisen ja muut pinnoitteessa tapahtuvat muutokset.<br \/>\nTekninen takuu on takuu, joka kattaa ter\u00e4slevyn puhkiruostumiseen liittyv\u00e4t seikat. Ei koske tuotteiden ja raaka-aineen leikkuus\u00e4rmi\u00e4.<\/p>\n<p style=\"text-align: justify;\"><strong>TAKUUAJAT:<img loading=\"lazy\" decoding=\"async\" class=\"alignright size-medium wp-image-9305\" src=\"https:\/\/www.toode.ee\/wp-content\/uploads\/2016\/03\/garantii3050-300x187.jpg\" alt=\"garantii3050\" width=\"300\" height=\"187\" srcset=\"https:\/\/www.toode.ee\/wp-content\/uploads\/2016\/03\/garantii3050-300x187.jpg 300w, https:\/\/www.toode.ee\/wp-content\/uploads\/2016\/03\/garantii3050.jpg 454w\" sizes=\"(max-width: 300px) 85vw, 300px\" \/><\/strong><br \/>\nPUR-, PURMATT-\u00a0pinnoitteen takuu 20 vuotta, tekninen takuu 50 vuotta.<br \/>\nMattNova-\u00a0pinnoitteen takuu 20 vuotta, tekninen takuu 50 vuotta.<br \/>\nPolyesteri- (PE) ja Printech-\u00a0pinnoitteen takuu 10 vuotta, tekninen takuu 30 vuotta.<br \/>\nPVDF- pinnoitteen takuu 10 vuotta, tekninen takuu 50 vuotta.<br \/>\nPVC-\u00a0pinnoitteen takuu 10 vuotta, tekninen takuu 50 vuotta.<br \/>\nSinkityille ja AL-Zn -pinnoitteisille tuotteille valmistajat eiv\u00e4t my\u00f6nn\u00e4 pinnoitetakuuta, tekninen takuu on 30 vuotta.<\/p>\n<p style=\"text-align: justify;\"><a href=\"https:\/\/www.toode.ee\/fi\/pinnoitteita-ja-varikartta\/pinnoitet\/\">Tarkempia tietoja pinnoitteen ominaisuuksista ja teknisist\u00e4 arvoista<\/a><\/p>\n<p style=\"text-align: justify;\"><strong>YLEIST\u00c4<\/strong><br \/>\nTakuu kattaa maalin pysyvyyden, maalin irtoamisen tuotteen pinnalta ja tuotteen sek\u00e4 sovelluksen metallin hapettumisesta johtuvan rei&#8217;ityksen. Takuu koskee maalikartan mukaisilla vakios\u00e4vyill\u00e4 k\u00e4siteltyj\u00e4 tuotteita. N\u00e4iden ehtojen mukaisesti raaka-aineen valmistaja takaa, ettei takuuaikana pinnoite hilseile, s\u00e4r\u00f6ile eik\u00e4 hajoa muulla tavalla, ettei v\u00e4riss\u00e4 tapahdu merkitt\u00e4vi\u00e4 tai ep\u00e4tasaisia muutoksia, ettei ohutlevyss\u00e4 esiinny vuodon seurauksena muodostuvaa hapettumisesta johtuvaa l\u00e4pimenev\u00e4\u00e4 korroosiota. Takuuaika lasketaan alkaen tuotteen toimitusp\u00e4iv\u00e4st\u00e4 rakennusty\u00f6maalle tai 18 kuukauden kuluttua valmistusp\u00e4iv\u00e4st\u00e4 riippuen siit\u00e4, mik\u00e4 niist\u00e4 saapuu ensin. Takuun voimassaoloehdot:<br \/>\n&#8211; tuote on ostettu AS\u00a0Toodelta ja tuotteen valmistaminen AS Tooden toimesta on todistettavissa (tarjouksen, tilauksen, l\u00e4hetyslistan tai laskun numeron perusteella)<br \/>\n&#8211; tuote on otettu k\u00e4ytt\u00f6\u00f6n puolen vuoden kuluessa ostop\u00e4iv\u00e4st\u00e4<br \/>\n&#8211; tuote on asennettu AS\u00a0Tooden\u00a0<a href=\"https:\/\/www.toode.ee\/fi\/huolto-ohjeet\/asennusohjeet\/\">asennusohjeiden<\/a> mukaisesti<br \/>\n&#8211; on noudatettu AS\u00a0Tooden s\u00e4\u00e4nn\u00f6llisi\u00e4\u00a0<a href=\"https:\/\/www.toode.ee\/fi\/huolto-ohjeet\/\"><u>huoltosuosituksia<\/u><\/a>.<\/p>\n<p style=\"text-align: justify;\"><strong>TAKUUS\u00c4\u00c4NN\u00d6KSET<img loading=\"lazy\" decoding=\"async\" class=\"alignright size-medium wp-image-7888\" src=\"https:\/\/www.toode.ee\/wp-content\/uploads\/2016\/03\/phoca_thumb_l_p4063901_m-300x300.jpg\" alt=\"phoca_thumb_l_p4063901_m\" width=\"300\" height=\"300\" srcset=\"https:\/\/www.toode.ee\/wp-content\/uploads\/2016\/03\/phoca_thumb_l_p4063901_m-300x300.jpg 300w, https:\/\/www.toode.ee\/wp-content\/uploads\/2016\/03\/phoca_thumb_l_p4063901_m-150x150.jpg 150w, https:\/\/www.toode.ee\/wp-content\/uploads\/2016\/03\/phoca_thumb_l_p4063901_m.jpg 768w\" sizes=\"(max-width: 300px) 85vw, 300px\" \/><\/strong><br \/>\nTakuun soveltumiseksi tulee maalipinnoitteen vaurion olla yli 5 % katon tai sein\u00e4n pinnasta. Takuu ei kata takasivun suojalakkakerrosta, suojalakkakerroksella pinnoitettuun takasivuun hapettumisesta muodostuvia reiki\u00e4 eik\u00e4 viimeistelymaalilla k\u00e4siteltyj\u00e4 pintoja. Reunan korroosio pinnoittamattomilla leikkauspinnoilla on luonnollinen prosessi, joka esiintyy s\u00e4\u00e4lle alttiilla kuumagalvanoiduilla ter\u00e4spinnoilla, ja joka ei yleens\u00e4 voi olla vaatteen perusteena. Takuu ei koske tuotetta, jota on k\u00e4ytetty erityisen ankarissa ja korroosioherkiss\u00e4 ilmasto-olosuhteissa, tai kohteissa, joissa levy on jatkuvassa kosketuksessa veteen, tai pintaan saattavat vaikuttaa sy\u00f6vytt\u00e4v\u00e4t kemikaalit, sy\u00f6vytt\u00e4v\u00e4t h\u00f6yryt, lauhde, tuhka, sementtip\u00f6ly, tai elinten lanta.<\/p>\n<p><strong>A. YLEISET RAJOITUKSET<\/strong><br \/>\nTakuu ei ole voimassa seuraavissa tapauksissa:<br \/>\n&#8211; katon tai muun pinnan kaltevuus on alle 1:16 (3,6\u00b0) eik\u00e4 vesi p\u00e4\u00e4see vapaasti virtaamaan pois kaikilta pinnoilta<br \/>\n&#8211; levyss\u00e4 tai sen pinnoitekerroksessa on kemiallisia tai mekaanisia vikoja<br \/>\n&#8211; tuotteita on leikattu kulmahiomakoneella<br \/>\n&#8211; pinnoite on ollut kosketuksessa hiomakoneen k\u00e4yt\u00f6st\u00e4 syntyviin kipin\u00f6ihin<br \/>\n&#8211; tuotteen pintaan on j\u00e4\u00e4nyt k\u00e4sittelynj\u00e4lkeisi\u00e4 metalliosia (leikkausj\u00e4tteit\u00e4 yms.)<br \/>\n&#8211; urakoitsija tai omistaja ei ole korjannut viimeistelymaalik\u00e4sittelyst\u00e4 syntyneit\u00e4 vikoja, jotka aiheuttavat maalipinnoitteen heikkenemist\u00e4<br \/>\n&#8211; lopputuotteessa on vaurioita, jotka muodostuivat valmistajan tai asentajan k\u00e4sittelyn seurauksena<br \/>\n&#8211; levyj\u00e4 ei ole s\u00e4ilytetty kuivissa olosuhteissa tai niit\u00e4 on k\u00e4ytetty tai varastoitu yhdess\u00e4 sy\u00f6pyvien aineiden kanssa tai niiden l\u00e4heisyydess\u00e4<br \/>\n&#8211; levyt ovat olleet kosketuksissa kupariin tai kupariputkissa olleisiin nesteisiin<br \/>\n&#8211; pintaan ker\u00e4\u00e4ntynytt\u00e4 likaa ja roskia ei ole poistettu sek\u00e4 sateilta suojattuja alueita ei ole puhdistettu v\u00e4hint\u00e4\u00e4n kerran vuodessa<br \/>\n&#8211; vuosittaista tarkistusta ei ole toteutettu eik\u00e4 huoltotoimenpiteit\u00e4 ole dokumentoitu<br \/>\n&#8211;\u00a0kosketusta tuoreen betoniin tai kipsiin, m\u00e4rk\u00e4\u00e4n puuhun tai maaper\u00e4\u00e4n ei ole estetty<br \/>\n&#8211; valmistajalle ei ole toimitettu kirjallista reklamaatiota kuuden kuukauden kuluessa vian havaitsemisp\u00e4iv\u00e4st\u00e4 tai p\u00e4iv\u00e4st\u00e4, jolloin vika olisi pit\u00e4nyt havaita<br \/>\n&#8211; takuu ei kata vikoja, jotka ovat aiheutuneet kuljetuksesta, varastoinnista, k\u00e4sittelyst\u00e4 ty\u00f6maalla tai asennuksesta<br \/>\n&#8211; takuu ei kata vikoja, jotka ovat aiheutuneet kemiallisista reaktioista tuotteen ja jonkin muusta materiaalista tehdyn rakenneosan (rakenteet, kiinnikkeet yms.) v\u00e4lill\u00e4<br \/>\n&#8211; kaikki pinnoitetta l\u00e4vist\u00e4v\u00e4t vauriot on v\u00e4litt\u00f6m\u00e4sti korjattava korjausmaalilla.<\/p>\n<p style=\"text-align: justify;\"><strong>B. LIS\u00c4RAJOITUKSET PITKILL\u00c4 PINNOILLA <\/strong><br \/>\nTakuu ei ole voimassa seuraavassa tapauksessa:<br \/>\n&#8211; jatkotiiviste on vaurioittanut levyn pintaa.<\/p>\n<p style=\"text-align: justify;\"><strong>C. LIS\u00c4RAJOITUKSET SADEVESIJ\u00c4RJESTELMIEN YHTEYDESS\u00c4 <\/strong><br \/>\nTakuu ei ole voimassa seuraavassa tapauksessa:<br \/>\n&#8211; kourun kaltevuus on alle 2,5 mm\/m.<\/p>\n<p style=\"text-align: justify;\"><strong>D. LIS\u00c4RAJOITUKSET MUIDEN VESIKATTO- JA SEIN\u00c4RAKENTEIDEN YHTEYDESS\u00c4 <\/strong><br \/>\nTakuu ei ole voimassa seuraavassa tapauksessa:<br \/>\n&#8211; k\u00e4ytetty on asianmukaiseen korroosioluokkaan sopimattomia kiinnike- ja eristemateriaaleja.<\/p>\n<p style=\"text-align: justify;\"><strong>KORVAUSS\u00c4\u00c4NN\u00d6T<\/strong><br \/>\nT\u00e4m\u00e4n takuun perusteella esitettyjen vaatimusten yhteydess\u00e4 raaka-aineen toimittajalla on oikeus korvata ostajalle havaitsemansa puutteet valintansa mukaisesti joko maksamalla vaurioituneen levyn uudelleenmaalauksen hinnan (osittain tai kokonaan levyn i\u00e4st\u00e4 riippuen) tai toimittamalla uuden levyn vaurioituneen levyn\/ tilalle. Vuodon syyst\u00e4 johtuvan korroosion yhteydess\u00e4 korvataan vaurioituneet levyt. Sovelletaan k\u00e4yt\u00e4nn\u00f6llisint\u00e4 keinoa kohtuullisin hinnoin. Takuuvelvoitteet rajoittuvat ainoastaan toimitetun tuotteen vaurioituneiden osien alkuper\u00e4iseen laskuun merkittyyn hintaan.<br \/>\nRaaka-aineen valmistaja ei miss\u00e4\u00e4n tapauksessa vasta t\u00e4h\u00e4n takuuseen liittyvist\u00e4 vaurioista johtuvista suorista ja v\u00e4lillisist\u00e4 vahingoista, ellei n\u00e4iss\u00e4 takuuehdoissa ole s\u00e4\u00e4detty toisin. Levyjen pinnoittamisen tai uudelleenmaalaamisen takuu on voimassa alkuper\u00e4isen takuuajan loppuun saakka.<br \/>\nKorvausm\u00e4\u00e4r\u00e4n laskennassa otetaan huomioon levyn t\u00e4h\u00e4nastinen ja j\u00e4ljelle j\u00e4\u00e4nyt k\u00e4ytt\u00f6ik\u00e4.<br \/>\nTakuun k\u00e4sittelyn ehtona on se, ett\u00e4 levymateriaalin tulee olla tunnistettavissa tilausnumeron perusteella. Ostajan tulee esitt\u00e4\u00e4 my\u00f6s levymateriaalin lasku tai muu ostoa todistava asiakirja.<\/p>\n<p style=\"text-align: justify;\"><strong>MAALIKERROKSEN<\/strong> <strong>TAKUUAJAT<\/strong><br \/>\nMaalikerroksen takuuaikaa m\u00e4\u00e4ritt\u00e4ess\u00e4 otetaan huomioon auringonvalon vaikutusten vaihtelut.\u00a0 L\u00e4mm\u00f6n ja UV-s\u00e4teilyn vaikutus kasvaa etel\u00e4- ja l\u00e4nsisuuntaisesti. Maalin k\u00e4ytt\u00f6ik\u00e4\u00e4n vaikuttavat my\u00f6s k\u00e4ytt\u00f6ehdot. Esimerkiksi auringonvalo kuluttaa kattomaalia enemm\u00e4n kuin sein\u00e4maalia. Samalla tavalla eristyspohjan l\u00e4hell\u00e4 sijaitseva levy l\u00e4mpenee voimakkaammin kuin profiililevy, jossa l\u00e4mm\u00f6n vaikutuksen lievitt\u00e4minen tapahtuu ilman ansiosta. Takuu on voimassa vain maalij\u00e4rjestelm\u00e4n tarkoituksenmukaisen k\u00e4yt\u00f6n yhteydess\u00e4.<\/p>\n<p style=\"text-align: justify;\"><strong>TER\u00c4SKORROOSIOON LIITTYV\u00c4 TAKUUAIKA (TEKNINEN TAKUU)<\/strong><br \/>\nLevyn puhkiruostumisen kest\u00e4vyyden yleinen takuuaika on 30 vuotta.\u00a0 Etenkin meri-ilmastossa korroosionopeus voi olla laajempi. Suurempi korroosioriski voi esiinty\u00e4 my\u00f6s paikallisesti sis\u00e4maassa. T\u00e4llaisia paikkoja ovat sis\u00e4maahan ulottuvat lahdekkeet. Rikin vapautuminen rikki\u00e4 sis\u00e4lt\u00e4v\u00e4n \u00f6ljyn polttamisen yhteydess\u00e4 on harvinainen ilmi\u00f6, jota saattaa kuitenkin esiinty\u00e4, ja silloin muodostuu sy\u00f6vytt\u00e4v\u00e4 ymp\u00e4rist\u00f6.\u00a0 N\u00e4ill\u00e4 alueilla omistaja on velvollinen s\u00e4\u00e4nn\u00f6llisesti tarkkailemaan rakennuksen kuntoa. Herk\u00e4sti korroosiota aiheuttavissa olosuhteissa k\u00e4ytett\u00e4v\u00e4\u00e4 tuotetta tulee s\u00e4\u00e4nn\u00f6llisesti puhdistaa vedell\u00e4 lehdist\u00e4, mik\u00e4li sateiden p\u00e4\u00e4sy lehtiin on estetty.<br \/>\nT\u00e4m\u00e4 takuu ei ole voimassa ymp\u00e4rist\u00f6iss\u00e4, jotka EN 10169:2010-standardin mukaisesti kuuluvat korroosioluokkaan C5.<br \/>\n<a href=\"https:\/\/www.toode.ee\/pinnakatted-ja-varvid\/terasemargid-keskkonnaklassid\">Tutustu tarkemmin ymp\u00e4rist\u00f6luokkien ja pinnoitteiden keskin\u00e4isiin riippuvuuksiin<\/a><\/p>\n<hr \/>\n<p style=\"text-align: justify;\"><strong>LIS\u00c4KSI:<\/strong><br \/>\n<a href=\"https:\/\/www.toode.ee\/pinnakatted-ja-varvid\/pinnakatted\">Pinnoitteiden valintaohje<\/a><br \/>\n<a href=\"https:\/\/www.toode.ee\/tooraine\">ORaaka-aineita koskevat teknilliset tiedot<\/a><br \/>\n<a href=\"https:\/\/www.toode.ee\/pinnakatted-ja-varvid\/terasemargid-keskkonnaklassid\">Ter\u00e4smerkit ja ymp\u00e4rist\u00f6luokat<\/a><br \/>\n<a href=\"https:\/\/www.toode.ee\/dokumendid\">Ohjeiden ja sertifikaattien lataaminen<\/a><\/p>\n<p style=\"text-align: justify;\"><strong>Takuun lis\u00e4ksi pyyd\u00e4mme kiinnitt\u00e4m\u00e4\u00e4n huomioita seuraaviin teknisiin arvoihin:<\/strong><\/p>\n<ol style=\"text-align: justify;\">\n<li><a href=\"https:\/\/www.toode.ee\/pinnakatted-ja-varvid\/pinnakatted\">Pinnoitteen vahvuus <\/a>(polyesteripinnoite 27 mikronia, PUR- ja MattNova- pinnoite 50 mikronia).<\/li>\n<li>Sinkkikerroksen paino (sinkitty pinnoite 350 g\/m\u00b2, maalipinnoitteen alla 275 &#8211; 350 g\/m\u00b2).<\/li>\n<li>Seuraa huolellisesti yrityksen\u00a0antamien takuiden sis\u00e4lt\u00f6\u00e4 ja noudata ehtoja.\u00a0K\u00e4ytt\u00f6ik\u00e4 ei ole takuuta ja p\u00e4invastoin!<\/li>\n<li><a href=\"https:\/\/www.toode.ee\/pinnakatted-ja-varvid\/terasemargid-keskkonnaklassid\">Ter\u00e4smerkki <\/a>(profiloitu ter\u00e4s, kantavan profiilin ter\u00e4s, sadevesij\u00e4rjestelmien ter\u00e4s ovat materiaaleja, joilla on eri my\u00f6t\u00f6raja).<\/li>\n<li><a href=\"https:\/\/www.toode.ee\/pinnakatted-ja-varvid\/terasemargid-keskkonnaklassid\">Ymp\u00e4rist\u00f6luokat<\/a>, joissa tuotteita k\u00e4ytet\u00e4\u00e4n.<\/li>\n<li>Valmistajalle my\u00f6nt\u00e4m\u00e4\u00a0<a href=\"https:\/\/www.toode.ee\/?module=news&amp;id=6\">CE-merkint\u00e4<\/a>.<\/li>\n<li><a href=\"https:\/\/www.toode.ee\/tooraine\">Ter\u00e4ksen vahvuus<\/a><\/li>\n<\/ol>\n<p style=\"text-align: justify;\"><img loading=\"lazy\" decoding=\"async\" class=\"alignnone size-full wp-image-5013\" src=\"https:\/\/www.toode.ee\/wp-content\/uploads\/2016\/04\/3e4de82-1.bmp\" alt=\"3e4de82\" width=\"96\" height=\"60\" \/><\/p>\n<p style=\"text-align: justify;\">\n","protected":false},"excerpt":{"rendered":"<p>Raaka-ainevalmistajat my\u00f6nt\u00e4v\u00e4t takuun seuraaville profiileille ja pinnoitteille: &#8211; Tiiliprofiili, Tiiliprofiili\u00a0Extra, TP15, TP20, TP45, Klassik, Saumakatto (j\u00e4ljemp\u00e4n\u00e4:\u00a0katto- ja sein\u00e4profiilit) &#8211; Katto- ja sein\u00e4profiilit polyesteri- (PE), PUR-, PURMATT-, PVDF-, PVC- ja MattNova -pinnoitteisista ter\u00e4sohutlevyist\u00e4. K\u00c4SITTEET Pinnoitetakuu on takuu, joka kattaa pinnoitteen irtoamisen tuotteen pinnalta, v\u00e4rin ep\u00e4tasaisen muuttumisen ja muut pinnoitteessa tapahtuvat muutokset. Tekninen takuu on takuu, joka &hellip; <a href=\"https:\/\/www.toode.ee\/fi\/huolto-ohjeet\/takuuehdot\/\" class=\"more-link\">Jatka lukemista<span class=\"screen-reader-text\"> &#8221;Takuuehdot&#8221;<\/span><\/a><\/p>\n","protected":false},"author":1,"featured_media":0,"parent":9951,"menu_order":3,"comment_status":"closed","ping_status":"closed","template":"","meta":{"_acf_changed":false,"ngg_post_thumbnail":0,"footnotes":""},"class_list":["post-10234","page","type-page","status-publish","hentry"],"acf":[],"aioseo_notices":[],"_links":{"self":[{"href":"https:\/\/www.toode.ee\/fi\/wp-json\/wp\/v2\/pages\/10234"}],"collection":[{"href":"https:\/\/www.toode.ee\/fi\/wp-json\/wp\/v2\/pages"}],"about":[{"href":"https:\/\/www.toode.ee\/fi\/wp-json\/wp\/v2\/types\/page"}],"author":[{"embeddable":true,"href":"https:\/\/www.toode.ee\/fi\/wp-json\/wp\/v2\/users\/1"}],"replies":[{"embeddable":true,"href":"https:\/\/www.toode.ee\/fi\/wp-json\/wp\/v2\/comments?post=10234"}],"version-history":[{"count":0,"href":"https:\/\/www.toode.ee\/fi\/wp-json\/wp\/v2\/pages\/10234\/revisions"}],"up":[{"embeddable":true,"href":"https:\/\/www.toode.ee\/fi\/wp-json\/wp\/v2\/pages\/9951"}],"wp:attachment":[{"href":"https:\/\/www.toode.ee\/fi\/wp-json\/wp\/v2\/media?parent=10234"}],"curies":[{"name":"wp","href":"https:\/\/api.w.org\/{rel}","templated":true}]}}