{"id":10318,"date":"2016-05-26T17:24:31","date_gmt":"2016-05-26T14:24:31","guid":{"rendered":"https:\/\/www.toode.ee\/fi\/?page_id=10318"},"modified":"2016-05-30T19:04:49","modified_gmt":"2016-05-30T16:04:49","slug":"katto-ja-peiteprofiilit","status":"publish","type":"page","link":"https:\/\/www.toode.ee\/fi\/tuotteemme-ja-palvelumme\/katto-ja-peiteprofiilit\/","title":{"rendered":"Katto- ja peiteprofiilit"},"content":{"rendered":"<p style=\"text-align: justify;\">Katto- ja peiteprofiileja k\u00e4ytet\u00e4\u00e4n rakennusten ja rakennelmien kattojen ja seinien peitt\u00e4miseen. Profiililevyt toimitetaan tilaajan toivoman pituisina, huomioiden k\u00e4yt\u00f6ss\u00e4 olevan profiilin min\/max.pituuden. Leveys on kaikissa levyiss\u00e4 sama, sen muuttaminen ei ole mahdollista. Tehtaalla ei tehd\u00e4 my\u00f6sk\u00e4\u00e4n kaltevia leikkauksia, sill\u00e4 levy saattaa mahdollisen mittausvirheen johdosta osoittautua my\u00f6hemmin k\u00e4ytt\u00f6kelvottomaksi. Profiililevy\u00e4 voidaan tilata erilaisia pintak\u00e4sittelyill\u00e4 ja kaikissa v\u00e4rikartan v\u00e4reiss\u00e4. Ter\u00e4ksinen profiilipeltikatto on kevyt ja nopeasti asennettava, se soveltuu uusrakennuksiin ja on ihanteellinen vaihtoehto vanhojen kattojen entis\u00f6intiurakoissa.<\/p>\n","protected":false},"excerpt":{"rendered":"<p>Katto- ja peiteprofiileja k\u00e4ytet\u00e4\u00e4n rakennusten ja rakennelmien kattojen ja seinien peitt\u00e4miseen. Profiililevyt toimitetaan tilaajan toivoman pituisina, huomioiden k\u00e4yt\u00f6ss\u00e4 olevan profiilin min\/max.pituuden. Leveys on kaikissa levyiss\u00e4 sama, sen muuttaminen ei ole mahdollista. Tehtaalla ei tehd\u00e4 my\u00f6sk\u00e4\u00e4n kaltevia leikkauksia, sill\u00e4 levy saattaa mahdollisen mittausvirheen johdosta osoittautua my\u00f6hemmin k\u00e4ytt\u00f6kelvottomaksi. Profiililevy\u00e4 voidaan tilata erilaisia pintak\u00e4sittelyill\u00e4 ja kaikissa v\u00e4rikartan v\u00e4reiss\u00e4. &hellip; <a href=\"https:\/\/www.toode.ee\/fi\/tuotteemme-ja-palvelumme\/katto-ja-peiteprofiilit\/\" class=\"more-link\">Jatka lukemista<span class=\"screen-reader-text\"> &#8221;Katto- ja peiteprofiilit&#8221;<\/span><\/a><\/p>\n","protected":false},"author":1,"featured_media":15342,"parent":9946,"menu_order":1,"comment_status":"closed","ping_status":"closed","template":"product_list.php","meta":{"_acf_changed":false,"ngg_post_thumbnail":0,"footnotes":""},"class_list":["post-10318","page","type-page","status-publish","has-post-thumbnail","hentry"],"acf":[],"aioseo_notices":[],"_links":{"self":[{"href":"https:\/\/www.toode.ee\/fi\/wp-json\/wp\/v2\/pages\/10318"}],"collection":[{"href":"https:\/\/www.toode.ee\/fi\/wp-json\/wp\/v2\/pages"}],"about":[{"href":"https:\/\/www.toode.ee\/fi\/wp-json\/wp\/v2\/types\/page"}],"author":[{"embeddable":true,"href":"https:\/\/www.toode.ee\/fi\/wp-json\/wp\/v2\/users\/1"}],"replies":[{"embeddable":true,"href":"https:\/\/www.toode.ee\/fi\/wp-json\/wp\/v2\/comments?post=10318"}],"version-history":[{"count":0,"href":"https:\/\/www.toode.ee\/fi\/wp-json\/wp\/v2\/pages\/10318\/revisions"}],"up":[{"embeddable":true,"href":"https:\/\/www.toode.ee\/fi\/wp-json\/wp\/v2\/pages\/9946"}],"wp:featuredmedia":[{"embeddable":true,"href":"https:\/\/www.toode.ee\/fi\/wp-json\/wp\/v2\/media\/15342"}],"wp:attachment":[{"href":"https:\/\/www.toode.ee\/fi\/wp-json\/wp\/v2\/media?parent=10318"}],"curies":[{"name":"wp","href":"https:\/\/api.w.org\/{rel}","templated":true}]}}