{"id":10320,"date":"2016-05-26T17:25:09","date_gmt":"2016-05-26T14:25:09","guid":{"rendered":"https:\/\/www.toode.ee\/fi\/?page_id=10320"},"modified":"2016-05-26T17:25:09","modified_gmt":"2016-05-26T14:25:09","slug":"listat","status":"publish","type":"page","link":"https:\/\/www.toode.ee\/fi\/tuotteemme-ja-palvelumme\/listat\/","title":{"rendered":"Listat"},"content":{"rendered":"<p>Peltilistojen tarve l\u00e4htee katon muodon monimutkaisuudesta. On kuitenkin v\u00e4ltt\u00e4m\u00e4tt\u00f6mi\u00e4 lis\u00e4peltej\u00e4 (harjalista, p\u00e4\u00e4tylista, liitelista), joita ilman kattoa ei voida asentaa. Lis\u00e4peltien v\u00e4ri- ja pinnank\u00e4sittelyvalikoima on sama kuin profiilipelleiss\u00e4 &#8211; lis\u00e4pellit voidaan tilata samaan s\u00e4vyyn kuin varsinainen katto!<\/p>\n","protected":false},"excerpt":{"rendered":"<p>Peltilistojen tarve l\u00e4htee katon muodon monimutkaisuudesta. On kuitenkin v\u00e4ltt\u00e4m\u00e4tt\u00f6mi\u00e4 lis\u00e4peltej\u00e4 (harjalista, p\u00e4\u00e4tylista, liitelista), joita ilman kattoa ei voida asentaa. Lis\u00e4peltien v\u00e4ri- ja pinnank\u00e4sittelyvalikoima on sama kuin profiilipelleiss\u00e4 &#8211; lis\u00e4pellit voidaan tilata samaan s\u00e4vyyn kuin varsinainen katto!<\/p>\n","protected":false},"author":1,"featured_media":17918,"parent":9946,"menu_order":8,"comment_status":"closed","ping_status":"closed","template":"product_list.php","meta":{"_acf_changed":false,"ngg_post_thumbnail":0,"footnotes":""},"class_list":["post-10320","page","type-page","status-publish","has-post-thumbnail","hentry"],"acf":[],"aioseo_notices":[],"_links":{"self":[{"href":"https:\/\/www.toode.ee\/fi\/wp-json\/wp\/v2\/pages\/10320"}],"collection":[{"href":"https:\/\/www.toode.ee\/fi\/wp-json\/wp\/v2\/pages"}],"about":[{"href":"https:\/\/www.toode.ee\/fi\/wp-json\/wp\/v2\/types\/page"}],"author":[{"embeddable":true,"href":"https:\/\/www.toode.ee\/fi\/wp-json\/wp\/v2\/users\/1"}],"replies":[{"embeddable":true,"href":"https:\/\/www.toode.ee\/fi\/wp-json\/wp\/v2\/comments?post=10320"}],"version-history":[{"count":0,"href":"https:\/\/www.toode.ee\/fi\/wp-json\/wp\/v2\/pages\/10320\/revisions"}],"up":[{"embeddable":true,"href":"https:\/\/www.toode.ee\/fi\/wp-json\/wp\/v2\/pages\/9946"}],"wp:featuredmedia":[{"embeddable":true,"href":"https:\/\/www.toode.ee\/fi\/wp-json\/wp\/v2\/media\/17918"}],"wp:attachment":[{"href":"https:\/\/www.toode.ee\/fi\/wp-json\/wp\/v2\/media?parent=10320"}],"curies":[{"name":"wp","href":"https:\/\/api.w.org\/{rel}","templated":true}]}}