{"id":10322,"date":"2016-05-26T17:26:17","date_gmt":"2016-05-26T14:26:17","guid":{"rendered":"https:\/\/www.toode.ee\/fi\/?page_id=10322"},"modified":"2016-05-30T19:15:27","modified_gmt":"2016-05-30T16:15:27","slug":"sadevesijarjestelmat","status":"publish","type":"page","link":"https:\/\/www.toode.ee\/fi\/tuotteemme-ja-palvelumme\/sadevesijarjestelmat\/","title":{"rendered":"Sadevesij\u00e4rjestelm\u00e4t"},"content":{"rendered":"<p style=\"text-align: justify;\"><img loading=\"lazy\" decoding=\"async\" src=\"https:\/\/www.toode.ee\/wp-content\/uploads\/2016\/05\/vihmaveesusteemid-1.jpg\" alt=\"\" width=\"200\" height=\"150\" align=\"right\" hspace=\"10\" vspace=\"10\" \/>Kattoon joutunut vesi ohjataan pois sadevesij\u00e4rjestelm\u00e4ll\u00e4. Sadevesij\u00e4rjestelm\u00e4n t\u00e4rkeimm\u00e4t ovat r\u00e4yst\u00e4iden vaakasuorat vesikourut sek\u00e4 niist\u00e4 alas johtavat sadevesiputket. Vesikourujen ja sadevesiputkien mittoihin ja alasvientien lukum\u00e4\u00e4r\u00e4\u00e4n vaikuttaa ensisijaisesti kattoon ker\u00e4\u00e4ntyv\u00e4n veden m\u00e4\u00e4r\u00e4 ja katon muoto. Vesikourujen ja sadevesiputkien sijainti on jokaisen katon kohdalla mietitt\u00e4v\u00e4 erikseen ja siten, ett\u00e4 vesikuormitus jakautuisi j\u00e4rjestelm\u00e4n eri osien v\u00e4lill\u00e4 mahdollisimman tasaisesti, jotta kourut ja putket sijaitsisivat talon ulkon\u00e4\u00f6n kannalta mahdollisimman luonnollisesti. Putket sijoitetaan yleens\u00e4 rakennuksen kulmiin ja ikkunoiden v\u00e4liin.<\/p>\n<div style=\"text-align: justify;\"><\/div>\n<div style=\"text-align: justify;\"><strong>Sadevesij\u00e4rjestelmi\u00e4 on kahdenlaisia:<\/strong><\/div>\n<ul style=\"text-align: justify;\">\n<li><a href=\"https:\/\/www.toode.ee\/fi\/tuotteemme-ja-palvelumme\/sadevesijarjestelmat\/suorakulmaiset\/\">Suorakulmaiset<\/a><\/li>\n<li><a href=\"https:\/\/www.toode.ee\/fi\/tuotteemme-ja-palvelumme\/sadevesijarjestelmat\/pyoreat\/\">Py\u00f6re\u00e4t<\/a><\/li>\n<\/ul>\n<p style=\"text-align: justify;\">Kouruja ja putkia valmistetaan melkein kaikissa RR v\u00e4rikartan s\u00e4vyiss\u00e4<br \/>\nMateriaali: 0,55mm yksi- ja kaksipuolinen Nova (Swedish Steel AB)<\/p>\n<hr \/>\n<p style=\"text-align: justify;\">\n<p style=\"text-align: justify;\"><img loading=\"lazy\" decoding=\"async\" class=\"alignnone size-medium wp-image-8711\" src=\"https:\/\/www.toode.ee\/wp-content\/uploads\/2016\/04\/greencoat-300x49.jpg\" alt=\"greencoat\" width=\"300\" height=\"49\" srcset=\"https:\/\/www.toode.ee\/wp-content\/uploads\/2016\/04\/greencoat-300x49.jpg 300w, https:\/\/www.toode.ee\/wp-content\/uploads\/2016\/04\/greencoat.jpg 603w\" sizes=\"(max-width: 300px) 85vw, 300px\" \/><\/p>\n","protected":false},"excerpt":{"rendered":"<p>Kattoon joutunut vesi ohjataan pois sadevesij\u00e4rjestelm\u00e4ll\u00e4. Sadevesij\u00e4rjestelm\u00e4n t\u00e4rkeimm\u00e4t ovat r\u00e4yst\u00e4iden vaakasuorat vesikourut sek\u00e4 niist\u00e4 alas johtavat sadevesiputket. Vesikourujen ja sadevesiputkien mittoihin ja alasvientien lukum\u00e4\u00e4r\u00e4\u00e4n vaikuttaa ensisijaisesti kattoon ker\u00e4\u00e4ntyv\u00e4n veden m\u00e4\u00e4r\u00e4 ja katon muoto. Vesikourujen ja sadevesiputkien sijainti on jokaisen katon kohdalla mietitt\u00e4v\u00e4 erikseen ja siten, ett\u00e4 vesikuormitus jakautuisi j\u00e4rjestelm\u00e4n eri osien v\u00e4lill\u00e4 mahdollisimman tasaisesti, jotta &hellip; <a href=\"https:\/\/www.toode.ee\/fi\/tuotteemme-ja-palvelumme\/sadevesijarjestelmat\/\" class=\"more-link\">Jatka lukemista<span class=\"screen-reader-text\"> &#8221;Sadevesij\u00e4rjestelm\u00e4t&#8221;<\/span><\/a><\/p>\n","protected":false},"author":1,"featured_media":7348,"parent":9946,"menu_order":2,"comment_status":"closed","ping_status":"closed","template":"","meta":{"_acf_changed":false,"ngg_post_thumbnail":0,"footnotes":""},"class_list":["post-10322","page","type-page","status-publish","has-post-thumbnail","hentry"],"acf":[],"aioseo_notices":[],"_links":{"self":[{"href":"https:\/\/www.toode.ee\/fi\/wp-json\/wp\/v2\/pages\/10322"}],"collection":[{"href":"https:\/\/www.toode.ee\/fi\/wp-json\/wp\/v2\/pages"}],"about":[{"href":"https:\/\/www.toode.ee\/fi\/wp-json\/wp\/v2\/types\/page"}],"author":[{"embeddable":true,"href":"https:\/\/www.toode.ee\/fi\/wp-json\/wp\/v2\/users\/1"}],"replies":[{"embeddable":true,"href":"https:\/\/www.toode.ee\/fi\/wp-json\/wp\/v2\/comments?post=10322"}],"version-history":[{"count":0,"href":"https:\/\/www.toode.ee\/fi\/wp-json\/wp\/v2\/pages\/10322\/revisions"}],"up":[{"embeddable":true,"href":"https:\/\/www.toode.ee\/fi\/wp-json\/wp\/v2\/pages\/9946"}],"wp:featuredmedia":[{"embeddable":true,"href":"https:\/\/www.toode.ee\/fi\/wp-json\/wp\/v2\/media\/7348"}],"wp:attachment":[{"href":"https:\/\/www.toode.ee\/fi\/wp-json\/wp\/v2\/media?parent=10322"}],"curies":[{"name":"wp","href":"https:\/\/api.w.org\/{rel}","templated":true}]}}