{"id":10327,"date":"2016-05-26T17:29:21","date_gmt":"2016-05-26T14:29:21","guid":{"rendered":"https:\/\/www.toode.ee\/fi\/?page_id=10327"},"modified":"2016-05-30T19:22:53","modified_gmt":"2016-05-30T16:22:53","slug":"pyoreat","status":"publish","type":"page","link":"https:\/\/www.toode.ee\/fi\/tuotteemme-ja-palvelumme\/sadevesijarjestelmat\/pyoreat\/","title":{"rendered":"Py\u00f6re\u00e4t"},"content":{"rendered":"<p><img loading=\"lazy\" decoding=\"async\" class=\"alignnone size-large wp-image-8345\" src=\"https:\/\/www.toode.ee\/wp-content\/uploads\/2016\/03\/vihmadymarmosaiik1-1024x297.jpg\" alt=\"vihmadymarmosaiik1\" width=\"840\" height=\"244\" srcset=\"https:\/\/www.toode.ee\/wp-content\/uploads\/2016\/03\/vihmadymarmosaiik1-1024x297.jpg 1024w, https:\/\/www.toode.ee\/wp-content\/uploads\/2016\/03\/vihmadymarmosaiik1-300x87.jpg 300w, https:\/\/www.toode.ee\/wp-content\/uploads\/2016\/03\/vihmadymarmosaiik1-768x222.jpg 768w, https:\/\/www.toode.ee\/wp-content\/uploads\/2016\/03\/vihmadymarmosaiik1-1200x348.jpg 1200w\" sizes=\"(max-width: 709px) 85vw, (max-width: 909px) 67vw, (max-width: 1362px) 62vw, 840px\" \/><\/p>\n<p>Kouruja ja putkia valmistetaan melkein kaikissa RR v\u00e4rikartan s\u00e4vyiss\u00e4: ZN, RR11, RR20, RR21, RR22, RR23, RR29, RR30, RR31, RR32, RR33, RR34, RR35, RR36, RR37, RR40, RR41 ja RR750.<br \/>\nMateriaali: Kaksipuolinen Nova \u2013 0,55mm<\/p>\n<p><img loading=\"lazy\" decoding=\"async\" class=\"alignnone size-full wp-image-8592\" src=\"https:\/\/www.toode.ee\/wp-content\/uploads\/2016\/03\/ristloigeymar.jpg\" alt=\"ristloigeymar\" width=\"955\" height=\"338\" srcset=\"https:\/\/www.toode.ee\/wp-content\/uploads\/2016\/03\/ristloigeymar.jpg 955w, https:\/\/www.toode.ee\/wp-content\/uploads\/2016\/03\/ristloigeymar-300x106.jpg 300w, https:\/\/www.toode.ee\/wp-content\/uploads\/2016\/03\/ristloigeymar-768x272.jpg 768w\" sizes=\"(max-width: 709px) 85vw, (max-width: 909px) 67vw, (max-width: 1362px) 62vw, 840px\" \/><\/p>\n","protected":false},"excerpt":{"rendered":"<p>Kouruja ja putkia valmistetaan melkein kaikissa RR v\u00e4rikartan s\u00e4vyiss\u00e4: ZN, RR11, RR20, RR21, RR22, RR23, RR29, RR30, RR31, RR32, RR33, RR34, RR35, RR36, RR37, RR40, RR41 ja RR750. Materiaali: Kaksipuolinen Nova \u2013 0,55mm<\/p>\n","protected":false},"author":1,"featured_media":0,"parent":10322,"menu_order":2,"comment_status":"closed","ping_status":"closed","template":"product_list.php","meta":{"_acf_changed":false,"ngg_post_thumbnail":0,"footnotes":""},"class_list":["post-10327","page","type-page","status-publish","hentry"],"acf":[],"aioseo_notices":[],"_links":{"self":[{"href":"https:\/\/www.toode.ee\/fi\/wp-json\/wp\/v2\/pages\/10327"}],"collection":[{"href":"https:\/\/www.toode.ee\/fi\/wp-json\/wp\/v2\/pages"}],"about":[{"href":"https:\/\/www.toode.ee\/fi\/wp-json\/wp\/v2\/types\/page"}],"author":[{"embeddable":true,"href":"https:\/\/www.toode.ee\/fi\/wp-json\/wp\/v2\/users\/1"}],"replies":[{"embeddable":true,"href":"https:\/\/www.toode.ee\/fi\/wp-json\/wp\/v2\/comments?post=10327"}],"version-history":[{"count":0,"href":"https:\/\/www.toode.ee\/fi\/wp-json\/wp\/v2\/pages\/10327\/revisions"}],"up":[{"embeddable":true,"href":"https:\/\/www.toode.ee\/fi\/wp-json\/wp\/v2\/pages\/10322"}],"wp:attachment":[{"href":"https:\/\/www.toode.ee\/fi\/wp-json\/wp\/v2\/media?parent=10327"}],"curies":[{"name":"wp","href":"https:\/\/api.w.org\/{rel}","templated":true}]}}