{"id":10329,"date":"2016-05-26T17:29:55","date_gmt":"2016-05-26T14:29:55","guid":{"rendered":"https:\/\/www.toode.ee\/fi\/?page_id=10329"},"modified":"2016-05-30T19:18:09","modified_gmt":"2016-05-30T16:18:09","slug":"suorakulmaiset","status":"publish","type":"page","link":"https:\/\/www.toode.ee\/fi\/tuotteemme-ja-palvelumme\/sadevesijarjestelmat\/suorakulmaiset\/","title":{"rendered":"Suorakulmaiset"},"content":{"rendered":"<p><img loading=\"lazy\" decoding=\"async\" class=\"alignnone size-large wp-image-7046\" src=\"https:\/\/www.toode.ee\/wp-content\/uploads\/2016\/04\/vihmadkandmosaiik1-copy-3-1024x307.jpg\" alt=\"vihmadkandmosaiik1 copy\" width=\"840\" height=\"252\" srcset=\"https:\/\/www.toode.ee\/wp-content\/uploads\/2016\/04\/vihmadkandmosaiik1-copy-3-1024x307.jpg 1024w, https:\/\/www.toode.ee\/wp-content\/uploads\/2016\/04\/vihmadkandmosaiik1-copy-3-300x90.jpg 300w, https:\/\/www.toode.ee\/wp-content\/uploads\/2016\/04\/vihmadkandmosaiik1-copy-3-768x230.jpg 768w, https:\/\/www.toode.ee\/wp-content\/uploads\/2016\/04\/vihmadkandmosaiik1-copy-3-1200x360.jpg 1200w, https:\/\/www.toode.ee\/wp-content\/uploads\/2016\/04\/vihmadkandmosaiik1-copy-3.jpg 1500w\" sizes=\"(max-width: 709px) 85vw, (max-width: 909px) 67vw, (max-width: 1362px) 62vw, 840px\" \/><\/p>\n<p>Kouruja ja putkia valmistetaan melkein kaikissa RR v\u00e4rikartan s\u00e4vyiss\u00e4: ZN, RR11, RR20, RR21, RR22, RR23, RR29, RR30, RR31, RR32, RR33, RR34, RR35, RR36, RR37, RR40, RR41 ja RR750.<br \/>\nMateriaali: Kaksipuolinen Nova &#8211; 0,55mm<\/p>\n<p><img loading=\"lazy\" decoding=\"async\" class=\"alignnone size-large wp-image-8585\" src=\"https:\/\/www.toode.ee\/wp-content\/uploads\/2016\/03\/ristloigekandiline-1024x340.jpg\" alt=\"ristloigekandiline\" width=\"840\" height=\"279\" srcset=\"https:\/\/www.toode.ee\/wp-content\/uploads\/2016\/03\/ristloigekandiline-1024x340.jpg 1024w, https:\/\/www.toode.ee\/wp-content\/uploads\/2016\/03\/ristloigekandiline-300x100.jpg 300w, https:\/\/www.toode.ee\/wp-content\/uploads\/2016\/03\/ristloigekandiline-768x255.jpg 768w, https:\/\/www.toode.ee\/wp-content\/uploads\/2016\/03\/ristloigekandiline.jpg 1069w\" sizes=\"(max-width: 709px) 85vw, (max-width: 909px) 67vw, (max-width: 1362px) 62vw, 840px\" \/><\/p>\n<p>&nbsp;<\/p>\n","protected":false},"excerpt":{"rendered":"<p>Kouruja ja putkia valmistetaan melkein kaikissa RR v\u00e4rikartan s\u00e4vyiss\u00e4: ZN, RR11, RR20, RR21, RR22, RR23, RR29, RR30, RR31, RR32, RR33, RR34, RR35, RR36, RR37, RR40, RR41 ja RR750. Materiaali: Kaksipuolinen Nova &#8211; 0,55mm &nbsp;<\/p>\n","protected":false},"author":1,"featured_media":0,"parent":10322,"menu_order":1,"comment_status":"closed","ping_status":"closed","template":"product_list.php","meta":{"_acf_changed":false,"ngg_post_thumbnail":0,"footnotes":""},"class_list":["post-10329","page","type-page","status-publish","hentry"],"acf":[],"aioseo_notices":[],"_links":{"self":[{"href":"https:\/\/www.toode.ee\/fi\/wp-json\/wp\/v2\/pages\/10329"}],"collection":[{"href":"https:\/\/www.toode.ee\/fi\/wp-json\/wp\/v2\/pages"}],"about":[{"href":"https:\/\/www.toode.ee\/fi\/wp-json\/wp\/v2\/types\/page"}],"author":[{"embeddable":true,"href":"https:\/\/www.toode.ee\/fi\/wp-json\/wp\/v2\/users\/1"}],"replies":[{"embeddable":true,"href":"https:\/\/www.toode.ee\/fi\/wp-json\/wp\/v2\/comments?post=10329"}],"version-history":[{"count":0,"href":"https:\/\/www.toode.ee\/fi\/wp-json\/wp\/v2\/pages\/10329\/revisions"}],"up":[{"embeddable":true,"href":"https:\/\/www.toode.ee\/fi\/wp-json\/wp\/v2\/pages\/10322"}],"wp:attachment":[{"href":"https:\/\/www.toode.ee\/fi\/wp-json\/wp\/v2\/media?parent=10329"}],"curies":[{"name":"wp","href":"https:\/\/api.w.org\/{rel}","templated":true}]}}