{"id":10340,"date":"2016-05-26T18:04:14","date_gmt":"2016-05-26T15:04:14","guid":{"rendered":"https:\/\/www.toode.ee\/fi\/?page_id=10340"},"modified":"2016-05-30T19:35:09","modified_gmt":"2016-05-30T16:35:09","slug":"terasruoteet","status":"publish","type":"page","link":"https:\/\/www.toode.ee\/fi\/tuotteemme-ja-palvelumme\/terasruoteet\/","title":{"rendered":"Ter\u00e4sruoteet"},"content":{"rendered":"<p style=\"text-align: justify;\">Ter\u00e4sruoteita k\u00e4ytet\u00e4\u00e4n yh\u00e4 enemm\u00e4n puuruoteiden tilalla katto- ja sein\u00e4rakenteiden runkoina. Materiaalina on kuumasinkitty ter\u00e4s. Kappaleita voidaan valmistaa tilaajan tarpeiden mukaisissa pituuksissa, mutta enint\u00e4\u00e4n 8000mm pituisina. Ter\u00e4sruoteiden poikkileikkauksen korkeus on 50 &#8211; 250mm. Ter\u00e4sruoteiden hintaa olisi parasta kysy\u00e4 AS Tooden konttoreista, annamme jokaiseen kysymykseen yksil\u00f6llisen vastauksen.<\/p>\n","protected":false},"excerpt":{"rendered":"<p>Ter\u00e4sruoteita k\u00e4ytet\u00e4\u00e4n yh\u00e4 enemm\u00e4n puuruoteiden tilalla katto- ja sein\u00e4rakenteiden runkoina. Materiaalina on kuumasinkitty ter\u00e4s. Kappaleita voidaan valmistaa tilaajan tarpeiden mukaisissa pituuksissa, mutta enint\u00e4\u00e4n 8000mm pituisina. Ter\u00e4sruoteiden poikkileikkauksen korkeus on 50 &#8211; 250mm. Ter\u00e4sruoteiden hintaa olisi parasta kysy\u00e4 AS Tooden konttoreista, annamme jokaiseen kysymykseen yksil\u00f6llisen vastauksen.<\/p>\n","protected":false},"author":1,"featured_media":395,"parent":9946,"menu_order":13,"comment_status":"closed","ping_status":"closed","template":"product_list.php","meta":{"_acf_changed":false,"ngg_post_thumbnail":0,"footnotes":""},"class_list":["post-10340","page","type-page","status-publish","has-post-thumbnail","hentry"],"acf":[],"aioseo_notices":[],"_links":{"self":[{"href":"https:\/\/www.toode.ee\/fi\/wp-json\/wp\/v2\/pages\/10340"}],"collection":[{"href":"https:\/\/www.toode.ee\/fi\/wp-json\/wp\/v2\/pages"}],"about":[{"href":"https:\/\/www.toode.ee\/fi\/wp-json\/wp\/v2\/types\/page"}],"author":[{"embeddable":true,"href":"https:\/\/www.toode.ee\/fi\/wp-json\/wp\/v2\/users\/1"}],"replies":[{"embeddable":true,"href":"https:\/\/www.toode.ee\/fi\/wp-json\/wp\/v2\/comments?post=10340"}],"version-history":[{"count":0,"href":"https:\/\/www.toode.ee\/fi\/wp-json\/wp\/v2\/pages\/10340\/revisions"}],"up":[{"embeddable":true,"href":"https:\/\/www.toode.ee\/fi\/wp-json\/wp\/v2\/pages\/9946"}],"wp:featuredmedia":[{"embeddable":true,"href":"https:\/\/www.toode.ee\/fi\/wp-json\/wp\/v2\/media\/395"}],"wp:attachment":[{"href":"https:\/\/www.toode.ee\/fi\/wp-json\/wp\/v2\/media?parent=10340"}],"curies":[{"name":"wp","href":"https:\/\/api.w.org\/{rel}","templated":true}]}}