{"id":10389,"date":"2016-05-27T08:52:35","date_gmt":"2016-05-27T05:52:35","guid":{"rendered":"https:\/\/www.toode.ee\/fi\/?page_id=10389"},"modified":"2016-05-30T19:45:22","modified_gmt":"2016-05-30T16:45:22","slug":"roto-kattoikkunat","status":"publish","type":"page","link":"https:\/\/www.toode.ee\/fi\/tuotteemme-ja-palvelumme\/roto-kattoikkunat\/","title":{"rendered":"Roto kattoikkunat"},"content":{"rendered":"<p style=\"text-align: justify;\"><img loading=\"lazy\" decoding=\"async\" src=\"https:\/\/www.toode.ee\/wp-content\/uploads\/2016\/05\/roto-1.jpg\" alt=\"\" width=\"0\" height=\"0\" \/><img loading=\"lazy\" decoding=\"async\" src=\"https:\/\/www.toode.ee\/wp-content\/uploads\/2016\/05\/roto-1.jpg\" alt=\"\" width=\"199\" height=\"119\" \/><br \/>\n<strong>Tarjoamme my\u00f6s Roto kattoikkunoita koko tuotev\u00e4rikartan s\u00e4vyiss\u00e4. Miksi olisi syyt\u00e4 valita juuri Roto-kattoikkuna?<br \/>\n<\/strong><br \/>\n<strong>T\u00e4ss\u00e4 joitakin perusteluja:<\/strong><\/p>\n<ul style=\"text-align: justify;\">\n<li>suurin mittavalikoima<\/li>\n<li>alta avautuva kattoikkuna (edullista juuri korkeampiin paikkoihin sijoitettavien ikkunoiden kohdalla)<\/li>\n<li>tunnetun liimapuuikkunan lis\u00e4ksi my\u00f6s ainutlaatuinen kammioiksi jaettu t\u00e4ysmuovi-ikkuna melkein kaikissa mitoissa (kammioihin jaettu muovi-ikkuna kest\u00e4\u00e4 ikuisesti, jos pinta saa syv\u00e4n vaurion, se ei johda ikkunan lahoamiseen)<\/li>\n<li>kolme erilaista avautumistapaa<\/li>\n<li>helppo asentaa &#8211; kattolistojen ja tarvikkeiden asennus on \u00e4\u00e4rimm\u00e4isen helppoa<\/li>\n<li>ainutlaatuinen j\u00e4lkis\u00e4\u00e4t\u00f6mahdollisuus &#8211; merkitt\u00e4v\u00e4 ominaisuus taloissa, joiden rakenteet saattavat vajota (mm. hirsitalot) ja vanhoissa rakennuksissa<\/li>\n<li>laaja valikoima edullisilla kattoluukkuja<\/li>\n<li>parhaan l\u00e4mm\u00f6nkest\u00e4vyysominaisuudet omaavat ikkunat (erikoisvalmisteiset nk. eristeyksik\u00f6t)<\/li>\n<li>reunapeltien ja ikkunan v\u00e4ris\u00e4vy on sama kuin eniten k\u00e4ytetty kattos\u00e4vy &#8211; tummanruskea<\/li>\n<li>kest\u00e4\u00e4 tunkeilijoiden hy\u00f6kk\u00e4ykset &#8211; ikkunoissa on v\u00e4hint\u00e4\u00e4n 3 lukituspistett\u00e4<\/li>\n<li>lis\u00e4tarvikkeiden laaja valikoima (ks. alla olevaa linkki\u00e4)<\/li>\n<\/ul>\n<p>&nbsp;<\/p>\n<p style=\"text-align: justify;\"><img loading=\"lazy\" decoding=\"async\" src=\"https:\/\/www.toode.ee\/wp-content\/uploads\/2016\/05\/roto-2.jpg\" alt=\"\" width=\"151\" height=\"151\" \/>\u00a0<img loading=\"lazy\" decoding=\"async\" src=\"https:\/\/www.toode.ee\/wp-content\/uploads\/2016\/05\/roto-3.jpg\" alt=\"\" width=\"161\" height=\"151\" \/><img loading=\"lazy\" decoding=\"async\" src=\"https:\/\/www.toode.ee\/wp-content\/uploads\/2016\/05\/roto-4.jpg\" alt=\"\" width=\"124\" height=\"151\" \/><b><br \/>\n<\/b><\/p>\n","protected":false},"excerpt":{"rendered":"<p>Tarjoamme my\u00f6s Roto kattoikkunoita koko tuotev\u00e4rikartan s\u00e4vyiss\u00e4. Miksi olisi syyt\u00e4 valita juuri Roto-kattoikkuna? T\u00e4ss\u00e4 joitakin perusteluja: suurin mittavalikoima alta avautuva kattoikkuna (edullista juuri korkeampiin paikkoihin sijoitettavien ikkunoiden kohdalla) tunnetun liimapuuikkunan lis\u00e4ksi my\u00f6s ainutlaatuinen kammioiksi jaettu t\u00e4ysmuovi-ikkuna melkein kaikissa mitoissa (kammioihin jaettu muovi-ikkuna kest\u00e4\u00e4 ikuisesti, jos pinta saa syv\u00e4n vaurion, se ei johda ikkunan lahoamiseen) kolme &hellip; <a href=\"https:\/\/www.toode.ee\/fi\/tuotteemme-ja-palvelumme\/roto-kattoikkunat\/\" class=\"more-link\">Jatka lukemista<span class=\"screen-reader-text\"> &#8221;Roto kattoikkunat&#8221;<\/span><\/a><\/p>\n","protected":false},"author":1,"featured_media":16139,"parent":9946,"menu_order":15,"comment_status":"closed","ping_status":"closed","template":"","meta":{"_acf_changed":false,"ngg_post_thumbnail":0,"footnotes":""},"class_list":["post-10389","page","type-page","status-publish","has-post-thumbnail","hentry"],"acf":[],"aioseo_notices":[],"_links":{"self":[{"href":"https:\/\/www.toode.ee\/fi\/wp-json\/wp\/v2\/pages\/10389"}],"collection":[{"href":"https:\/\/www.toode.ee\/fi\/wp-json\/wp\/v2\/pages"}],"about":[{"href":"https:\/\/www.toode.ee\/fi\/wp-json\/wp\/v2\/types\/page"}],"author":[{"embeddable":true,"href":"https:\/\/www.toode.ee\/fi\/wp-json\/wp\/v2\/users\/1"}],"replies":[{"embeddable":true,"href":"https:\/\/www.toode.ee\/fi\/wp-json\/wp\/v2\/comments?post=10389"}],"version-history":[{"count":0,"href":"https:\/\/www.toode.ee\/fi\/wp-json\/wp\/v2\/pages\/10389\/revisions"}],"up":[{"embeddable":true,"href":"https:\/\/www.toode.ee\/fi\/wp-json\/wp\/v2\/pages\/9946"}],"wp:featuredmedia":[{"embeddable":true,"href":"https:\/\/www.toode.ee\/fi\/wp-json\/wp\/v2\/media\/16139"}],"wp:attachment":[{"href":"https:\/\/www.toode.ee\/fi\/wp-json\/wp\/v2\/media?parent=10389"}],"curies":[{"name":"wp","href":"https:\/\/api.w.org\/{rel}","templated":true}]}}