{"id":10437,"date":"2016-05-27T09:44:16","date_gmt":"2016-05-27T06:44:16","guid":{"rendered":"https:\/\/www.toode.ee\/fi\/?page_id=10437"},"modified":"2017-03-29T11:41:02","modified_gmt":"2017-03-29T08:41:02","slug":"tiilikuvio","status":"publish","type":"page","link":"https:\/\/www.toode.ee\/fi\/tuotteemme-ja-palvelumme\/katto-ja-peiteprofiilit\/tiilikuvio\/","title":{"rendered":"Tiilikuvio"},"content":{"rendered":"<p><strong>K\u00e4ytt\u00f6alue:<\/strong> vesikatot<br \/>\n<strong>Hy\u00f6dyllinen leveys:<\/strong> 1100 mm<br \/>\n<strong>Kivien et\u00e4isyys:<\/strong> 350 mm<br \/>\n<strong>Profiilin korkeus: <\/strong>40 mm<br \/>\n<strong>Materiaalin vahvuus:<\/strong> 0,45 &#8211; 0,50 mm<br \/>\n<strong>Pintamateriaali:<\/strong> polyesteri, mattanova, PUR, Printech<br \/>\n<strong>Min\/max pituus:<\/strong> 800 \/ 7500 mm<\/p>\n","protected":false},"excerpt":{"rendered":"<p>K\u00e4ytt\u00f6alue: vesikatot Hy\u00f6dyllinen leveys: 1100 mm Kivien et\u00e4isyys: 350 mm Profiilin korkeus: 40 mm Materiaalin vahvuus: 0,45 &#8211; 0,50 mm Pintamateriaali: polyesteri, mattanova, PUR, Printech Min\/max pituus: 800 \/ 7500 mm<\/p>\n","protected":false},"author":1,"featured_media":0,"parent":10318,"menu_order":2,"comment_status":"closed","ping_status":"closed","template":"product.php","meta":{"_acf_changed":false,"ngg_post_thumbnail":0,"footnotes":""},"class_list":["post-10437","page","type-page","status-publish","hentry"],"acf":[],"aioseo_notices":[],"_links":{"self":[{"href":"https:\/\/www.toode.ee\/fi\/wp-json\/wp\/v2\/pages\/10437"}],"collection":[{"href":"https:\/\/www.toode.ee\/fi\/wp-json\/wp\/v2\/pages"}],"about":[{"href":"https:\/\/www.toode.ee\/fi\/wp-json\/wp\/v2\/types\/page"}],"author":[{"embeddable":true,"href":"https:\/\/www.toode.ee\/fi\/wp-json\/wp\/v2\/users\/1"}],"replies":[{"embeddable":true,"href":"https:\/\/www.toode.ee\/fi\/wp-json\/wp\/v2\/comments?post=10437"}],"version-history":[{"count":0,"href":"https:\/\/www.toode.ee\/fi\/wp-json\/wp\/v2\/pages\/10437\/revisions"}],"up":[{"embeddable":true,"href":"https:\/\/www.toode.ee\/fi\/wp-json\/wp\/v2\/pages\/10318"}],"wp:attachment":[{"href":"https:\/\/www.toode.ee\/fi\/wp-json\/wp\/v2\/media?parent=10437"}],"curies":[{"name":"wp","href":"https:\/\/api.w.org\/{rel}","templated":true}]}}