{"id":10446,"date":"2016-05-27T09:47:47","date_gmt":"2016-05-27T06:47:47","guid":{"rendered":"https:\/\/www.toode.ee\/fi\/?page_id=10446"},"modified":"2017-03-29T11:38:04","modified_gmt":"2017-03-29T08:38:04","slug":"tp20","status":"publish","type":"page","link":"https:\/\/www.toode.ee\/fi\/tuotteemme-ja-palvelumme\/katto-ja-peiteprofiilit\/tp20\/","title":{"rendered":"TP20"},"content":{"rendered":"<p><strong>K\u00e4ytt\u00f6alue:<\/strong> vesikatot ja sein\u00e4t<br \/>\n<strong>Hy\u00f6dyllinen leveys:<\/strong> 1100mm<br \/>\n<strong>Profiilin korkeus:<\/strong> 18mm<br \/>\n<strong>Materiaalin vahvuus: <\/strong>0,45-0,50 mm<br \/>\n<strong>Pintamateriaali:<\/strong> ZN,AlZN,polyesteri,mattanova, PUR, PVDF, Printech<br \/>\n<strong>Min\/max pituus:<\/strong> 100 \/ 9000 mm<\/p>\n","protected":false},"excerpt":{"rendered":"<p>K\u00e4ytt\u00f6alue: vesikatot ja sein\u00e4t Hy\u00f6dyllinen leveys: 1100mm Profiilin korkeus: 18mm Materiaalin vahvuus: 0,45-0,50 mm Pintamateriaali: ZN,AlZN,polyesteri,mattanova, PUR, PVDF, Printech Min\/max pituus: 100 \/ 9000 mm<\/p>\n","protected":false},"author":1,"featured_media":0,"parent":10318,"menu_order":2,"comment_status":"closed","ping_status":"closed","template":"product.php","meta":{"_acf_changed":false,"ngg_post_thumbnail":0,"footnotes":""},"class_list":["post-10446","page","type-page","status-publish","hentry"],"acf":[],"aioseo_notices":[],"_links":{"self":[{"href":"https:\/\/www.toode.ee\/fi\/wp-json\/wp\/v2\/pages\/10446"}],"collection":[{"href":"https:\/\/www.toode.ee\/fi\/wp-json\/wp\/v2\/pages"}],"about":[{"href":"https:\/\/www.toode.ee\/fi\/wp-json\/wp\/v2\/types\/page"}],"author":[{"embeddable":true,"href":"https:\/\/www.toode.ee\/fi\/wp-json\/wp\/v2\/users\/1"}],"replies":[{"embeddable":true,"href":"https:\/\/www.toode.ee\/fi\/wp-json\/wp\/v2\/comments?post=10446"}],"version-history":[{"count":0,"href":"https:\/\/www.toode.ee\/fi\/wp-json\/wp\/v2\/pages\/10446\/revisions"}],"up":[{"embeddable":true,"href":"https:\/\/www.toode.ee\/fi\/wp-json\/wp\/v2\/pages\/10318"}],"wp:attachment":[{"href":"https:\/\/www.toode.ee\/fi\/wp-json\/wp\/v2\/media?parent=10446"}],"curies":[{"name":"wp","href":"https:\/\/api.w.org\/{rel}","templated":true}]}}