{"id":10449,"date":"2016-05-27T09:48:52","date_gmt":"2016-05-27T06:48:52","guid":{"rendered":"https:\/\/www.toode.ee\/fi\/?page_id=10449"},"modified":"2021-08-10T08:29:00","modified_gmt":"2021-08-10T05:29:00","slug":"tp15","status":"publish","type":"page","link":"https:\/\/www.toode.ee\/fi\/tuotteemme-ja-palvelumme\/katto-ja-peiteprofiilit\/tp15\/","title":{"rendered":"TP15"},"content":{"rendered":"<p><strong>K\u00e4ytt\u00f6alue: <\/strong>sein\u00e4t<br \/>\n<strong>Hy\u00f6dyllinen leveys:<\/strong> 1134mm<br \/>\n<strong>Profiilin korkeus:<\/strong> 13mm<br \/>\n<strong>Materiaalin vahvuus: <\/strong>0,45-0,50 mm<br \/>\n<strong>Pintamateriaali:<\/strong> ZN,AlZN,polyesteri,mattanova, PUR, PVDF, Printech<br \/>\n<strong>Min\/max pituus:<\/strong> 300 \/ 5800 mm<\/p>\n","protected":false},"excerpt":{"rendered":"<p>K\u00e4ytt\u00f6alue: sein\u00e4t Hy\u00f6dyllinen leveys: 1134mm Profiilin korkeus: 13mm Materiaalin vahvuus: 0,45-0,50 mm Pintamateriaali: ZN,AlZN,polyesteri,mattanova, PUR, PVDF, Printech Min\/max pituus: 300 \/ 5800 mm<\/p>\n","protected":false},"author":1,"featured_media":0,"parent":10318,"menu_order":5,"comment_status":"closed","ping_status":"closed","template":"product.php","meta":{"_acf_changed":false,"ngg_post_thumbnail":0,"footnotes":""},"class_list":["post-10449","page","type-page","status-publish","hentry"],"acf":[],"aioseo_notices":[],"_links":{"self":[{"href":"https:\/\/www.toode.ee\/fi\/wp-json\/wp\/v2\/pages\/10449"}],"collection":[{"href":"https:\/\/www.toode.ee\/fi\/wp-json\/wp\/v2\/pages"}],"about":[{"href":"https:\/\/www.toode.ee\/fi\/wp-json\/wp\/v2\/types\/page"}],"author":[{"embeddable":true,"href":"https:\/\/www.toode.ee\/fi\/wp-json\/wp\/v2\/users\/1"}],"replies":[{"embeddable":true,"href":"https:\/\/www.toode.ee\/fi\/wp-json\/wp\/v2\/comments?post=10449"}],"version-history":[{"count":0,"href":"https:\/\/www.toode.ee\/fi\/wp-json\/wp\/v2\/pages\/10449\/revisions"}],"up":[{"embeddable":true,"href":"https:\/\/www.toode.ee\/fi\/wp-json\/wp\/v2\/pages\/10318"}],"wp:attachment":[{"href":"https:\/\/www.toode.ee\/fi\/wp-json\/wp\/v2\/media?parent=10449"}],"curies":[{"name":"wp","href":"https:\/\/api.w.org\/{rel}","templated":true}]}}