{"id":10459,"date":"2016-05-27T09:52:47","date_gmt":"2016-05-27T06:52:47","guid":{"rendered":"https:\/\/www.toode.ee\/fi\/?page_id=10459"},"modified":"2017-03-29T11:40:18","modified_gmt":"2017-03-29T08:40:18","slug":"tp19","status":"publish","type":"page","link":"https:\/\/www.toode.ee\/fi\/tuotteemme-ja-palvelumme\/katto-ja-peiteprofiilit\/tp19\/","title":{"rendered":"TP19"},"content":{"rendered":"<p><strong>K\u00e4ytt\u00f6alue:<\/strong> vesikatot ja sein\u00e4t<br \/>\n<strong>Hy\u00f6dyllinen leveys:<\/strong> 1150mm<br \/>\n<strong>Profiilin korkeus: <\/strong> 18mm<br \/>\n<strong>Materiaalin vahvuus:<\/strong> 0,45-0,50 mm<br \/>\n<strong>Pintamateriaali:<\/strong> ZN,polyesteri,mattanova, PUR, PVDF<br \/>\n<strong>Min\/max pituus:<\/strong> 100 \/ 10000 mm<\/p>\n","protected":false},"excerpt":{"rendered":"<p>K\u00e4ytt\u00f6alue: vesikatot ja sein\u00e4t Hy\u00f6dyllinen leveys: 1150mm Profiilin korkeus: 18mm Materiaalin vahvuus: 0,45-0,50 mm Pintamateriaali: ZN,polyesteri,mattanova, PUR, PVDF Min\/max pituus: 100 \/ 10000 mm<\/p>\n","protected":false},"author":1,"featured_media":0,"parent":10318,"menu_order":10,"comment_status":"closed","ping_status":"closed","template":"product.php","meta":{"_acf_changed":false,"ngg_post_thumbnail":0,"footnotes":""},"class_list":["post-10459","page","type-page","status-publish","hentry"],"acf":[],"aioseo_notices":[],"_links":{"self":[{"href":"https:\/\/www.toode.ee\/fi\/wp-json\/wp\/v2\/pages\/10459"}],"collection":[{"href":"https:\/\/www.toode.ee\/fi\/wp-json\/wp\/v2\/pages"}],"about":[{"href":"https:\/\/www.toode.ee\/fi\/wp-json\/wp\/v2\/types\/page"}],"author":[{"embeddable":true,"href":"https:\/\/www.toode.ee\/fi\/wp-json\/wp\/v2\/users\/1"}],"replies":[{"embeddable":true,"href":"https:\/\/www.toode.ee\/fi\/wp-json\/wp\/v2\/comments?post=10459"}],"version-history":[{"count":0,"href":"https:\/\/www.toode.ee\/fi\/wp-json\/wp\/v2\/pages\/10459\/revisions"}],"up":[{"embeddable":true,"href":"https:\/\/www.toode.ee\/fi\/wp-json\/wp\/v2\/pages\/10318"}],"wp:attachment":[{"href":"https:\/\/www.toode.ee\/fi\/wp-json\/wp\/v2\/media?parent=10459"}],"curies":[{"name":"wp","href":"https:\/\/api.w.org\/{rel}","templated":true}]}}