{"id":10481,"date":"2016-05-27T10:03:01","date_gmt":"2016-05-27T07:03:01","guid":{"rendered":"https:\/\/www.toode.ee\/fi\/?page_id=10481"},"modified":"2017-03-30T08:16:50","modified_gmt":"2017-03-30T05:16:50","slug":"kourun-kiinnitysten-apuvalineet","status":"publish","type":"page","link":"https:\/\/www.toode.ee\/fi\/tuotteemme-ja-palvelumme\/sadevesijarjestelmat\/suorakulmaiset\/kourun-kiinnitysten-apuvalineet\/","title":{"rendered":"Kourun kiinnitysten apuv\u00e4lineet"},"content":{"rendered":"<p>K\u00e4ytet\u00e4\u00e4n kaltevissa r\u00e4yst\u00e4slaatikoissa, liitet\u00e4\u00e4n r\u00e4yst\u00e4skiinnitykseen pultti-mutteri-liitoksella. Saatavissa 15,20, 120, 90 ja 45-asteisina.&nbsp;<a href=\"https:\/\/www.toode.ee\/fi\/huolto-ohjeet\/asennusohjeet\/sadevesijarjestelma\/\">Ks. kuva<\/a><\/p>\n","protected":false},"excerpt":{"rendered":"<p>K\u00e4ytet\u00e4\u00e4n kaltevissa r\u00e4yst\u00e4slaatikoissa, liitet\u00e4\u00e4n r\u00e4yst\u00e4skiinnitykseen pultti-mutteri-liitoksella. Saatavissa 15,20, 120, 90 ja 45-asteisina.&nbsp;Ks. kuva<\/p>\n","protected":false},"author":1,"featured_media":0,"parent":10329,"menu_order":4,"comment_status":"closed","ping_status":"closed","template":"product.php","meta":{"_acf_changed":false,"ngg_post_thumbnail":0,"footnotes":""},"class_list":["post-10481","page","type-page","status-publish","hentry"],"acf":[],"aioseo_notices":[],"_links":{"self":[{"href":"https:\/\/www.toode.ee\/fi\/wp-json\/wp\/v2\/pages\/10481"}],"collection":[{"href":"https:\/\/www.toode.ee\/fi\/wp-json\/wp\/v2\/pages"}],"about":[{"href":"https:\/\/www.toode.ee\/fi\/wp-json\/wp\/v2\/types\/page"}],"author":[{"embeddable":true,"href":"https:\/\/www.toode.ee\/fi\/wp-json\/wp\/v2\/users\/1"}],"replies":[{"embeddable":true,"href":"https:\/\/www.toode.ee\/fi\/wp-json\/wp\/v2\/comments?post=10481"}],"version-history":[{"count":0,"href":"https:\/\/www.toode.ee\/fi\/wp-json\/wp\/v2\/pages\/10481\/revisions"}],"up":[{"embeddable":true,"href":"https:\/\/www.toode.ee\/fi\/wp-json\/wp\/v2\/pages\/10329"}],"wp:attachment":[{"href":"https:\/\/www.toode.ee\/fi\/wp-json\/wp\/v2\/media?parent=10481"}],"curies":[{"name":"wp","href":"https:\/\/api.w.org\/{rel}","templated":true}]}}