{"id":10503,"date":"2016-05-27T10:14:50","date_gmt":"2016-05-27T07:14:50","guid":{"rendered":"https:\/\/www.toode.ee\/fi\/?page_id=10503"},"modified":"2017-03-30T08:24:38","modified_gmt":"2017-03-30T05:24:38","slug":"kourun-paadyt-ja-alkukappale","status":"publish","type":"page","link":"https:\/\/www.toode.ee\/fi\/tuotteemme-ja-palvelumme\/sadevesijarjestelmat\/pyoreat\/kourun-paadyt-ja-alkukappale\/","title":{"rendered":"Kourun p\u00e4\u00e4dyt ja alkukappale"},"content":{"rendered":"<p>Kourun p\u00e4\u00e4dyt ovat vasemman- ja oikeanpuoleisia. Alkukappale on kourun pohjaan kiinnitett\u00e4v\u00e4 liitoskappale kourun ja putken yhteen liitt\u00e4miseen. Kiinnitet\u00e4\u00e4n niiteill\u00e4.<\/p>\n","protected":false},"excerpt":{"rendered":"<p>Kourun p\u00e4\u00e4dyt ovat vasemman- ja oikeanpuoleisia. Alkukappale on kourun pohjaan kiinnitett\u00e4v\u00e4 liitoskappale kourun ja putken yhteen liitt\u00e4miseen. Kiinnitet\u00e4\u00e4n niiteill\u00e4.<\/p>\n","protected":false},"author":1,"featured_media":0,"parent":10327,"menu_order":8,"comment_status":"closed","ping_status":"closed","template":"product.php","meta":{"_acf_changed":false,"ngg_post_thumbnail":0,"footnotes":""},"class_list":["post-10503","page","type-page","status-publish","hentry"],"acf":[],"aioseo_notices":[],"_links":{"self":[{"href":"https:\/\/www.toode.ee\/fi\/wp-json\/wp\/v2\/pages\/10503"}],"collection":[{"href":"https:\/\/www.toode.ee\/fi\/wp-json\/wp\/v2\/pages"}],"about":[{"href":"https:\/\/www.toode.ee\/fi\/wp-json\/wp\/v2\/types\/page"}],"author":[{"embeddable":true,"href":"https:\/\/www.toode.ee\/fi\/wp-json\/wp\/v2\/users\/1"}],"replies":[{"embeddable":true,"href":"https:\/\/www.toode.ee\/fi\/wp-json\/wp\/v2\/comments?post=10503"}],"version-history":[{"count":0,"href":"https:\/\/www.toode.ee\/fi\/wp-json\/wp\/v2\/pages\/10503\/revisions"}],"up":[{"embeddable":true,"href":"https:\/\/www.toode.ee\/fi\/wp-json\/wp\/v2\/pages\/10327"}],"wp:attachment":[{"href":"https:\/\/www.toode.ee\/fi\/wp-json\/wp\/v2\/media?parent=10503"}],"curies":[{"name":"wp","href":"https:\/\/api.w.org\/{rel}","templated":true}]}}