{"id":10529,"date":"2016-05-27T10:43:03","date_gmt":"2016-05-27T07:43:03","guid":{"rendered":"https:\/\/www.toode.ee\/fi\/?page_id=10529"},"modified":"2017-03-30T08:27:59","modified_gmt":"2017-03-30T05:27:59","slug":"putkenkiinnitys-puu-ja-kiviseinaan","status":"publish","type":"page","link":"https:\/\/www.toode.ee\/fi\/putkenkiinnitys-puu-ja-kiviseinaan\/","title":{"rendered":"Putkenkiinnitys puu- ja kivisein\u00e4\u00e4n"},"content":{"rendered":"<p>Putkenkiinnityksess\u00e4 ei ole mukana kiinnitystarviketta (ruuveja, kierretankoja tms.)<\/p>\n","protected":false},"excerpt":{"rendered":"<p>Putkenkiinnityksess\u00e4 ei ole mukana kiinnitystarviketta (ruuveja, kierretankoja tms.)<\/p>\n","protected":false},"author":1,"featured_media":0,"parent":0,"menu_order":9,"comment_status":"closed","ping_status":"closed","template":"product.php","meta":{"_acf_changed":false,"ngg_post_thumbnail":0,"footnotes":""},"class_list":["post-10529","page","type-page","status-publish","hentry"],"acf":[],"aioseo_notices":[],"_links":{"self":[{"href":"https:\/\/www.toode.ee\/fi\/wp-json\/wp\/v2\/pages\/10529"}],"collection":[{"href":"https:\/\/www.toode.ee\/fi\/wp-json\/wp\/v2\/pages"}],"about":[{"href":"https:\/\/www.toode.ee\/fi\/wp-json\/wp\/v2\/types\/page"}],"author":[{"embeddable":true,"href":"https:\/\/www.toode.ee\/fi\/wp-json\/wp\/v2\/users\/1"}],"replies":[{"embeddable":true,"href":"https:\/\/www.toode.ee\/fi\/wp-json\/wp\/v2\/comments?post=10529"}],"version-history":[{"count":0,"href":"https:\/\/www.toode.ee\/fi\/wp-json\/wp\/v2\/pages\/10529\/revisions"}],"wp:attachment":[{"href":"https:\/\/www.toode.ee\/fi\/wp-json\/wp\/v2\/media?parent=10529"}],"curies":[{"name":"wp","href":"https:\/\/api.w.org\/{rel}","templated":true}]}}