{"id":10532,"date":"2016-05-27T10:44:57","date_gmt":"2016-05-27T07:44:57","guid":{"rendered":"https:\/\/www.toode.ee\/fi\/?page_id=10532"},"modified":"2016-05-30T19:25:17","modified_gmt":"2016-05-30T16:25:17","slug":"lumiesteet","status":"publish","type":"page","link":"https:\/\/www.toode.ee\/fi\/tuotteemme-ja-palvelumme\/tarvikkeet\/lumiesteet\/","title":{"rendered":"Lumiesteet"},"content":{"rendered":"<p>Lumieste kahdella putkella tai Sigma-lumieste<br \/>\n<strong>Putken pituus:<\/strong> 3000mm<br \/>\n<strong>Kannattimien v\u00e4linen et\u00e4isyys: <\/strong>1500mm<br \/>\n<strong>K\u00e4ytt\u00f6alue: <\/strong>kivi- ja trapetsiprofiilit, saumakatot<br \/>\n<strong>V\u00e4rivalikoima:<\/strong> koko RR v\u00e4rikartta (paitsi RR40,41,42,43,44,45)<\/p>\n","protected":false},"excerpt":{"rendered":"<p>Lumieste kahdella putkella tai Sigma-lumieste Putken pituus: 3000mm Kannattimien v\u00e4linen et\u00e4isyys: 1500mm K\u00e4ytt\u00f6alue: kivi- ja trapetsiprofiilit, saumakatot V\u00e4rivalikoima: koko RR v\u00e4rikartta (paitsi RR40,41,42,43,44,45)<\/p>\n","protected":false},"author":1,"featured_media":0,"parent":10333,"menu_order":1,"comment_status":"closed","ping_status":"closed","template":"product.php","meta":{"_acf_changed":false,"ngg_post_thumbnail":0,"footnotes":""},"class_list":["post-10532","page","type-page","status-publish","hentry"],"acf":[],"aioseo_notices":[],"_links":{"self":[{"href":"https:\/\/www.toode.ee\/fi\/wp-json\/wp\/v2\/pages\/10532"}],"collection":[{"href":"https:\/\/www.toode.ee\/fi\/wp-json\/wp\/v2\/pages"}],"about":[{"href":"https:\/\/www.toode.ee\/fi\/wp-json\/wp\/v2\/types\/page"}],"author":[{"embeddable":true,"href":"https:\/\/www.toode.ee\/fi\/wp-json\/wp\/v2\/users\/1"}],"replies":[{"embeddable":true,"href":"https:\/\/www.toode.ee\/fi\/wp-json\/wp\/v2\/comments?post=10532"}],"version-history":[{"count":0,"href":"https:\/\/www.toode.ee\/fi\/wp-json\/wp\/v2\/pages\/10532\/revisions"}],"up":[{"embeddable":true,"href":"https:\/\/www.toode.ee\/fi\/wp-json\/wp\/v2\/pages\/10333"}],"wp:attachment":[{"href":"https:\/\/www.toode.ee\/fi\/wp-json\/wp\/v2\/media?parent=10532"}],"curies":[{"name":"wp","href":"https:\/\/api.w.org\/{rel}","templated":true}]}}