{"id":10534,"date":"2016-05-27T10:45:51","date_gmt":"2016-05-27T07:45:51","guid":{"rendered":"https:\/\/www.toode.ee\/fi\/?page_id=10534"},"modified":"2016-05-30T19:25:51","modified_gmt":"2016-05-30T16:25:51","slug":"kattosillat","status":"publish","type":"page","link":"https:\/\/www.toode.ee\/fi\/tuotteemme-ja-palvelumme\/tarvikkeet\/kattosillat\/","title":{"rendered":"Kattosillat"},"content":{"rendered":"<p><strong>Levyn pituus:<\/strong> 3000mm \/ 1000mm<br \/>\n<strong>Kannattimien v\u00e4linen et\u00e4isyys: <\/strong>1500mm<br \/>\n<strong>Kulkutien leveys:<\/strong> 350mm<br \/>\n<strong>K\u00e4ytt\u00f6alue:<\/strong> kivi- ja trapetsiprofiilit, saumakatto<br \/>\n<strong>V\u00e4rivalikoima:<\/strong> koko RR v\u00e4rikartta (paitsi RR40,41,42,43,44,45)<\/p>\n","protected":false},"excerpt":{"rendered":"<p>Levyn pituus: 3000mm \/ 1000mm Kannattimien v\u00e4linen et\u00e4isyys: 1500mm Kulkutien leveys: 350mm K\u00e4ytt\u00f6alue: kivi- ja trapetsiprofiilit, saumakatto V\u00e4rivalikoima: koko RR v\u00e4rikartta (paitsi RR40,41,42,43,44,45)<\/p>\n","protected":false},"author":1,"featured_media":0,"parent":10333,"menu_order":4,"comment_status":"closed","ping_status":"closed","template":"product.php","meta":{"_acf_changed":false,"ngg_post_thumbnail":0,"footnotes":""},"class_list":["post-10534","page","type-page","status-publish","hentry"],"acf":[],"aioseo_notices":[],"_links":{"self":[{"href":"https:\/\/www.toode.ee\/fi\/wp-json\/wp\/v2\/pages\/10534"}],"collection":[{"href":"https:\/\/www.toode.ee\/fi\/wp-json\/wp\/v2\/pages"}],"about":[{"href":"https:\/\/www.toode.ee\/fi\/wp-json\/wp\/v2\/types\/page"}],"author":[{"embeddable":true,"href":"https:\/\/www.toode.ee\/fi\/wp-json\/wp\/v2\/users\/1"}],"replies":[{"embeddable":true,"href":"https:\/\/www.toode.ee\/fi\/wp-json\/wp\/v2\/comments?post=10534"}],"version-history":[{"count":0,"href":"https:\/\/www.toode.ee\/fi\/wp-json\/wp\/v2\/pages\/10534\/revisions"}],"up":[{"embeddable":true,"href":"https:\/\/www.toode.ee\/fi\/wp-json\/wp\/v2\/pages\/10333"}],"wp:attachment":[{"href":"https:\/\/www.toode.ee\/fi\/wp-json\/wp\/v2\/media?parent=10534"}],"curies":[{"name":"wp","href":"https:\/\/api.w.org\/{rel}","templated":true}]}}