{"id":10538,"date":"2016-05-27T10:46:39","date_gmt":"2016-05-27T07:46:39","guid":{"rendered":"https:\/\/www.toode.ee\/fi\/?page_id=10538"},"modified":"2016-11-29T13:25:34","modified_gmt":"2016-11-29T11:25:34","slug":"katto-ja-seinatikkaat","status":"publish","type":"page","link":"https:\/\/www.toode.ee\/fi\/tuotteemme-ja-palvelumme\/tarvikkeet\/katto-ja-seinatikkaat\/","title":{"rendered":"Katto- ja sein\u00e4tikkaat"},"content":{"rendered":"<p><strong>Tikkaiden runkojen pituudet:<\/strong>\u00a0 3000mm ; 1200mm<br \/>\n<strong>Sein\u00e4tikkaiden jalkojen et\u00e4isyys: <\/strong>max 2000mm<br \/>\n<strong>Kattotikkaiden jalkojen et\u00e4isyys:<\/strong> max 2000mm<br \/>\n<strong>K\u00e4ytt\u00f6alue: <\/strong>enint\u00e4\u00e4n kahden kerroksen korkuiset sein\u00e4t; vesikatot<br \/>\n<strong>V\u00e4rivalikoima:<\/strong> koko RR v\u00e4rikartta (paitsi RR40,41,42,43,44,45)<\/p>\n","protected":false},"excerpt":{"rendered":"<p>Tikkaiden runkojen pituudet:\u00a0 3000mm ; 1200mm Sein\u00e4tikkaiden jalkojen et\u00e4isyys: max 2000mm Kattotikkaiden jalkojen et\u00e4isyys: max 2000mm K\u00e4ytt\u00f6alue: enint\u00e4\u00e4n kahden kerroksen korkuiset sein\u00e4t; vesikatot V\u00e4rivalikoima: koko RR v\u00e4rikartta (paitsi RR40,41,42,43,44,45)<\/p>\n","protected":false},"author":1,"featured_media":17866,"parent":10333,"menu_order":6,"comment_status":"closed","ping_status":"closed","template":"product.php","meta":{"_acf_changed":false,"ngg_post_thumbnail":0,"footnotes":""},"class_list":["post-10538","page","type-page","status-publish","has-post-thumbnail","hentry"],"acf":[],"aioseo_notices":[],"_links":{"self":[{"href":"https:\/\/www.toode.ee\/fi\/wp-json\/wp\/v2\/pages\/10538"}],"collection":[{"href":"https:\/\/www.toode.ee\/fi\/wp-json\/wp\/v2\/pages"}],"about":[{"href":"https:\/\/www.toode.ee\/fi\/wp-json\/wp\/v2\/types\/page"}],"author":[{"embeddable":true,"href":"https:\/\/www.toode.ee\/fi\/wp-json\/wp\/v2\/users\/1"}],"replies":[{"embeddable":true,"href":"https:\/\/www.toode.ee\/fi\/wp-json\/wp\/v2\/comments?post=10538"}],"version-history":[{"count":0,"href":"https:\/\/www.toode.ee\/fi\/wp-json\/wp\/v2\/pages\/10538\/revisions"}],"up":[{"embeddable":true,"href":"https:\/\/www.toode.ee\/fi\/wp-json\/wp\/v2\/pages\/10333"}],"wp:featuredmedia":[{"embeddable":true,"href":"https:\/\/www.toode.ee\/fi\/wp-json\/wp\/v2\/media\/17866"}],"wp:attachment":[{"href":"https:\/\/www.toode.ee\/fi\/wp-json\/wp\/v2\/media?parent=10538"}],"curies":[{"name":"wp","href":"https:\/\/api.w.org\/{rel}","templated":true}]}}