{"id":10540,"date":"2016-05-27T10:47:12","date_gmt":"2016-05-27T07:47:12","guid":{"rendered":"https:\/\/www.toode.ee\/fi\/?page_id=10540"},"modified":"2016-05-27T10:47:12","modified_gmt":"2016-05-27T07:47:12","slug":"lintueste","status":"publish","type":"page","link":"https:\/\/www.toode.ee\/fi\/tuotteemme-ja-palvelumme\/tarvikkeet\/lintueste\/","title":{"rendered":"Lintueste"},"content":{"rendered":"<p>Lintujen laskeutumisen est\u00e4v\u00e4 lintueste<br \/>\n<strong>Materiaali:<\/strong> ruostumaton ter\u00e4s<br \/>\n<strong>Kiinnitys:<\/strong> SL2 ruuvit 4 kpl.\/jm<br \/>\n<strong>Pituus: <\/strong>1000mm<\/p>\n","protected":false},"excerpt":{"rendered":"<p>Lintujen laskeutumisen est\u00e4v\u00e4 lintueste Materiaali: ruostumaton ter\u00e4s Kiinnitys: SL2 ruuvit 4 kpl.\/jm Pituus: 1000mm<\/p>\n","protected":false},"author":1,"featured_media":0,"parent":10333,"menu_order":8,"comment_status":"closed","ping_status":"closed","template":"product.php","meta":{"_acf_changed":false,"ngg_post_thumbnail":0,"footnotes":""},"class_list":["post-10540","page","type-page","status-publish","hentry"],"acf":[],"aioseo_notices":[],"_links":{"self":[{"href":"https:\/\/www.toode.ee\/fi\/wp-json\/wp\/v2\/pages\/10540"}],"collection":[{"href":"https:\/\/www.toode.ee\/fi\/wp-json\/wp\/v2\/pages"}],"about":[{"href":"https:\/\/www.toode.ee\/fi\/wp-json\/wp\/v2\/types\/page"}],"author":[{"embeddable":true,"href":"https:\/\/www.toode.ee\/fi\/wp-json\/wp\/v2\/users\/1"}],"replies":[{"embeddable":true,"href":"https:\/\/www.toode.ee\/fi\/wp-json\/wp\/v2\/comments?post=10540"}],"version-history":[{"count":0,"href":"https:\/\/www.toode.ee\/fi\/wp-json\/wp\/v2\/pages\/10540\/revisions"}],"up":[{"embeddable":true,"href":"https:\/\/www.toode.ee\/fi\/wp-json\/wp\/v2\/pages\/10333"}],"wp:attachment":[{"href":"https:\/\/www.toode.ee\/fi\/wp-json\/wp\/v2\/media?parent=10540"}],"curies":[{"name":"wp","href":"https:\/\/api.w.org\/{rel}","templated":true}]}}