{"id":10542,"date":"2016-05-27T10:47:42","date_gmt":"2016-05-27T07:47:42","guid":{"rendered":"https:\/\/www.toode.ee\/fi\/?page_id=10542"},"modified":"2016-05-27T10:47:42","modified_gmt":"2016-05-27T07:47:42","slug":"velux-kattoikkunat","status":"publish","type":"page","link":"https:\/\/www.toode.ee\/fi\/tuotteemme-ja-palvelumme\/tarvikkeet\/velux-kattoikkunat\/","title":{"rendered":"Velux kattoikkunat"},"content":{"rendered":"<p><strong>Ikkunatyypit:<\/strong> GZL, GGL, GPL, GGU (muovi-ikkuna), Integra (s\u00e4hk\u00f6isesti ohjattava), GVT (luukku)<br \/>\n<strong>Peltilistat (kosteuseriste):<\/strong> sileisiin (EDS) ja aalto-kattopeitteisiin (EDH)<br \/>\n<strong>Lis\u00e4tarvikkeet:<\/strong> verhot, rullaverhot, auringonsuojat, kauko-ohjaustangot yms.<\/p>\n<p>HUOM! Jos k\u00e4yt\u00e4tte asennuskaulusta BDX-2000, annamme VELUX-kattoikkunoille 10 vuoden takuun!<\/p>\n","protected":false},"excerpt":{"rendered":"<p>Ikkunatyypit: GZL, GGL, GPL, GGU (muovi-ikkuna), Integra (s\u00e4hk\u00f6isesti ohjattava), GVT (luukku) Peltilistat (kosteuseriste): sileisiin (EDS) ja aalto-kattopeitteisiin (EDH) Lis\u00e4tarvikkeet: verhot, rullaverhot, auringonsuojat, kauko-ohjaustangot yms. HUOM! Jos k\u00e4yt\u00e4tte asennuskaulusta BDX-2000, annamme VELUX-kattoikkunoille 10 vuoden takuun!<\/p>\n","protected":false},"author":1,"featured_media":0,"parent":10333,"menu_order":9,"comment_status":"closed","ping_status":"closed","template":"product.php","meta":{"_acf_changed":false,"ngg_post_thumbnail":0,"footnotes":""},"class_list":["post-10542","page","type-page","status-publish","hentry"],"acf":[],"aioseo_notices":[],"_links":{"self":[{"href":"https:\/\/www.toode.ee\/fi\/wp-json\/wp\/v2\/pages\/10542"}],"collection":[{"href":"https:\/\/www.toode.ee\/fi\/wp-json\/wp\/v2\/pages"}],"about":[{"href":"https:\/\/www.toode.ee\/fi\/wp-json\/wp\/v2\/types\/page"}],"author":[{"embeddable":true,"href":"https:\/\/www.toode.ee\/fi\/wp-json\/wp\/v2\/users\/1"}],"replies":[{"embeddable":true,"href":"https:\/\/www.toode.ee\/fi\/wp-json\/wp\/v2\/comments?post=10542"}],"version-history":[{"count":0,"href":"https:\/\/www.toode.ee\/fi\/wp-json\/wp\/v2\/pages\/10542\/revisions"}],"up":[{"embeddable":true,"href":"https:\/\/www.toode.ee\/fi\/wp-json\/wp\/v2\/pages\/10333"}],"wp:attachment":[{"href":"https:\/\/www.toode.ee\/fi\/wp-json\/wp\/v2\/media?parent=10542"}],"curies":[{"name":"wp","href":"https:\/\/api.w.org\/{rel}","templated":true}]}}