{"id":10546,"date":"2016-05-27T10:48:38","date_gmt":"2016-05-27T07:48:38","guid":{"rendered":"https:\/\/www.toode.ee\/fi\/?page_id=10546"},"modified":"2016-05-27T10:48:38","modified_gmt":"2016-05-27T07:48:38","slug":"kattoluukut","status":"publish","type":"page","link":"https:\/\/www.toode.ee\/fi\/tuotteemme-ja-palvelumme\/tarvikkeet\/kattoluukut\/","title":{"rendered":"Kattoluukut"},"content":{"rendered":"<p><strong>Kattoluukku (muovia)<\/strong><br \/>\nAukon koko: 600x600mm<br \/>\nLevyn koko: 800x1100mm<br \/>\nK\u00e4ytt\u00f6alue: Tiilikuvioprofiili<br \/>\nV\u00e4rivalikoima: RR29 punainen; RR32 tummanruskea, RR33 musta<\/p>\n<p><strong>Kattoluukku (pelti)<\/strong><br \/>\nAukon koko: 600x600mm<br \/>\nLevyn koko: 1220x1570mm<br \/>\nK\u00e4ytt\u00f6alue: tiilikuvio- ja poimulevyprofiilit , saumakatto ym. sile\u00e4t kattop\u00e4\u00e4llysteet<br \/>\nV\u00e4rivalikoima: koko RR v\u00e4rikartta<\/p>\n","protected":false},"excerpt":{"rendered":"<p>Kattoluukku (muovia) Aukon koko: 600x600mm Levyn koko: 800x1100mm K\u00e4ytt\u00f6alue: Tiilikuvioprofiili V\u00e4rivalikoima: RR29 punainen; RR32 tummanruskea, RR33 musta Kattoluukku (pelti) Aukon koko: 600x600mm Levyn koko: 1220x1570mm K\u00e4ytt\u00f6alue: tiilikuvio- ja poimulevyprofiilit , saumakatto ym. sile\u00e4t kattop\u00e4\u00e4llysteet V\u00e4rivalikoima: koko RR v\u00e4rikartta<\/p>\n","protected":false},"author":1,"featured_media":0,"parent":10333,"menu_order":11,"comment_status":"closed","ping_status":"closed","template":"product.php","meta":{"_acf_changed":false,"ngg_post_thumbnail":0,"footnotes":""},"class_list":["post-10546","page","type-page","status-publish","hentry"],"acf":[],"aioseo_notices":[],"_links":{"self":[{"href":"https:\/\/www.toode.ee\/fi\/wp-json\/wp\/v2\/pages\/10546"}],"collection":[{"href":"https:\/\/www.toode.ee\/fi\/wp-json\/wp\/v2\/pages"}],"about":[{"href":"https:\/\/www.toode.ee\/fi\/wp-json\/wp\/v2\/types\/page"}],"author":[{"embeddable":true,"href":"https:\/\/www.toode.ee\/fi\/wp-json\/wp\/v2\/users\/1"}],"replies":[{"embeddable":true,"href":"https:\/\/www.toode.ee\/fi\/wp-json\/wp\/v2\/comments?post=10546"}],"version-history":[{"count":0,"href":"https:\/\/www.toode.ee\/fi\/wp-json\/wp\/v2\/pages\/10546\/revisions"}],"up":[{"embeddable":true,"href":"https:\/\/www.toode.ee\/fi\/wp-json\/wp\/v2\/pages\/10333"}],"wp:attachment":[{"href":"https:\/\/www.toode.ee\/fi\/wp-json\/wp\/v2\/media?parent=10546"}],"curies":[{"name":"wp","href":"https:\/\/api.w.org\/{rel}","templated":true}]}}