{"id":10560,"date":"2016-05-27T10:52:46","date_gmt":"2016-05-27T07:52:46","guid":{"rendered":"https:\/\/www.toode.ee\/fi\/?page_id=10560"},"modified":"2016-05-27T10:52:46","modified_gmt":"2016-05-27T07:52:46","slug":"saumakattojen-eristetiiviste","status":"publish","type":"page","link":"https:\/\/www.toode.ee\/fi\/tuotteemme-ja-palvelumme\/tarvikkeet\/saumakattojen-eristetiiviste\/","title":{"rendered":"Saumakattojen eristetiiviste"},"content":{"rendered":"<p><strong>K\u00e4ytt\u00f6alue: <\/strong>saumakatto, kantasauma. K\u00e4ytet\u00e4\u00e4n tuulen ja sateen aiheuttaman melun v\u00e4hent\u00e4miseen peltilevyjen alla. <br \/>\n<strong>Pakkaus: <\/strong>25 jm rullat<\/p>\n<p><strong>Mitat: <\/strong>korkeus 6mm (korkeampi osa)<br \/>\nkorkeus 4mm (matalampi osa)<br \/>\nleveys 95mm<\/p>\n","protected":false},"excerpt":{"rendered":"<p>K\u00e4ytt\u00f6alue: saumakatto, kantasauma. K\u00e4ytet\u00e4\u00e4n tuulen ja sateen aiheuttaman melun v\u00e4hent\u00e4miseen peltilevyjen alla. Pakkaus: 25 jm rullat Mitat: korkeus 6mm (korkeampi osa) korkeus 4mm (matalampi osa) leveys 95mm<\/p>\n","protected":false},"author":1,"featured_media":18551,"parent":10333,"menu_order":17,"comment_status":"closed","ping_status":"closed","template":"product.php","meta":{"_acf_changed":false,"ngg_post_thumbnail":0,"footnotes":""},"class_list":["post-10560","page","type-page","status-publish","has-post-thumbnail","hentry"],"acf":[],"aioseo_notices":[],"_links":{"self":[{"href":"https:\/\/www.toode.ee\/fi\/wp-json\/wp\/v2\/pages\/10560"}],"collection":[{"href":"https:\/\/www.toode.ee\/fi\/wp-json\/wp\/v2\/pages"}],"about":[{"href":"https:\/\/www.toode.ee\/fi\/wp-json\/wp\/v2\/types\/page"}],"author":[{"embeddable":true,"href":"https:\/\/www.toode.ee\/fi\/wp-json\/wp\/v2\/users\/1"}],"replies":[{"embeddable":true,"href":"https:\/\/www.toode.ee\/fi\/wp-json\/wp\/v2\/comments?post=10560"}],"version-history":[{"count":0,"href":"https:\/\/www.toode.ee\/fi\/wp-json\/wp\/v2\/pages\/10560\/revisions"}],"up":[{"embeddable":true,"href":"https:\/\/www.toode.ee\/fi\/wp-json\/wp\/v2\/pages\/10333"}],"wp:featuredmedia":[{"embeddable":true,"href":"https:\/\/www.toode.ee\/fi\/wp-json\/wp\/v2\/media\/18551"}],"wp:attachment":[{"href":"https:\/\/www.toode.ee\/fi\/wp-json\/wp\/v2\/media?parent=10560"}],"curies":[{"name":"wp","href":"https:\/\/api.w.org\/{rel}","templated":true}]}}