{"id":10602,"date":"2016-05-27T11:16:58","date_gmt":"2016-05-27T08:16:58","guid":{"rendered":"https:\/\/www.toode.ee\/fi\/?page_id=10602"},"modified":"2016-05-30T19:43:26","modified_gmt":"2016-05-30T16:43:26","slug":"seinaelementti-w","status":"publish","type":"page","link":"https:\/\/www.toode.ee\/fi\/tuotteemme-ja-palvelumme\/sandwichelementit\/seinaelementti-w\/","title":{"rendered":"Sein\u00e4elementti W"},"content":{"rendered":"<p><strong>K\u00e4ytt\u00f6alue:<\/strong> sein\u00e4t<br \/>\n<strong>Max.pituus (m): <\/strong>13,50<br \/>\n<strong>L\u00e4mp\u00f6eristemateriaali: <\/strong>Polystyroli, PUR, PIR tai kivivilla<br \/>\n<strong>L\u00e4mp\u00f6eristeen vahvuus (mm): <\/strong>50,80,100,120,150,175,200,250,300mm<\/p>\n","protected":false},"excerpt":{"rendered":"<p>K\u00e4ytt\u00f6alue: sein\u00e4t Max.pituus (m): 13,50 L\u00e4mp\u00f6eristemateriaali: Polystyroli, PUR, PIR tai kivivilla L\u00e4mp\u00f6eristeen vahvuus (mm): 50,80,100,120,150,175,200,250,300mm<\/p>\n","protected":false},"author":1,"featured_media":0,"parent":10347,"menu_order":1,"comment_status":"closed","ping_status":"closed","template":"product.php","meta":{"_acf_changed":false,"ngg_post_thumbnail":0,"footnotes":""},"class_list":["post-10602","page","type-page","status-publish","hentry"],"acf":[],"aioseo_notices":[],"_links":{"self":[{"href":"https:\/\/www.toode.ee\/fi\/wp-json\/wp\/v2\/pages\/10602"}],"collection":[{"href":"https:\/\/www.toode.ee\/fi\/wp-json\/wp\/v2\/pages"}],"about":[{"href":"https:\/\/www.toode.ee\/fi\/wp-json\/wp\/v2\/types\/page"}],"author":[{"embeddable":true,"href":"https:\/\/www.toode.ee\/fi\/wp-json\/wp\/v2\/users\/1"}],"replies":[{"embeddable":true,"href":"https:\/\/www.toode.ee\/fi\/wp-json\/wp\/v2\/comments?post=10602"}],"version-history":[{"count":0,"href":"https:\/\/www.toode.ee\/fi\/wp-json\/wp\/v2\/pages\/10602\/revisions"}],"up":[{"embeddable":true,"href":"https:\/\/www.toode.ee\/fi\/wp-json\/wp\/v2\/pages\/10347"}],"wp:attachment":[{"href":"https:\/\/www.toode.ee\/fi\/wp-json\/wp\/v2\/media?parent=10602"}],"curies":[{"name":"wp","href":"https:\/\/api.w.org\/{rel}","templated":true}]}}