{"id":10604,"date":"2016-05-27T11:17:38","date_gmt":"2016-05-27T08:17:38","guid":{"rendered":"https:\/\/www.toode.ee\/fi\/?page_id=10604"},"modified":"2016-05-30T19:44:24","modified_gmt":"2016-05-30T16:44:24","slug":"kattoelementti-r","status":"publish","type":"page","link":"https:\/\/www.toode.ee\/fi\/tuotteemme-ja-palvelumme\/sandwichelementit\/kattoelementti-r\/","title":{"rendered":"Kattoelementti R"},"content":{"rendered":"<p><strong>K\u00e4ytt\u00f6alue: <\/strong>kattot<br \/>\n<strong>Max.pituus (m): <\/strong>13,50<br \/>\n<strong>L\u00e4mp\u00f6eristemateriaali: <\/strong>Polystyroli,PUR,PIR tai kivivilla<br \/>\n<strong>L\u00e4mp\u00f6eristeen vahvuus (mm): <\/strong>50,80,100,120,150,175,200, 250mm<\/p>\n","protected":false},"excerpt":{"rendered":"<p>K\u00e4ytt\u00f6alue: kattot Max.pituus (m): 13,50 L\u00e4mp\u00f6eristemateriaali: Polystyroli,PUR,PIR tai kivivilla L\u00e4mp\u00f6eristeen vahvuus (mm): 50,80,100,120,150,175,200, 250mm<\/p>\n","protected":false},"author":1,"featured_media":0,"parent":10347,"menu_order":3,"comment_status":"closed","ping_status":"closed","template":"product.php","meta":{"_acf_changed":false,"ngg_post_thumbnail":0,"footnotes":""},"class_list":["post-10604","page","type-page","status-publish","hentry"],"acf":[],"aioseo_notices":[],"_links":{"self":[{"href":"https:\/\/www.toode.ee\/fi\/wp-json\/wp\/v2\/pages\/10604"}],"collection":[{"href":"https:\/\/www.toode.ee\/fi\/wp-json\/wp\/v2\/pages"}],"about":[{"href":"https:\/\/www.toode.ee\/fi\/wp-json\/wp\/v2\/types\/page"}],"author":[{"embeddable":true,"href":"https:\/\/www.toode.ee\/fi\/wp-json\/wp\/v2\/users\/1"}],"replies":[{"embeddable":true,"href":"https:\/\/www.toode.ee\/fi\/wp-json\/wp\/v2\/comments?post=10604"}],"version-history":[{"count":0,"href":"https:\/\/www.toode.ee\/fi\/wp-json\/wp\/v2\/pages\/10604\/revisions"}],"up":[{"embeddable":true,"href":"https:\/\/www.toode.ee\/fi\/wp-json\/wp\/v2\/pages\/10347"}],"wp:attachment":[{"href":"https:\/\/www.toode.ee\/fi\/wp-json\/wp\/v2\/media?parent=10604"}],"curies":[{"name":"wp","href":"https:\/\/api.w.org\/{rel}","templated":true}]}}