{"id":8797,"date":"2016-05-11T15:36:21","date_gmt":"2016-05-11T12:36:21","guid":{"rendered":"https:\/\/www.toode.ee\/fi\/?page_id=8797"},"modified":"2016-06-03T20:56:52","modified_gmt":"2016-06-03T17:56:52","slug":"kysy-hintatarjousta","status":"publish","type":"page","link":"https:\/\/www.toode.ee\/fi\/kysy-hintatarjousta\/","title":{"rendered":"Kysy hintatarjousta"},"content":{"rendered":"<p><strong>Valitkaa sopiva katon muoto ja t\u00e4ytt\u00e4k\u00e4\u00e4 sarakkeet (mitat ovat mm:iss\u00e4!)<\/strong><\/p>\n<p>Mik\u00e4li sopivaa kattomuotoa ei l\u00f6ydy tai katon tarkat mitat eiv\u00e4t ole tiedossa, tai sitten haluatte ei kovinkaan tarkkaa tarjousta, niin painakaa mink\u00e4 tahansa kattomuodon kuvaa ja t\u00e4ytt\u00e4k\u00e4\u00e4 vain avautuvan lis\u00e4tietojen sarakken tiedot!<\/p>\n<p><strong>Aloita hintatarjouksen pyyt\u00e4minen T\u00c4ST\u00c4<\/strong><\/p>\n<p><strong>Katso my\u00f6s: <a href=\"https:\/\/www.toode.ee\/fi\/avuksi-hintatarjousta-pyytaessa-ja-tilausta-tekemassa\/\">Avuksi hintatarjousta pyyt\u00e4ess\u00e4 ja tilausta tekem\u00e4ss\u00e4<\/a><\/strong><\/p>\n<p>&nbsp;<\/p>\n<p><a href=\"https:\/\/www.toode.ee\/fi\/kysy-hintatarjousta\/ katus-1\/\"><img loading=\"lazy\" decoding=\"async\" src=\"https:\/\/www.toode.ee\/wp-content\/uploads\/2016\/04\/katus-1.gif\" alt=\"\" width=\"150\" height=\"109\" border=\"0\" hspace=\"10\" vspace=\"10\" \/><\/a> <a href=\"https:\/\/www.toode.ee\/fi\/kysy-hintatarjousta\/ katus-2\/\"><img loading=\"lazy\" decoding=\"async\" src=\"https:\/\/www.toode.ee\/wp-content\/uploads\/2016\/04\/katus-2.gif\" alt=\"\" width=\"150\" height=\"105\" border=\"0\" hspace=\"10\" vspace=\"10\" \/><\/a> <a href=\"https:\/\/www.toode.ee\/fi\/kysy-hintatarjousta\/ katus-3\/\"><img loading=\"lazy\" decoding=\"async\" src=\"https:\/\/www.toode.ee\/wp-content\/uploads\/2016\/04\/katus-3.gif\" alt=\"\" width=\"150\" height=\"97\" border=\"0\" hspace=\"10\" vspace=\"10\" \/><\/a><br \/>\n<a href=\"https:\/\/www.toode.ee\/fi\/kysy-hintatarjousta\/ katus-4\/\"><img loading=\"lazy\" decoding=\"async\" src=\"https:\/\/www.toode.ee\/wp-content\/uploads\/2016\/04\/katus-4.gif\" alt=\"\" width=\"150\" height=\"98\" border=\"0\" hspace=\"10\" vspace=\"10\" \/><\/a> <a href=\"https:\/\/www.toode.ee\/fi\/kysy-hintatarjousta\/ katus-5\/\"><img loading=\"lazy\" decoding=\"async\" src=\"https:\/\/www.toode.ee\/wp-content\/uploads\/2016\/04\/katus-5.gif\" alt=\"\" width=\"150\" height=\"89\" border=\"0\" hspace=\"10\" vspace=\"10\" \/><\/a> <a href=\"https:\/\/www.toode.ee\/fi\/kysy-hintatarjousta\/ katus-6\/\"><img loading=\"lazy\" decoding=\"async\" src=\"https:\/\/www.toode.ee\/wp-content\/uploads\/2016\/04\/katus-6.gif\" alt=\"\" width=\"150\" height=\"86\" border=\"0\" hspace=\"10\" vspace=\"10\" \/><\/a><br \/>\n<a href=\"https:\/\/www.toode.ee\/fi\/kysy-hintatarjousta\/ katus-7\/\"><img loading=\"lazy\" decoding=\"async\" src=\"https:\/\/www.toode.ee\/wp-content\/uploads\/2016\/04\/katus-7.gif\" alt=\"\" width=\"150\" height=\"107\" border=\"0\" hspace=\"10\" vspace=\"10\" \/><\/a> <a href=\"https:\/\/www.toode.ee\/fi\/kysy-hintatarjousta\/ katus-8\/\"><img loading=\"lazy\" decoding=\"async\" src=\"https:\/\/www.toode.ee\/wp-content\/uploads\/2016\/04\/katus-8.gif\" alt=\"\" width=\"150\" height=\"101\" border=\"0\" hspace=\"10\" vspace=\"10\" \/><\/a> <a href=\"https:\/\/www.toode.ee\/fi\/kysy-hintatarjousta\/ katus-9\/\"><img loading=\"lazy\" decoding=\"async\" src=\"https:\/\/www.toode.ee\/wp-content\/uploads\/2016\/04\/katus-9.gif\" alt=\"\" width=\"150\" height=\"84\" border=\"0\" hspace=\"10\" vspace=\"10\" \/><\/a><br \/>\n<a href=\"https:\/\/www.toode.ee\/fi\/kysy-hintatarjousta\/ katus-10\/\"><img loading=\"lazy\" decoding=\"async\" src=\"https:\/\/www.toode.ee\/wp-content\/uploads\/2016\/04\/katus-10.gif\" alt=\"\" width=\"150\" height=\"102\" border=\"0\" hspace=\"10\" vspace=\"10\" \/><\/a> <a href=\"https:\/\/www.toode.ee\/fi\/kysy-hintatarjousta\/ katus-11\/\"><img loading=\"lazy\" decoding=\"async\" src=\"https:\/\/www.toode.ee\/wp-content\/uploads\/2016\/04\/katus-11.gif\" alt=\"\" width=\"150\" height=\"83\" border=\"0\" hspace=\"10\" vspace=\"10\" \/><\/a><\/p>\n","protected":false},"excerpt":{"rendered":"<p>Valitkaa sopiva katon muoto ja t\u00e4ytt\u00e4k\u00e4\u00e4 sarakkeet (mitat ovat mm:iss\u00e4!) Mik\u00e4li sopivaa kattomuotoa ei l\u00f6ydy tai katon tarkat mitat eiv\u00e4t ole tiedossa, tai sitten haluatte ei kovinkaan tarkkaa tarjousta, niin painakaa mink\u00e4 tahansa kattomuodon kuvaa ja t\u00e4ytt\u00e4k\u00e4\u00e4 vain avautuvan lis\u00e4tietojen sarakken tiedot! Aloita hintatarjouksen pyyt\u00e4minen T\u00c4ST\u00c4 Katso my\u00f6s: Avuksi hintatarjousta pyyt\u00e4ess\u00e4 ja tilausta tekem\u00e4ss\u00e4 &nbsp;<\/p>\n","protected":false},"author":1,"featured_media":0,"parent":0,"menu_order":18,"comment_status":"closed","ping_status":"closed","template":"hinnaparing.php","meta":{"_acf_changed":false,"ngg_post_thumbnail":0,"footnotes":""},"class_list":["post-8797","page","type-page","status-publish","hentry"],"acf":[],"aioseo_notices":[],"_links":{"self":[{"href":"https:\/\/www.toode.ee\/fi\/wp-json\/wp\/v2\/pages\/8797"}],"collection":[{"href":"https:\/\/www.toode.ee\/fi\/wp-json\/wp\/v2\/pages"}],"about":[{"href":"https:\/\/www.toode.ee\/fi\/wp-json\/wp\/v2\/types\/page"}],"author":[{"embeddable":true,"href":"https:\/\/www.toode.ee\/fi\/wp-json\/wp\/v2\/users\/1"}],"replies":[{"embeddable":true,"href":"https:\/\/www.toode.ee\/fi\/wp-json\/wp\/v2\/comments?post=8797"}],"version-history":[{"count":0,"href":"https:\/\/www.toode.ee\/fi\/wp-json\/wp\/v2\/pages\/8797\/revisions"}],"wp:attachment":[{"href":"https:\/\/www.toode.ee\/fi\/wp-json\/wp\/v2\/media?parent=8797"}],"curies":[{"name":"wp","href":"https:\/\/api.w.org\/{rel}","templated":true}]}}