{"id":8810,"date":"2016-05-12T14:03:18","date_gmt":"2016-05-12T11:03:18","guid":{"rendered":"https:\/\/www.toode.ee\/fi\/?page_id=8810"},"modified":"2016-05-12T14:03:18","modified_gmt":"2016-05-12T11:03:18","slug":"katus-2","status":"publish","type":"page","link":"https:\/\/www.toode.ee\/fi\/kysy-hintatarjousta\/katus-2\/","title":{"rendered":"Katus 2"},"content":{"rendered":"<p>Mik\u00e4li sopivaa kattomuotoa ei l\u00f6ydy tai katon tarkat mitat eiv\u00e4t ole tiedossa, tai sitten haluatte ei kovinkaan tarkkaa tarjousta, niin painakaa mink\u00e4 tahansa kattomuodon kuvaa ja t\u00e4ytt\u00e4k\u00e4\u00e4 vain avautuvan lis\u00e4tietojen sarakken tiedot!<\/p>\n<h4>Pyyd\u00e4 hintatarjous!<\/h4>\n\n<div class=\"wpcf7 no-js\" id=\"wpcf7-f8751-o1\" lang=\"et\" dir=\"ltr\">\n<div class=\"screen-reader-response\"><p role=\"status\" aria-live=\"polite\" aria-atomic=\"true\"><\/p> <ul><\/ul><\/div>\n<form action=\"\/fi\/wp-json\/wp\/v2\/pages\/8810#wpcf7-f8751-o1\" method=\"post\" class=\"wpcf7-form init\" aria-label=\"Contact form\" enctype=\"multipart\/form-data\" novalidate=\"novalidate\" data-status=\"init\">\n<div style=\"display: none;\">\n<input type=\"hidden\" name=\"_wpcf7\" value=\"8751\" \/>\n<input type=\"hidden\" name=\"_wpcf7_version\" value=\"5.9.7\" \/>\n<input type=\"hidden\" name=\"_wpcf7_locale\" value=\"et\" \/>\n<input type=\"hidden\" name=\"_wpcf7_unit_tag\" value=\"wpcf7-f8751-o1\" \/>\n<input type=\"hidden\" name=\"_wpcf7_container_post\" value=\"0\" \/>\n<input type=\"hidden\" name=\"_wpcf7_posted_data_hash\" value=\"\" \/>\n<input type=\"hidden\" name=\"_wpcf7_recaptcha_response\" value=\"\" \/>\n<\/div>\n<span class=\"wpcf7-form-control-wrap url\" data-name=\"url\"><input type=\"hidden\" name=\"url\" id=\"\" class=\"wpcf7-form-control wpcf7-hidden wpcf7dtx wpcf7dtx-hidden\" aria-invalid=\"false\" value=\"\" \/><\/span>\n\n<!-- CF7 Modules -->\n<div style='display:none;'><input type=\"hidden\" class=\"wpcf7-form-control wpcf7-hidden\" name=\"katusenimi\" placeholder=\"\" value=\"Katus 2\" \/>\n<\/div>\n<!-- End CF7 Modules -->\n\n<table width=\"100%\" border=\"0\" cellpadding=\"0\" cellspacing=\"0\" class=\"toodeparing\">\n\t<tbody>\n\t\t<tr valign=\"top\">\n\t\t\t<td width=\"30%\">\n\t\t\t\t<p>Valitse profiili:\n\t\t\t\t<\/p>\n\t\t\t<\/td>\n\t\t\t<td width=\"80%\">\n\t\t\t\t<p><span class=\"wpcf7-form-control-wrap\" data-name=\"profile\"><select class=\"wpcf7-form-control wpcf7-select\" aria-invalid=\"false\" name=\"profile\"><option value=\"\">&#8212;Palun tee valik&#8212;<\/option><option value=\"Kiviprofiilit\">Kiviprofiilit<\/option><option value=\"Kiviprofiili extra\">Kiviprofiili extra<\/option><option value=\"TP20\">TP20<\/option><option value=\"TP45\">TP45<\/option><option value=\"Valssattu katto\">Valssattu katto<\/option><option value=\"Klassinen profiili\">Klassinen profiili<\/option><option value=\"TP15\">TP15<\/option><option value=\"TP19\">TP19<\/option><option value=\"TP18\">TP18<\/option><\/select><\/span>\n\t\t\t\t<\/p>\n\t\t\t<\/td>\n\t\t<\/tr>\n\t\t<tr valign=\"top\">\n\t\t\t<td>\n\t\t\t\t<p>A\n\t\t\t\t<\/p>\n\t\t\t<\/td>\n\t\t\t<td>\n\t\t\t\t<p><span class=\"wpcf7-form-control-wrap\" data-name=\"side_a\"><input size=\"40\" maxlength=\"400\" class=\"wpcf7-form-control wpcf7-text\" aria-invalid=\"false\" value=\"\" type=\"text\" name=\"side_a\" \/><\/span>\n\t\t\t\t<\/p>\n\t\t\t<\/td>\n\t\t<\/tr>\n\t\t<tr valign=\"top\">\n\t\t\t<td>\n\t\t\t\t<p>B\n\t\t\t\t<\/p>\n\t\t\t<\/td>\n\t\t\t<td>\n\t\t\t\t<p><span class=\"wpcf7-form-control-wrap\" data-name=\"side_b\"><input size=\"40\" maxlength=\"400\" class=\"wpcf7-form-control wpcf7-text\" aria-invalid=\"false\" value=\"\" type=\"text\" name=\"side_b\" \/><\/span>\n\t\t\t\t<\/p>\n\t\t\t<\/td>\n\t\t<\/tr>\n\t\t<tr valign=\"top\">\n\t\t\t<td>\n\t\t\t\t<p>C\n\t\t\t\t<\/p>\n\t\t\t<\/td>\n\t\t\t<td>\n\t\t\t\t<p><span class=\"wpcf7-form-control-wrap\" data-name=\"side_c\"><input size=\"40\" maxlength=\"400\" class=\"wpcf7-form-control wpcf7-text\" aria-invalid=\"false\" value=\"\" type=\"text\" name=\"side_c\" \/><\/span>\n\t\t\t\t<\/p>\n\t\t\t<\/td>\n\t\t<\/tr>\n\t\t<tr valign=\"top\">\n\t\t\t<td>\n\t\t\t\t<p>D\n\t\t\t\t<\/p>\n\t\t\t<\/td>\n\t\t\t<td>\n\t\t\t\t<p><span class=\"wpcf7-form-control-wrap\" data-name=\"side_d\"><input size=\"40\" maxlength=\"400\" class=\"wpcf7-form-control wpcf7-text\" aria-invalid=\"false\" value=\"\" type=\"text\" name=\"side_d\" \/><\/span>\n\t\t\t\t<\/p>\n\t\t\t<\/td>\n\t\t<\/tr>\n\t\t<tr valign=\"top\">\n\t\t\t<td>\n\t\t\t\t<p>E\n\t\t\t\t<\/p>\n\t\t\t<\/td>\n\t\t\t<td>\n\t\t\t\t<p><span class=\"wpcf7-form-control-wrap\" data-name=\"side_e\"><input size=\"40\" maxlength=\"400\" class=\"wpcf7-form-control wpcf7-text\" aria-invalid=\"false\" value=\"\" type=\"text\" name=\"side_e\" \/><\/span>\n\t\t\t\t<\/p>\n\t\t\t<\/td>\n\t\t<\/tr>\n\t\t<tr valign=\"top\">\n\t\t\t<td>\n\t\t\t\t<p><strong>Nimi*:<\/strong>\n\t\t\t\t<\/p>\n\t\t\t<\/td>\n\t\t\t<td>\n\t\t\t\t<p><span class=\"wpcf7-form-control-wrap\" data-name=\"tde-name\"><input size=\"40\" maxlength=\"400\" class=\"wpcf7-form-control wpcf7-text wpcf7-validates-as-required\" aria-required=\"true\" aria-invalid=\"false\" value=\"\" type=\"text\" name=\"tde-name\" \/><\/span>\n\t\t\t\t<\/p>\n\t\t\t<\/td>\n\t\t<\/tr>\n\t\t<tr valign=\"top\">\n\t\t\t<td>\n\t\t\t\t<p><strong>Puhelin*:<\/strong>\n\t\t\t\t<\/p>\n\t\t\t<\/td>\n\t\t\t<td>\n\t\t\t\t<p><span class=\"wpcf7-form-control-wrap\" data-name=\"tde-telephone\"><input size=\"40\" maxlength=\"400\" class=\"wpcf7-form-control wpcf7-text wpcf7-validates-as-required\" aria-required=\"true\" aria-invalid=\"false\" value=\"\" type=\"text\" name=\"tde-telephone\" \/><\/span>\n\t\t\t\t<\/p>\n\t\t\t<\/td>\n\t\t<\/tr>\n\t\t<tr valign=\"top\">\n\t\t\t<td>\n\t\t\t\t<p><strong>S\u00e4hk\u00f6postiosoite*:<\/strong>\n\t\t\t\t<\/p>\n\t\t\t<\/td>\n\t\t\t<td>\n\t\t\t\t<p><span class=\"wpcf7-form-control-wrap\" data-name=\"tde-email\"><input size=\"40\" maxlength=\"400\" class=\"wpcf7-form-control wpcf7-email wpcf7-validates-as-required wpcf7-text wpcf7-validates-as-email\" aria-required=\"true\" aria-invalid=\"false\" value=\"\" type=\"email\" name=\"tde-email\" \/><\/span>\n\t\t\t\t<\/p>\n\t\t\t<\/td>\n\t\t<\/tr>\n\t\t<tr valign=\"top\">\n\t\t\t<td>\n\t\t\t\t<p><strong>RAKENNUKSEN SIJAINTIPAIKKA (taajama, kyl\u00e4, maakunta tms tieto)*:<\/strong>\n\t\t\t\t<\/p>\n\t\t\t<\/td>\n\t\t\t<td>\n\t\t\t\t<p><span class=\"wpcf7-form-control-wrap\" data-name=\"asukoht\"><input size=\"40\" maxlength=\"400\" class=\"wpcf7-form-control wpcf7-text wpcf7-validates-as-required\" aria-required=\"true\" aria-invalid=\"false\" value=\"\" type=\"text\" name=\"asukoht\" \/><\/span>\n\t\t\t\t<\/p>\n\t\t\t<\/td>\n\t\t<\/tr>\n\t\t<tr valign=\"top\">\n\t\t\t<td>\n\t\t\t\t<p><strong>Kuva katon:<\/strong>\n\t\t\t\t<\/p>\n\t\t\t<\/td>\n\t\t\t<td>\n\t\t\t\t<p><span class=\"wpcf7-form-control-wrap\" data-name=\"file-1\"><input size=\"40\" class=\"wpcf7-form-control wpcf7-file\" accept=\".pdf,.gif,.jpg,.jpeg,.png\" aria-invalid=\"false\" type=\"file\" name=\"file-1\" \/><\/span>\n\t\t\t\t<\/p>\n\t\t\t<\/td>\n\t\t<\/tr>\n\t\t<tr valign=\"top\">\n\t\t\t<td>\n\t\t\t\t<p><strong>Kuva katon:<\/strong>\n\t\t\t\t<\/p>\n\t\t\t<\/td>\n\t\t\t<td>\n\t\t\t\t<p><span class=\"wpcf7-form-control-wrap\" data-name=\"file-2\"><input size=\"40\" class=\"wpcf7-form-control wpcf7-file\" accept=\".pdf,.gif,.jpg,.jpeg,.png\" aria-invalid=\"false\" type=\"file\" name=\"file-2\" \/><\/span>\n\t\t\t\t<\/p>\n\t\t\t<\/td>\n\t\t<\/tr>\n\t\t<tr valign=\"top\">\n\t\t\t<td>\n\t\t\t\t<p><strong>Kuva katon:<\/strong>\n\t\t\t\t<\/p>\n\t\t\t<\/td>\n\t\t\t<td>\n\t\t\t\t<p><span class=\"wpcf7-form-control-wrap\" data-name=\"file-3\"><input size=\"40\" class=\"wpcf7-form-control wpcf7-file\" accept=\".pdf,.gif,.jpg,.jpeg,.png\" aria-invalid=\"false\" type=\"file\" name=\"file-3\" \/><\/span>\n\t\t\t\t<\/p>\n\t\t\t<\/td>\n\t\t<\/tr>\n\t\t<tr valign=\"top\">\n\t\t\t<td>\n\t\t\t\t<p>T\u00e4ydent\u00e4v\u00e4t tiedot lis\u00e4peltien ja tarvikkeiden tarpeesta. Jos halutaan my\u00f6s asennukset, j\u00e4t\u00e4 lis\u00e4tiedot jo olevasta katosta ja sen tilasta. Kirjoita ehdottomasti my\u00f6s KATTOIKKUNOIDEN tarpeesta! Mik\u00e4li haluat ostaa katon V\u00c4HITT\u00c4ISMAKSULLA, niin lis\u00e4\u00e4 my\u00f6s se tieto.:\n\t\t\t\t<\/p>\n\t\t\t<\/td>\n\t\t\t<td>\n\t\t\t\t<p><span class=\"wpcf7-form-control-wrap\" data-name=\"message\"><textarea cols=\"40\" rows=\"10\" maxlength=\"2000\" class=\"wpcf7-form-control wpcf7-textarea\" aria-invalid=\"false\" name=\"message\"><\/textarea><\/span>\n\t\t\t\t<\/p>\n\t\t\t<\/td>\n\t\t<\/tr>\n\t\t<tr>\n\t\t\t<td align=\"center\" colspan=\"2\">\n\t\t\t\t<p>Olen samaa mielt\u00e4 henkil\u00f6tietojen k\u00e4sittelyst\u00e4 ja olen lukenut AS Tooden <a href=\"https:\/\/www.toode.ee\/fi\/yritys\/tietosuojakaytanto\/\" target=\"_blank\">tietosuojak\u00e4yt\u00e4nn\u00f6n<\/a><span class=\"wpcf7-form-control-wrap\" data-name=\"terms-accept\"><span class=\"wpcf7-form-control wpcf7-acceptance\"><span class=\"wpcf7-list-item\"><input type=\"checkbox\" name=\"terms-accept\" value=\"1\" checked=\"checked\" aria-invalid=\"false\" \/><\/span><\/span><\/span>\n\t\t\t\t<\/p>\n\t\t\t<\/td>\n\t\t<\/tr>\n\t\t<tr valign=\"middle\">\n\t\t\t<td align=\"center\" colspan=\"2\">\n\t\t\t\t<p><input class=\"wpcf7-form-control wpcf7-submit has-spinner\" type=\"submit\" value=\"L\u00e4het\u00e4 hintapyynt\u00f6!\" \/>\n\t\t\t\t<\/p>\n\t\t\t<\/td>\n\t\t<\/tr>\n\t<\/tbody>\n<\/table><div class=\"wpcf7-response-output\" aria-hidden=\"true\"><\/div>\n<\/form>\n<\/div>\n\n","protected":false},"excerpt":{"rendered":"<p>Mik\u00e4li sopivaa kattomuotoa ei l\u00f6ydy tai katon tarkat mitat eiv\u00e4t ole tiedossa, tai sitten haluatte ei kovinkaan tarkkaa tarjousta, niin painakaa mink\u00e4 tahansa kattomuodon kuvaa ja t\u00e4ytt\u00e4k\u00e4\u00e4 vain avautuvan lis\u00e4tietojen sarakken tiedot! Pyyd\u00e4 hintatarjous!<\/p>\n","protected":false},"author":1,"featured_media":0,"parent":8797,"menu_order":2,"comment_status":"closed","ping_status":"closed","template":"full_width.php","meta":{"_acf_changed":false,"ngg_post_thumbnail":0,"footnotes":""},"class_list":["post-8810","page","type-page","status-publish","hentry"],"acf":[],"aioseo_notices":[],"_links":{"self":[{"href":"https:\/\/www.toode.ee\/fi\/wp-json\/wp\/v2\/pages\/8810"}],"collection":[{"href":"https:\/\/www.toode.ee\/fi\/wp-json\/wp\/v2\/pages"}],"about":[{"href":"https:\/\/www.toode.ee\/fi\/wp-json\/wp\/v2\/types\/page"}],"author":[{"embeddable":true,"href":"https:\/\/www.toode.ee\/fi\/wp-json\/wp\/v2\/users\/1"}],"replies":[{"embeddable":true,"href":"https:\/\/www.toode.ee\/fi\/wp-json\/wp\/v2\/comments?post=8810"}],"version-history":[{"count":0,"href":"https:\/\/www.toode.ee\/fi\/wp-json\/wp\/v2\/pages\/8810\/revisions"}],"up":[{"embeddable":true,"href":"https:\/\/www.toode.ee\/fi\/wp-json\/wp\/v2\/pages\/8797"}],"wp:attachment":[{"href":"https:\/\/www.toode.ee\/fi\/wp-json\/wp\/v2\/media?parent=8810"}],"curies":[{"name":"wp","href":"https:\/\/api.w.org\/{rel}","templated":true}]}}