{"id":9944,"date":"2016-05-26T14:58:34","date_gmt":"2016-05-26T11:58:34","guid":{"rendered":"https:\/\/www.toode.ee\/fi\/?page_id=9944"},"modified":"2016-06-03T20:56:56","modified_gmt":"2016-06-03T17:56:56","slug":"yritys","status":"publish","type":"page","link":"https:\/\/www.toode.ee\/fi\/yritys\/","title":{"rendered":"Yritys"},"content":{"rendered":"<p style=\"text-align: justify;\">AS Toode on perustettu vuonna 1991. Yritys aloitti toimintansa metallit\u00f6ill\u00e4. Vuodesta 1995 on p\u00e4\u00e4toimialana ollut ter\u00e4skattojen, sadevesij\u00e4rjestelmien ja kattotarvikkeiden valmistus, myynti ja asennus. Vuonna 2000 my\u00f6nnettiin AS Toodelle laadunohjauksen standardin ISO9001 sertifikaatti. Yritys sai vuonna 2001 Keskus EhitusTEST my\u00f6nt\u00e4m\u00e4n vastaavuustodistuksen, joka varmistaa yrityksen tuotteiden t\u00e4ytt\u00e4v\u00e4t kaikki niihin asetetut vaatimukset. Yrityksen p\u00e4\u00e4konttori ja tuotantoyksikk\u00f6 sijaitsevat <strong>Sauen<\/strong> kaupungissa, haarakonttorit <strong>Tartossa, Rakveressa, V\u00f5russa, P\u00e4rnussa, Paidessa, Viljandissa, Haapsalussa, P\u00f5lvassa, Valgassa, J\u00f5gevalla, Raplassa, Narvassa<\/strong> ja <strong>Hiidenmaalla<\/strong>. Yrityksell\u00e4 on edustukset my\u00f6s Liettuassa ja Latviassa. J\u00e4lleenmyyj\u00e4t toimivat Kuressaaressa.<\/p>\n<p>AS Toode on ainoa peltikattojen valmistaja, joka my\u00f6s asentaa tuotteensa, k\u00e4ytt\u00e4en t\u00e4m\u00e4n palvelun tuottamiseen omia, koulututtuja ty\u00f6ntekij\u00f6it\u00e4.<\/p>\n<hr \/>\n<p style=\"text-align: justify;\">\n<h2 style=\"text-align: justify;\">Yrityksen toimialat:<img loading=\"lazy\" decoding=\"async\" class=\"alignright size-medium wp-image-2496\" src=\"https:\/\/www.toode.ee\/wp-content\/uploads\/2016\/04\/Toode-eramajauus1-300x224.jpg\" alt=\"Toode-eramajauus1\" width=\"300\" height=\"224\" srcset=\"https:\/\/www.toode.ee\/wp-content\/uploads\/2016\/04\/Toode-eramajauus1-300x224.jpg 300w, https:\/\/www.toode.ee\/wp-content\/uploads\/2016\/04\/Toode-eramajauus1.jpg 614w\" sizes=\"(max-width: 300px) 85vw, 300px\" \/><\/h2>\n<ul style=\"text-align: justify;\">\n<li>ter\u00e4skattoprofiilien valmistus ja myynti<\/li>\n<li>sadevesij\u00e4rjestelmien valmistus ja myynti<\/li>\n<li>ter\u00e4ksisten julkisivup\u00e4\u00e4llysteiden valmistus ja myynti<\/li>\n<li>kantoprofiilien (z- ja c-profiilit) valmistus ja myynti<\/li>\n<li>kattoikkunoiden valmistus ja myynti<\/li>\n<li>kantavien peltiprofiilien myynti<\/li>\n<li>sandwich-mallisten elementtien myynti ja asennus<\/li>\n<li>turvaelementtien myynti<\/li>\n<li>peltivalmisteita k\u00e4sity\u00f6n\u00e4 ja niiden myynti<\/li>\n<li>asennusty\u00f6t<\/li>\n<\/ul>\n<h2 style=\"text-align: justify;\">Miksi valita juuri Toode OY?<\/h2>\n<ul style=\"text-align: justify;\">\n<li>kokonaisratkaisu \u2013 tuotteet asennust\u00f6ineen samasta paikasta<\/li>\n<li>yli 18 vuoden toimintakokemus Virossa<\/li>\n<li>kilpailijoitaan nopeammat palvelut<img loading=\"lazy\" decoding=\"async\" class=\"alignright size-medium wp-image-2490\" src=\"https:\/\/www.toode.ee\/wp-content\/uploads\/2016\/04\/Toode-eramaja-rensov-300x217.jpg\" alt=\"Toode-eramaja rensov\" width=\"300\" height=\"217\" srcset=\"https:\/\/www.toode.ee\/wp-content\/uploads\/2016\/04\/Toode-eramaja-rensov-300x217.jpg 300w, https:\/\/www.toode.ee\/wp-content\/uploads\/2016\/04\/Toode-eramaja-rensov.jpg 609w\" sizes=\"(max-width: 300px) 85vw, 300px\" \/><\/li>\n<li>laaja tuotevalikoima<\/li>\n<li>haarakonttorit kaikissa maakuntakeskuksissa ja muualla ulkomailla<\/li>\n<li>joustavat ja sovittavat hinnat<\/li>\n<li>huomio my\u00f6s pientilaajille! \u2013 yksikin ikkunapelti on meille tilauksena t\u00e4rke\u00e4<\/li>\n<li>takuu sek\u00e4 materiaaleille ett\u00e4 asennuksille<\/li>\n<li>mahdollisuus maksaa v\u00e4hitt\u00e4isjaksoina<\/li>\n<li>yst\u00e4v\u00e4llisyys asiakkaitaan kohti<\/li>\n<li>kaikki tuotteemme ovat varastossa valmiina ja olemme valmiita my\u00f6s erikoistilausten t\u00e4ytt\u00e4miseen<\/li>\n<li>jatkuva panostaminen mittatilaust\u00f6ihin, koska peltity\u00f6t ovat aina taidetta<\/li>\n<li>asiakkaidemme kanssa asioivat 100%:sesti alaansa keskittyneet toimihenkil\u00f6t \u2013 kattoja ei osteta kaupasta!<\/li>\n<\/ul>\n<hr \/>\n<p>&nbsp;<\/p>\n<p style=\"text-align: justify;\">MEILT\u00c4 EI L\u00d6YDY SELLAISTA, JOTA TEKISIMME KILPAILIJOITAMME HUONOMMIN, OLKOON SITTEN KYSYMYKSESS\u00c4 HINTA, MITTAUKSET, NEUVOJENANTO TAI ASENNUSTY\u00d6T. VAKUUTAMME OLEVAMME LUOTETTAVA KUMPPANI MY\u00d6S VAIKEINA AIKOINA. EMME H\u00c4VI\u00c4 MIHINK\u00c4\u00c4N SAATUAMME ENNAKKOMAKSUN! LUOTA RAKENTAJAASI, MUTTA MY\u00d6S TARKISTA AINA SEN TAUSTATIEDOT!<\/p>\n","protected":false},"excerpt":{"rendered":"<p>AS Toode on perustettu vuonna 1991. Yritys aloitti toimintansa metallit\u00f6ill\u00e4. Vuodesta 1995 on p\u00e4\u00e4toimialana ollut ter\u00e4skattojen, sadevesij\u00e4rjestelmien ja kattotarvikkeiden valmistus, myynti ja asennus. Vuonna 2000 my\u00f6nnettiin AS Toodelle laadunohjauksen standardin ISO9001 sertifikaatti. Yritys sai vuonna 2001 Keskus EhitusTEST my\u00f6nt\u00e4m\u00e4n vastaavuustodistuksen, joka varmistaa yrityksen tuotteiden t\u00e4ytt\u00e4v\u00e4t kaikki niihin asetetut vaatimukset. Yrityksen p\u00e4\u00e4konttori ja tuotantoyksikk\u00f6 sijaitsevat Sauen &hellip; <a href=\"https:\/\/www.toode.ee\/fi\/yritys\/\" class=\"more-link\">Jatka lukemista<span class=\"screen-reader-text\"> &#8221;Yritys&#8221;<\/span><\/a><\/p>\n","protected":false},"author":1,"featured_media":0,"parent":0,"menu_order":11,"comment_status":"closed","ping_status":"open","template":"","meta":{"_acf_changed":false,"ngg_post_thumbnail":0,"footnotes":""},"class_list":["post-9944","page","type-page","status-publish","hentry"],"acf":[],"aioseo_notices":[],"_links":{"self":[{"href":"https:\/\/www.toode.ee\/fi\/wp-json\/wp\/v2\/pages\/9944"}],"collection":[{"href":"https:\/\/www.toode.ee\/fi\/wp-json\/wp\/v2\/pages"}],"about":[{"href":"https:\/\/www.toode.ee\/fi\/wp-json\/wp\/v2\/types\/page"}],"author":[{"embeddable":true,"href":"https:\/\/www.toode.ee\/fi\/wp-json\/wp\/v2\/users\/1"}],"replies":[{"embeddable":true,"href":"https:\/\/www.toode.ee\/fi\/wp-json\/wp\/v2\/comments?post=9944"}],"version-history":[{"count":0,"href":"https:\/\/www.toode.ee\/fi\/wp-json\/wp\/v2\/pages\/9944\/revisions"}],"wp:attachment":[{"href":"https:\/\/www.toode.ee\/fi\/wp-json\/wp\/v2\/media?parent=9944"}],"curies":[{"name":"wp","href":"https:\/\/api.w.org\/{rel}","templated":true}]}}