{"id":9946,"date":"2016-05-26T14:59:22","date_gmt":"2016-05-26T11:59:22","guid":{"rendered":"https:\/\/www.toode.ee\/fi\/?page_id=9946"},"modified":"2016-06-03T20:56:55","modified_gmt":"2016-06-03T17:56:55","slug":"tuotteemme-ja-palvelumme","status":"publish","type":"page","link":"https:\/\/www.toode.ee\/fi\/tuotteemme-ja-palvelumme\/","title":{"rendered":"Tuotteemme ja palvelumme"},"content":{"rendered":"<p style=\"text-align: justify;\">Toode OY tarjoaa ohuesta kuumasinkityst\u00e4 ter\u00e4spellist\u00e4 valmistettuja ja maali- tai muovip\u00e4\u00e4llystettyj\u00e4 kattoja sek\u00e4 siihen liittyvi\u00e4 lis\u00e4peltituotteita ja tarvikkeita. Raakapelti tuodaan Suomen, Ruotsin, Ranskan ja Saksan tehtaista. Ter\u00e4sp\u00e4\u00e4llysteet sopivat sek\u00e4 sis\u00e4- ett\u00e4 ulkok\u00e4ytt\u00f6\u00f6n, asuin- ja tuotantorakennuksiin etta elintarviketuotantorakennuksiin. Laaja maali- ja p\u00e4\u00e4llystevalikoima mahdollistaa sopivan ratkaisun l\u00f6yt\u00e4misen sek\u00e4 kattoihin ett\u00e4 seiniin.<\/p>\n<hr \/>\n<p style=\"text-align: justify;\">\n","protected":false},"excerpt":{"rendered":"<p>Toode OY tarjoaa ohuesta kuumasinkityst\u00e4 ter\u00e4spellist\u00e4 valmistettuja ja maali- tai muovip\u00e4\u00e4llystettyj\u00e4 kattoja sek\u00e4 siihen liittyvi\u00e4 lis\u00e4peltituotteita ja tarvikkeita. Raakapelti tuodaan Suomen, Ruotsin, Ranskan ja Saksan tehtaista. Ter\u00e4sp\u00e4\u00e4llysteet sopivat sek\u00e4 sis\u00e4- ett\u00e4 ulkok\u00e4ytt\u00f6\u00f6n, asuin- ja tuotantorakennuksiin etta elintarviketuotantorakennuksiin. Laaja maali- ja p\u00e4\u00e4llystevalikoima mahdollistaa sopivan ratkaisun l\u00f6yt\u00e4misen sek\u00e4 kattoihin ett\u00e4 seiniin.<\/p>\n","protected":false},"author":1,"featured_media":0,"parent":0,"menu_order":61,"comment_status":"closed","ping_status":"closed","template":"category_list.php","meta":{"_acf_changed":false,"ngg_post_thumbnail":0,"footnotes":""},"class_list":["post-9946","page","type-page","status-publish","hentry"],"acf":[],"aioseo_notices":[],"_links":{"self":[{"href":"https:\/\/www.toode.ee\/fi\/wp-json\/wp\/v2\/pages\/9946"}],"collection":[{"href":"https:\/\/www.toode.ee\/fi\/wp-json\/wp\/v2\/pages"}],"about":[{"href":"https:\/\/www.toode.ee\/fi\/wp-json\/wp\/v2\/types\/page"}],"author":[{"embeddable":true,"href":"https:\/\/www.toode.ee\/fi\/wp-json\/wp\/v2\/users\/1"}],"replies":[{"embeddable":true,"href":"https:\/\/www.toode.ee\/fi\/wp-json\/wp\/v2\/comments?post=9946"}],"version-history":[{"count":0,"href":"https:\/\/www.toode.ee\/fi\/wp-json\/wp\/v2\/pages\/9946\/revisions"}],"wp:attachment":[{"href":"https:\/\/www.toode.ee\/fi\/wp-json\/wp\/v2\/media?parent=9946"}],"curies":[{"name":"wp","href":"https:\/\/api.w.org\/{rel}","templated":true}]}}