{"id":9948,"date":"2016-05-26T14:59:46","date_gmt":"2016-05-26T11:59:46","guid":{"rendered":"https:\/\/www.toode.ee\/fi\/?page_id=9948"},"modified":"2016-06-03T20:56:54","modified_gmt":"2016-06-03T17:56:54","slug":"pinnoitteita-ja-varikartta","status":"publish","type":"page","link":"https:\/\/www.toode.ee\/fi\/pinnoitteita-ja-varikartta\/","title":{"rendered":"Pinnoitteita ja v\u00e4rikartta"},"content":{"rendered":"<h3 style=\"text-align: justify;\">RAAKA-AINE<\/h3>\n<p style=\"text-align: justify;\"><img loading=\"lazy\" decoding=\"async\" src=\"https:\/\/www.toode.ee\/wp-content\/uploads\/2016\/04\/pinnakatted-ja-varvid-1.jpg\" alt=\"\" width=\"283\" height=\"266\" align=\"left\" hspace=\"10\" vspace=\"10\" \/>K\u00e4yt\u00e4mme raaka-aineena kuumasinkitty\u00e4 ter\u00e4spelti\u00e4. Ter\u00e4spellin kest\u00e4vyyden t\u00e4rkein tunnus on sen sinkkikerroksen vahvuus, ei pelk\u00e4st\u00e4\u00e4n ter\u00e4saihion vahvuus. Meid\u00e4n tarjoaman ohuen ter\u00e4slevyn sinkkikerroksen vahvuus on 275 &#8211; 350 gr\/m\u00b2.<\/p>\n<p>Asennuksen ja k\u00e4yt\u00f6n yhteydess\u00e4 on pyritt\u00e4v\u00e4 v\u00e4ltt\u00e4m\u00e4\u00e4n sinkkikerroksen vaurioittamista, sill\u00e4 se aiheuttaa nopean korroosion synnyn.<\/p>\n<p>K\u00e4ytt\u00f6ajan pident\u00e4miseen valmistetaan my\u00f6s peitettyj\u00e4 ter\u00e4speltej\u00e4, joissa sinkittyyn kerrokseen on lis\u00e4tty erilaisia maali- tai muovip\u00e4\u00e4llysteit\u00e4.<\/p>\n<p>Ne varmistavat teid\u00e4n kattojen, julkisivujen, sadevesij\u00e4rjestelmien tms. tuotteiden kauniin ulkomuodon ja kest\u00e4vyyden vuosikymmenten ajaksi.<\/p>\n<hr \/>\n<p style=\"text-align: justify;\">\n<h3 style=\"text-align: justify;\"><br style=\"clear: both;\" \/> TER\u00c4SKATON TARJOAMAT EDUT:<\/h3>\n<p style=\"text-align: justify;\"><strong>Kevyt<\/strong><br \/>\nTer\u00e4skatto on 10 kertaa kevyempi kuin kivikatto, joten sen alusrakenteiden ei tarvitse olla niin massiivisia ja kalliita. Ter\u00e4skatto on suositeltava vaihtoehto entis\u00f6it\u00e4viin taloihin, jossa alusrakenteiden vaihtamista ei ole suunniteltu. Ter\u00e4skatot voidaan asentaa, toisin kuin kivikatot, my\u00f6s eritt\u00e4in laakeisiin kattoihin!<\/p>\n<p><strong>Nopea<\/strong><br \/>\nProfiloidut levyt on tarkasti pituusmitattuja tuotteita, joita voidaan asentaa jopa 10 m\u00b2 kerrallaan. Se tarkoittaa, ett\u00e4 melko iso alue voidaan asentaa melko lyhyess\u00e4 ajassa.<\/p>\n<p><strong>S\u00e4\u00e4nkest\u00e4v\u00e4<\/strong><br \/>\nTer\u00e4skatto kest\u00e4\u00e4 hyvin l\u00e4mp\u00f6tilamuutoksia. Se ei ole huokoinen materiaali, joka sammaloituisi tai rikkoontuisi huokoisiin ker\u00e4\u00e4ntyv\u00e4n veden ja j\u00e4\u00e4n vaikutuksesta.<\/p>\n<p><strong>V\u00e4rivalikoima<\/strong><br \/>\nMeid\u00e4n v\u00e4rikartasta voidaan valita mieleinen noin 25 eri s\u00e4vyn joukosta.<\/p>\n<p><strong>Edullinen<\/strong><br \/>\nTer\u00e4skatto on nopean asennuksen ja kevyemm\u00e4n kattorakenteen ansiosta edullisempi kuin useat muut kattop\u00e4\u00e4llysteet.<\/p>\n<hr \/>\n<p style=\"text-align: justify;\">\n<h3 style=\"text-align: justify;\">TER\u00c4SKATTOJEN V\u00c4ITETYT PUUTTEET:<\/h3>\n<p style=\"text-align: justify;\"><b>Ter\u00e4skatto kolisee<br \/>\n<\/b>T\u00e4m\u00e4n katsovat useat mahdolliset asiakkaat olevan ter\u00e4skaton miinuksen. Kokemuksien pohjalta voidaan v\u00e4itt\u00e4\u00e4, ett\u00e4 sateesta johtuva \u00e4\u00e4ni h\u00e4iritsee rakennuksissa, joissa katon alla ei ole l\u00e4mm\u00f6neristeit\u00e4, aluskatetta, v\u00e4likattoa tms. eli alta katsottuna n\u00e4kee vain ter\u00e4spellin. Voidaan sanoa, ett\u00e4 siin\u00e4 tapauksessa kaikki kattomateriaalit kolisevat. Asuinrakennuksissa on sateiden aiheuttama melutaso huomattavasti normin yl\u00e4rajan alapuolella.<b><\/p>\n<p>Ter\u00e4skatto ei kest\u00e4 myrskyj\u00e4<br \/>\n<\/b>Normien mukaisesti kiinnitetty profiilipelti (eli r\u00e4yst\u00e4\u00e4st\u00e4, harjan kohdalla ja satuloiden kohdalta 1 m et\u00e4isyydelt\u00e4 on tihennetty kiinnitysruuvien v\u00e4list\u00e4 et\u00e4isyytt\u00e4) ei pelk\u00e4\u00e4 mit\u00e4\u00e4n myrskyj\u00e4. On erityisen t\u00e4rke\u00e4\u00e4, ett\u00e4 katon asentaja on alansa asiantuntija!<br \/>\n<b><br \/>\nTer\u00e4skatto vaatii sile\u00e4t alusruoteet<br \/>\n<\/b>T\u00e4m\u00e4 &#8221;puute&#8221; pit\u00e4\u00e4 paikkaansa, jos ruoteet eiv\u00e4t ole suorassa, saattaa tuloksena olla aaltoileva katto. K\u00e4yt\u00e4 asiantuntevaa katonasennuspalvelua!<\/p>\n","protected":false},"excerpt":{"rendered":"<p>RAAKA-AINE K\u00e4yt\u00e4mme raaka-aineena kuumasinkitty\u00e4 ter\u00e4spelti\u00e4. Ter\u00e4spellin kest\u00e4vyyden t\u00e4rkein tunnus on sen sinkkikerroksen vahvuus, ei pelk\u00e4st\u00e4\u00e4n ter\u00e4saihion vahvuus. Meid\u00e4n tarjoaman ohuen ter\u00e4slevyn sinkkikerroksen vahvuus on 275 &#8211; 350 gr\/m\u00b2. Asennuksen ja k\u00e4yt\u00f6n yhteydess\u00e4 on pyritt\u00e4v\u00e4 v\u00e4ltt\u00e4m\u00e4\u00e4n sinkkikerroksen vaurioittamista, sill\u00e4 se aiheuttaa nopean korroosion synnyn. K\u00e4ytt\u00f6ajan pident\u00e4miseen valmistetaan my\u00f6s peitettyj\u00e4 ter\u00e4speltej\u00e4, joissa sinkittyyn kerrokseen on lis\u00e4tty erilaisia &hellip; <a href=\"https:\/\/www.toode.ee\/fi\/pinnoitteita-ja-varikartta\/\" class=\"more-link\">Jatka lukemista<span class=\"screen-reader-text\"> &#8221;Pinnoitteita ja v\u00e4rikartta&#8221;<\/span><\/a><\/p>\n","protected":false},"author":1,"featured_media":0,"parent":0,"menu_order":53,"comment_status":"closed","ping_status":"closed","template":"","meta":{"_acf_changed":false,"ngg_post_thumbnail":0,"footnotes":""},"class_list":["post-9948","page","type-page","status-publish","hentry"],"acf":[],"aioseo_notices":[],"_links":{"self":[{"href":"https:\/\/www.toode.ee\/fi\/wp-json\/wp\/v2\/pages\/9948"}],"collection":[{"href":"https:\/\/www.toode.ee\/fi\/wp-json\/wp\/v2\/pages"}],"about":[{"href":"https:\/\/www.toode.ee\/fi\/wp-json\/wp\/v2\/types\/page"}],"author":[{"embeddable":true,"href":"https:\/\/www.toode.ee\/fi\/wp-json\/wp\/v2\/users\/1"}],"replies":[{"embeddable":true,"href":"https:\/\/www.toode.ee\/fi\/wp-json\/wp\/v2\/comments?post=9948"}],"version-history":[{"count":0,"href":"https:\/\/www.toode.ee\/fi\/wp-json\/wp\/v2\/pages\/9948\/revisions"}],"wp:attachment":[{"href":"https:\/\/www.toode.ee\/fi\/wp-json\/wp\/v2\/media?parent=9948"}],"curies":[{"name":"wp","href":"https:\/\/api.w.org\/{rel}","templated":true}]}}