{"id":9951,"date":"2016-05-26T15:01:25","date_gmt":"2016-05-26T12:01:25","guid":{"rendered":"https:\/\/www.toode.ee\/fi\/?page_id=9951"},"modified":"2016-06-03T20:56:51","modified_gmt":"2016-06-03T17:56:51","slug":"huolto-ohjeet","status":"publish","type":"page","link":"https:\/\/www.toode.ee\/fi\/huolto-ohjeet\/","title":{"rendered":"Huolto-ohjeet"},"content":{"rendered":"<h3 style=\"text-align: justify;\">Tuotteiden huolto-ohje<\/h3>\n<p style=\"text-align: justify;\"><strong>Seuraava ohjeaineisto kattaa seuraavat tuotteet ja tuoteryhm\u00e4t:<\/strong><\/p>\n<ul style=\"text-align: justify;\">\n<li>ter\u00e4skattojen profiilit (kiviprofiili, kiviprofiili Extra, TP20,TP15,TP45, Klassik, saumakatto ym. ohuesta ter\u00e4slehdest\u00e4 valmistetut kattop\u00e4\u00e4llysteet);<\/li>\n<li>sadevesij\u00e4rjestelm\u00e4t<\/li>\n<li>turvavarustus (tikkaat, kulkureitit, lumiesteet jne.)<\/li>\n<li>julkisivupeitteet ohutta lehtiter\u00e4st\u00e4 (sandwich-elementit, kasetit jne.)<\/li>\n<li>sile\u00e4 pelti ja sile\u00e4st\u00e4 pellist\u00e4 k\u00e4sin valmistetut tuotteet<\/li>\n<\/ul>\n<p style=\"text-align: justify;\">Maalattujen ter\u00e4stuotteiden huollon tarkoituksena on varmistettava niiden mahdollisimman pitk\u00e4kestoinen k\u00e4ytt\u00f6 ja visuaalisesti n\u00e4ytt\u00e4v\u00e4 ulkomuoto.<\/p>\n<p><strong>T\u00e4rkeimm\u00e4t maalikerroksen laatuun vaikuttavia tekij\u00f6it\u00e4 ovat:<\/strong><\/p>\n<ul style=\"text-align: justify;\">\n<li>uv-s\u00e4teily<\/li>\n<li>rikki-, typpi- ja klooriyhdisteet<\/li>\n<li>orgaaniset vaikuttimet (puunlehdet, sammal, havut ym.)<\/li>\n<li>mekaaniset vauriot (naarmut, kolhut)<\/li>\n<li>edell\u00e4 mainittujen tekij\u00f6iden yhteisvaikutus<\/li>\n<\/ul>\n<p style=\"text-align: justify;\">K\u00e4yt\u00f6n yhteydess\u00e4 syntyv\u00e4t vauriot ja suosituksen mukaan s\u00e4\u00e4nn\u00f6llisesti suoritettava toimenpiteet maalikerroksella k\u00e4siteltyjen ter\u00e4stuotteiden huollossa ovat:<\/p>\n<h3 style=\"text-align: justify;\">1. S\u00e4\u00e4nn\u00f6llinen lian ja roskien poistaminen<\/h3>\n<p style=\"text-align: justify;\">Katolta ja sadevesikouruista olisi poistettava kaikki siihen ker\u00e4\u00e4ntyneet roskat. Roskaa syntyy p\u00e4\u00e4asiassa puunlehdist\u00e4 ja havuista. Kuinka usein t\u00e4t\u00e4 tehd\u00e4\u00e4n, riippuu rakennuksen sijaintipaikasta, sit\u00e4 ymp\u00e4r\u00f6ivien puiden m\u00e4\u00e4r\u00e4st\u00e4. Katto olisi suosituksen mukaan puhdistettava v\u00e4hint\u00e4\u00e4n kerran vuodessa, tarpeen mukaan my\u00f6s useammin. Sadevesi poistaa usein ainakin osan likaa, mutta pienempi\u00e4 orgaanisia aineksia (mm. sammalta) on visuaalisessa tarkastuksessa usein vaikeata havaita. Lika muodostaa sinkin kanssa nopeasti liukenevia yhdisteit\u00e4 ja t\u00e4rkein korroosiosuoja (sinkkikerros) vaurioituu. Lika my\u00f6s sitoo vett\u00e4 jonka seurauksena vaurioituneet paikat ovat jatkuvasti kosteita ja korroosion syntymisen vaara kasvaa nopeasti.<\/p>\n<p><strong>Ker\u00e4\u00e4ntynyt lika on poistettava:<\/strong><\/p>\n<ul style=\"text-align: justify;\">\n<li>katon sile\u00e4lt\u00e4 pinnalta<\/li>\n<li>jiireist\u00e4 ja liitoskohdista<\/li>\n<li>sadevesikouruista ja putkista<\/li>\n<\/ul>\n<h3 style=\"text-align: justify;\">2. Ter\u00e4stuotteiden peseminen<\/h3>\n<p style=\"text-align: justify;\">Suosittelemme likaantuneiden paikkojen puhdistamiseen k\u00e4ytett\u00e4v\u00e4n l\u00e4mmint\u00e4 vett\u00e4 ja pehme\u00e4\u00e4 harjaa. Voidaan k\u00e4ytt\u00e4\u00e4 my\u00f6s painepesuria. Erityisen likaisten paikkojen puhdistamiseen on k\u00e4ytett\u00e4v\u00e4 pesuaineita (esim. Panssaripesu, Peltipesu) ja noudatettava valmistajan antamia ohjeita. Paikoitellen voidaan k\u00e4ytt\u00e4\u00e4 my\u00f6s lakkabensiini\u00e4. Mink\u00e4 tahansa pesuaineen k\u00e4yt\u00f6ss\u00e4 on t\u00e4rke\u00e4t\u00e4, ett\u00e4 katto ja muut puhdistettava pinnat huuhdellaan puhtaalla vedell\u00e4. Aggressiivisten kemikaalien k\u00e4ytt\u00e4minen saattaa pahoin vaurioittaa pinnoitteit\u00e4 ja sinkkikerrosta.<\/p>\n<p><strong>Asennuksen aikana syntyv\u00e4t mahdolliset vauriot ja niiden ehk\u00e4iseminen<\/strong><\/p>\n<ul style=\"text-align: justify;\">\n<li>tuotteiden mahdollisimman lyhyt varastointiaika (ks. tuotteiden asennusohjeissa annettuja vaatimuksia)<\/li>\n<li>asennusohjeissa annettujen ty\u00f6v\u00e4lineiden k\u00e4ytt\u00f6 (miss\u00e4\u00e4n tapauksessa ei voida k\u00e4ytt\u00e4\u00e4 hankaavia leikkausv\u00e4lineit\u00e4, kuten hiomakoneita tms.)<\/li>\n<li>leikkausj\u00e4tteiden poistaminen v\u00e4litt\u00f6m\u00e4sti<\/li>\n<li>sopimattomien jalkineiden k\u00e4ytt\u00f6 asennust\u00f6iss\u00e4<\/li>\n<li>on v\u00e4litett\u00e4v\u00e4 lian joutumista kattoon asennuksen yhteydess\u00e4 (hiekka, multa tms. hankaava materiaali)<\/li>\n<li>syntyneiden naarmujen viipym\u00e4tt\u00e4 korjaaminen korjausmaaleilla. Jo ruosteessa oleva paikka on puhdistettava hiekkapaperilla, pohjamaalattava ja maalattava peltikattojen maalaamiseen tarkoitetuilla maaleilla. Pohjamaalikerrokseen ulottuvan vaurion poistamisessa on k\u00e4ytett\u00e4v\u00e4 sumutinta, sinkkikerroksen l\u00e4pi ulottuvan vaurion korjaamisessa peltikattojen maalaamiseen tarkoitettuja maaleja, haalistuvat nopeammin kuin vaaleat): Katon maalaamisella saavutetaan nykyaikaisten ter\u00e4skattojen kohdalla pinnoitteista riippumatta jo 50 vuoden tai jopa pitempi k\u00e4ytt\u00f6ik\u00e4. Alkuper\u00e4isell\u00e4 materiaalilla p\u00e4\u00e4llystetyt ter\u00e4stuotteet kest\u00e4v\u00e4t pinnanp\u00e4\u00e4llysteest\u00e4 ja ymp\u00e4rist\u00f6n olosuhteista riippumatta 25-50 vuotta. Sadevesij\u00e4rjestelmien osalta on niiden rikkoontuminen nopeampaa.<\/li>\n<\/ul>\n<p style=\"text-align: justify;\"><strong>Jauhemaalatut tuotteet ja niiden huolto<\/strong><br \/>\nJauhemaalattuina toimitetaan p\u00e4\u00e4asiassa turvavarusteet ? Tikkaat, kulkutiet, lumiesteputket. Niiden huollossa riitt\u00e4\u00e4 pesu l\u00e4mpim\u00e4ll\u00e4 vedell\u00e4 ja pehme\u00e4ll\u00e4 harjalla. Naarmut voidaan korjata korjausmaaleilla.<\/p>\n<p><strong>Kiinnitysv\u00e4lineiden tarkastaminen<\/strong><br \/>\nVisuaalisesti tarkastetaan kiinnitystarvikkeiden (ruuvit, pultit-mutterit) kunto. Ruostuneet tai muulla tavoin vaurioituneet kiinnitysv\u00e4lineet vaihdetaan uusiin. L\u00f6ystyneet kiinnitysv\u00e4lineet kiristet\u00e4\u00e4n (ruuvit saattavat ajan mittaan viivapaisumisen johdosta l\u00f6ysty\u00e4). Tarvittaessa korjataan maalikerrosta.<\/p>\n<p><strong>Sadevesij\u00e4rjestelmien tarkastaminen<\/strong><br \/>\nKouruissa seurataan tukkeutumien ja lian ker\u00e4\u00e4ntymist\u00e4, kourut puhdistetaan s\u00e4\u00e4nn\u00f6llisesti vain tarpeen vaatiessa. Tarkistetaan kourujen liitoskohtien tiiviys, niittien tms. kiinnitysv\u00e4lineiden olemassa olo ja kunto. Jos liitoskohdissa on vesivuotoja, on niitit porattava auki, peitett\u00e4v\u00e4 liitoskohta huolellisesti silikonilla ja kiinnitett\u00e4v\u00e4 isommilla niiteill\u00e4. Mahdolliset ruostevauriot puhdistetaan, pohjamaaltaan ja maalataan. Se on k\u00e4yt\u00e4nn\u00f6ss\u00e4 melko monimutkainen teht\u00e4v\u00e4, sill\u00e4 sadevesij\u00e4rjestelm\u00e4 muodostaa yhden kokonaisuuden, jonka osiin purkaminen saattaa rikkoa koko j\u00e4rjestelm\u00e4n toimivuuden. Sen takia on joskus tarkoituksenmukaista vaihtaa vaurioituneet tuotteet uusiin.<\/p>\n<p>Kourunp\u00e4\u00e4dyt tarkastetaan l\u00e4pivirtauksen osalta, tarvittaessa tiivistet\u00e4\u00e4n silikonilla.<\/p>\n<p>Sadevesiputket tarkastetaan tukkeumien varalta, tarvittaessa tukkeuma poistetaan. Tarkistetaan putkien v\u00e4liset liitoskohdat, tarvittaessa k\u00e4ytet\u00e4\u00e4n niittausta.<\/p>\n<p>On suositeltavaa, ett\u00e4 kourujen tukkeutumista lehdill\u00e4 ja muulla lialla ei pyrit\u00e4 est\u00e4m\u00e4\u00e4n verkoilla, sill\u00e4 lika ker\u00e4\u00e4ntyy silloin verkkoon ja n\u00e4in vesi ei ker\u00e4\u00e4nny en\u00e4\u00e4 kouruun, joten sadevesij\u00e4rjestelm\u00e4st\u00e4 tulee nopeasti toimimaton ja turha.<br \/>\nSaumakatoissa k\u00e4ytett\u00e4v\u00e4\u00e4 katon p\u00e4\u00e4ll\u00e4 oleva kouru on puhdistettava s\u00e4\u00e4nn\u00f6llisesti siihen ker\u00e4\u00e4ntyneest\u00e4 liasta, tarvittaessa puhdistetaan kiinnittyneest\u00e4 liasta (ks. ter\u00e4stuotteiden peseminen). Vaurioitunut paikka on peitett\u00e4v\u00e4 v\u00e4hint\u00e4\u00e4n kahdella maalikerroksella.<\/p>\n<p>leikkausreunojen maalaaminen on erityisen t\u00e4rke\u00e4\u00e4 merellisess\u00e4 ilmastossa tai aggressiivisessa teollisuusymp\u00e4rist\u00f6ss\u00e4.<\/p>\n<p>Jos katossa on hyvin vakavia vaurioita tai katon v\u00e4ris\u00e4vy on muuttunut, niin suositellaan k\u00e4ytett\u00e4v\u00e4n peltikattomaaleja, joiden k\u00e4yt\u00f6ss\u00e4 on tarkoin noudatettava valmistajan antamia neuvoja ja ohjeita.<\/p>\n<p><strong>Himmeneminen<\/strong><\/p>\n<p>Pinnoitteessa aiheuttaa n\u00e4kyvi\u00e4 muutoksia l\u00e4hinn\u00e4 uv-s\u00e4teily. Muutokset saattavat johtua my\u00f6s pinnoitteista. Mahdolliset n\u00e4kyv\u00e4t muutokset ja suositeltava aika niiden uudelleen maalaamiseen on annettu seuraavassa taulukossa.<\/p>\n<ul style=\"text-align: justify;\">\n<li>polyesteri 15-20 vuotta asennuksen j\u00e4lkeen<\/li>\n<li>PUR ja mattanova 15-25 vuotta<\/li>\n<li>PVDF 20-30 vuotta<\/li>\n<li>PVC 15-20 vuotta<\/li>\n<\/ul>\n<p style=\"text-align: justify;\">Himmeneminen tapahtuu useiden tekij\u00f6iden yhteisvaikutuksesta ja sill\u00e4 ei ole yht\u00e4 tietty\u00e4 ilmenemismuotoa. Himmeneminen riippuu auringonvalon vaikutuksesta kattoon, katon v\u00e4ris\u00e4vyst\u00e4 &#8211; tummat s\u00e4vyt.<\/p>\n<h3 style=\"text-align: justify;\">Kattoturva<\/h3>\n<p style=\"text-align: justify;\">Toode AS\u00a0 tuotteet ovat pitk\u00e4ik\u00e4isi\u00e4 ja turvallisia k\u00e4ytt\u00e4\u00e4, mink\u00e4 Toode AS \u2013in\u00a0 jatkuva laadunvalvonta ja kehitysty\u00f6, sek\u00e4 tuotteiden ohjeen mukainen asentaminen takaavat. Tuotteiden turvallisen k\u00e4yt\u00f6n ja pitk\u00e4ik\u00e4isyyden varmistamiseksi on kiinteist\u00f6n omistajan teht\u00e4v\u00e4 vuosittaiset tarkastus- ja huoltotoimenpiteet sek\u00e4 varmistettava, ett\u00e4 m\u00e4\u00e4r\u00e4ysten mukaista lumikuormaa ei ylitet\u00e4. Kiinteist\u00f6n omistajan tulee tarkistuttaa luokan 2 mukaan asennetut kattoturvatuotteet ja henkil\u00f6suojaimet vuosittain valmistajan valtuuttamalla henkil\u00f6ll\u00e4.<\/p>\n<p>Toode AS\u00a0 tuotteiden vuosittaiset tarkistus ja huoltokohteet:<br \/>\n\u2022 Tarkistettava liitosten ja kiinnityskohtien pit\u00e4vyys.<br \/>\n\u2022 Tarkistettava kiinnitykset kattoon.<br \/>\n\u2022 Huolehdittava liiallisen lumikuorman puhdistamisesta rakenteiden ja kiinnityskohtien<br \/>\nrasituksen minimoimiseksi (tarpeen mukaan, useitakin kertoja<br \/>\ntalvessa).<br \/>\n\u2022 Tarvittaessa puhdista kattosillat lumesta ja j\u00e4\u00e4st\u00e4.<br \/>\n\u2022 Tuotteiden pintojen maalauksen ja sinkityksen tarkistus ja tarvittaessa<br \/>\npaikallisten vikojen korjaus ja paikkamaalaus.<br \/>\n\u2022 Lis\u00e4ksi vaurioituneet tai vialliset osat tulee uusia tai korjata mahdollisimman<br \/>\npikaisesti.<\/p>\n","protected":false},"excerpt":{"rendered":"<p>Tuotteiden huolto-ohje Seuraava ohjeaineisto kattaa seuraavat tuotteet ja tuoteryhm\u00e4t: ter\u00e4skattojen profiilit (kiviprofiili, kiviprofiili Extra, TP20,TP15,TP45, Klassik, saumakatto ym. ohuesta ter\u00e4slehdest\u00e4 valmistetut kattop\u00e4\u00e4llysteet); sadevesij\u00e4rjestelm\u00e4t turvavarustus (tikkaat, kulkureitit, lumiesteet jne.) julkisivupeitteet ohutta lehtiter\u00e4st\u00e4 (sandwich-elementit, kasetit jne.) sile\u00e4 pelti ja sile\u00e4st\u00e4 pellist\u00e4 k\u00e4sin valmistetut tuotteet Maalattujen ter\u00e4stuotteiden huollon tarkoituksena on varmistettava niiden mahdollisimman pitk\u00e4kestoinen k\u00e4ytt\u00f6 ja visuaalisesti n\u00e4ytt\u00e4v\u00e4 &hellip; <a href=\"https:\/\/www.toode.ee\/fi\/huolto-ohjeet\/\" class=\"more-link\">Jatka lukemista<span class=\"screen-reader-text\"> &#8221;Huolto-ohjeet&#8221;<\/span><\/a><\/p>\n","protected":false},"author":1,"featured_media":0,"parent":0,"menu_order":21,"comment_status":"closed","ping_status":"closed","template":"","meta":{"_acf_changed":false,"ngg_post_thumbnail":0,"footnotes":""},"class_list":["post-9951","page","type-page","status-publish","hentry"],"acf":[],"aioseo_notices":[],"_links":{"self":[{"href":"https:\/\/www.toode.ee\/fi\/wp-json\/wp\/v2\/pages\/9951"}],"collection":[{"href":"https:\/\/www.toode.ee\/fi\/wp-json\/wp\/v2\/pages"}],"about":[{"href":"https:\/\/www.toode.ee\/fi\/wp-json\/wp\/v2\/types\/page"}],"author":[{"embeddable":true,"href":"https:\/\/www.toode.ee\/fi\/wp-json\/wp\/v2\/users\/1"}],"replies":[{"embeddable":true,"href":"https:\/\/www.toode.ee\/fi\/wp-json\/wp\/v2\/comments?post=9951"}],"version-history":[{"count":0,"href":"https:\/\/www.toode.ee\/fi\/wp-json\/wp\/v2\/pages\/9951\/revisions"}],"wp:attachment":[{"href":"https:\/\/www.toode.ee\/fi\/wp-json\/wp\/v2\/media?parent=9951"}],"curies":[{"name":"wp","href":"https:\/\/api.w.org\/{rel}","templated":true}]}}