{"id":9954,"date":"2016-05-26T15:02:39","date_gmt":"2016-05-26T12:02:39","guid":{"rendered":"https:\/\/www.toode.ee\/fi\/?page_id=9954"},"modified":"2016-05-31T15:31:12","modified_gmt":"2016-05-31T12:31:12","slug":"asennusohjeet","status":"publish","type":"page","link":"https:\/\/www.toode.ee\/fi\/huolto-ohjeet\/asennusohjeet\/","title":{"rendered":"Asennusohjeet"},"content":{"rendered":"<h3 style=\"text-align: justify;\"><\/h3>\n<p style=\"text-align: justify;\"><strong>Ennen asennuksen aloittamista on huolellisesti perehdytt\u00e4v\u00e4 asennusohjeeseen!<\/strong><\/p>\n<p><img loading=\"lazy\" decoding=\"async\" class=\"alignnone size-full wp-image-10841\" src=\"https:\/\/www.toode.ee\/wp-content\/uploads\/2016\/03\/Knoobusvaike.jpg\" alt=\"Knoobusvaike\" width=\"900\" height=\"408\" srcset=\"https:\/\/www.toode.ee\/wp-content\/uploads\/2016\/03\/Knoobusvaike.jpg 900w, https:\/\/www.toode.ee\/wp-content\/uploads\/2016\/03\/Knoobusvaike-300x136.jpg 300w, https:\/\/www.toode.ee\/wp-content\/uploads\/2016\/03\/Knoobusvaike-768x348.jpg 768w\" sizes=\"(max-width: 709px) 85vw, (max-width: 909px) 67vw, (max-width: 1362px) 62vw, 840px\" \/><\/p>\n<h3><strong>Toimituksen vastaanottaminen<\/strong><\/h3>\n<p style=\"text-align: justify;\">Tarkista, ett\u00e4 toimitukseen sis\u00e4ltyv\u00e4t kaikki tilatut ja rahtikirjaan merkityt tuotteet. Mahdollisista vaurioista on heti ilmoitettava tuotteiden myyj\u00e4lle ja teht\u00e4v\u00e4 asianmukainen virheiden ja puutteiden laajuutta koskeva merkint\u00e4 my\u00f6s rahtikirjaan.<\/p>\n<h3 style=\"text-align: justify;\">Viallisen tuotteen k\u00e4ytt\u00f6 on kielletty!<\/h3>\n<p style=\"text-align: justify;\">Huomioimme 7 p\u00e4iv\u00e4n sis\u00e4ll\u00e4 toimitusp\u00e4iv\u00e4st\u00e4 alkaen saapuneita tuotteiden kokoja ja laatua koskevat reklamaatiot. Tuotteiden takuuehdot ovat saatavissa tuotteiden tilaamisen aikana AS Tooden edustuksissa, mutta takuuehtoihin voidaan perehty\u00e4 my\u00f6s meid\u00e4n kotisivulla. Kuljetuksen aikana syntyneist\u00e4 vaurioista on vastuussa kuljetuspalvelun tuottaja. AS Toode ei ota vastuuta asennusohjeista poikkeavalla tavalla asennettujen tuotteiden vaihtamisen aiheuttamista kustannuksista.<\/p>\n<h3 style=\"text-align: justify;\">Tuotteiden k\u00e4sittely ja varastointi<img loading=\"lazy\" decoding=\"async\" class=\"alignright size-medium wp-image-10785\" src=\"https:\/\/www.toode.ee\/wp-content\/uploads\/2016\/02\/ehitus01-300x160.jpg\" alt=\"ehitus01\" width=\"300\" height=\"160\" srcset=\"https:\/\/www.toode.ee\/wp-content\/uploads\/2016\/02\/ehitus01-300x160.jpg 300w, https:\/\/www.toode.ee\/wp-content\/uploads\/2016\/02\/ehitus01-768x409.jpg 768w, https:\/\/www.toode.ee\/wp-content\/uploads\/2016\/02\/ehitus01.jpg 1000w\" sizes=\"(max-width: 300px) 85vw, 300px\" \/><\/h3>\n<p style=\"text-align: justify;\">Levyt lastataan kuljetusajoneuvosta rakennusty\u00f6maalle etuk\u00e4teen rakennetulle alustalle, joka sijaitsee maasta v\u00e4hint\u00e4\u00e4n 20 cm korkeudella ja koostuu v\u00e4hint\u00e4\u00e4n metrin v\u00e4lein sijoitetuista poikittaistuista. On suositeltavaa, ett\u00e4 levyj\u00e4 kuljetetaan nosturilla varustetulla ajoneuvolla. Levyt on yleens\u00e4 pakattu jo tehtaalla ja niiden nostaminen on nosturin ja alustan kanssa helppoa. Jos nosturia ei ole k\u00e4ytett\u00e4viss\u00e4, voidaan levyt purkaa kuormasta my\u00f6s yksi kerrallaan. T\u00e4ss\u00e4 kohtaan on v\u00e4ltett\u00e4v\u00e4 levyjen hiertymist\u00e4 toinen toisiaan vastaan, levyt nostetaan, niit\u00e4 ei saa vet\u00e4\u00e4! Levyjen ter\u00e4v\u00e4t leikkausreunat saattavat vaurioitaa alemman levyn viimeistelty\u00e4 pinnoitetta.<\/p>\n<p>Ohuet ter\u00e4slevyt saattavat helposti taipua, joten niit\u00e4 on k\u00e4sitelt\u00e4v\u00e4 varoen. Levyt saattavat lis\u00e4ksi my\u00f6s veny\u00e4. Levyj\u00e4 ei saa nosta vain kahdesta p\u00e4\u00e4st\u00e4 pidellen! Levyt nostetaan kattoon k\u00e4ytt\u00e4m\u00e4ll\u00e4 siihen j\u00e4ykki\u00e4 tukitankoja ja nostamalla niit\u00e4 useammasta kohdasta. Mahdolliset naarmut tm. pinnoitevauriot poistetaan sopivilla sumutemaaleilla.<\/p>\n<p>Sinkittyj\u00e4 levyj\u00e4 ei saa varastoida ulkoisissa olosuhteissa ja tihe\u00e4sti pakattuina. Levyj\u00e4 on suojattava sateilta sek\u00e4 v\u00e4ltett\u00e4v\u00e4 veden ja kosteuden ker\u00e4\u00e4ntyminen levyjen v\u00e4liin.<\/p>\n<p>Maali- ja muovipinnoitteisia levyj\u00e4 voidaan pakkaamattomina varastoida kahden viikon ajan. Jos varastointi jatkuu pitemp\u00e4\u00e4n, on noudatettava sinkkilevyjen varastointiohjeita.<\/p>\n<h3 style=\"text-align: justify;\">Levyjen k\u00e4sittely ja valmistelut asennukseen<\/h3>\n<p style=\"text-align: justify;\">Levyt toimitetaan asiakkaan tilaamissa pituuksissa. Kaikki mahdolliset kaltevat leikkaukset, l\u00e4pivientien aukot tms. tehd\u00e4\u00e4n kohteessa asennuksen aikana. Levyj\u00e4 voidaan leikata pystysahalla, peltisaksilla tai k\u00e4sistanssilla<\/p>\n<p><img loading=\"lazy\" decoding=\"async\" class=\"size-medium wp-image-10190 alignleft\" src=\"https:\/\/www.toode.ee\/wp-content\/uploads\/2016\/05\/saumakatto2-300x225.jpg\" alt=\"saumakatto2\" width=\"300\" height=\"225\" srcset=\"https:\/\/www.toode.ee\/wp-content\/uploads\/2016\/05\/saumakatto2-300x225.jpg 300w, https:\/\/www.toode.ee\/wp-content\/uploads\/2016\/05\/saumakatto2.jpg 449w\" sizes=\"(max-width: 300px) 85vw, 300px\" \/><\/p>\n<p style=\"text-align: justify;\">. Miss\u00e4\u00e4n nimess\u00e4 ei voida k\u00e4ytt\u00e4\u00e4 leikkauskiekkoa, koska leikkauksen yhteydess\u00e4 syntyv\u00e4t kipin\u00e4t polttavat levyn suojakerroksen puhki! Levyjen k\u00e4sittelyss\u00e4 syntynyt ter\u00e4sj\u00e4tteet on poistettava huolellisesti harjalla. Pintaan j\u00e4\u00e4neet ter\u00e4ksen j\u00e4\u00e4m\u00e4t alkavat ruostua ja saattavat vaurioitta levyn pintaa. Likaiset levyt puhdistetaan kotitaloudessa k\u00e4ytett\u00e4vill\u00e4 puhdistusaineilla, liuottimien tm. vahvavaikutteisten kemikaalien k\u00e4ytt\u00f6 on kielletty\u00e4.<\/p>\n<h3 style=\"text-align: justify;\">Aluskate<\/h3>\n<p style=\"text-align: justify;\">Trapetsi- ja kiviprofiilien asennuksessa olisi k\u00e4ytett\u00e4v\u00e4 aluskatetta, joka est\u00e4\u00e4 kondenssiveden katon alla oleviin rakenteisiin ja suojaa rakentamisen aikana sadevedelt\u00e4. Aluskate kiinnitet\u00e4\u00e4n paarteeseen v\u00e4lilistalla. T\u00e4rke\u00e4t\u00e4 on, ett\u00e4 aluskate ei olisi kire\u00e4ll\u00e4, vaan vapaasti. Harjassa aluskate leikataan poikki.<\/p>\n<h3 style=\"text-align: justify;\">Rimoitus<\/h3>\n<p style=\"text-align: justify;\">Katonlevyjen rimoituksena k\u00e4ytet\u00e4\u00e4n lautaa, jonka poikkileikkaus on 100x25mm (jos paarteiden v\u00e4limatka on &lt;900mm). Tarkempi ruoteiden v\u00e4limatka riippuu valitusta profiilista, katon kaltevuudesta, kuormituksista. Rimoitus naulataan aluskatetta pitelev\u00e4\u00e4n v\u00e4lilistaan kuumasinkityill\u00e4 nauloilla. Rimoituksen tekemisess\u00e4 on huomioitava mahdollisten l\u00e4pivientien (kattoluukut, ilmastointipiiput tms.) asentamista. L\u00e4pivientien ja jiirin kohdalle on laitetta t\u00e4ysi laudoitus. Jiiripellit valmistetaan sile\u00e4st\u00e4 pellist\u00e4 ja asennetaan viel\u00e4 ennen katelevyjen asentamista. Tarvittaessa k\u00e4ytet\u00e4\u00e4n my\u00f6hemmin jiiritiivistett\u00e4.<br \/>\nRimoituksen v\u00e4linen et\u00e4isyys riippuu ensisijaisesti profiilin valinnasta. Tarkemmat kuvat ja mitat profiilien asennusohjeissa.<\/p>\n<h3 style=\"text-align: justify;\">Kiinnitystarvikkeet<img loading=\"lazy\" decoding=\"async\" class=\"alignright size-medium wp-image-5289\" src=\"https:\/\/www.toode.ee\/wp-content\/uploads\/2016\/04\/DSC_0089-2-300x201.jpg\" alt=\"DSC_0089\" width=\"300\" height=\"201\" srcset=\"https:\/\/www.toode.ee\/wp-content\/uploads\/2016\/04\/DSC_0089-2-300x201.jpg 300w, https:\/\/www.toode.ee\/wp-content\/uploads\/2016\/04\/DSC_0089-2-768x515.jpg 768w, https:\/\/www.toode.ee\/wp-content\/uploads\/2016\/04\/DSC_0089-2.jpg 1024w\" sizes=\"(max-width: 300px) 85vw, 300px\" \/><\/h3>\n<p style=\"text-align: justify;\">Kiinnitt\u00e4miseen k\u00e4ytet\u00e4\u00e4n tiivisteell\u00e4 varustettuja kattoruuveja. Ruuvit kierret\u00e4\u00e4n istukalla varustetulla s\u00e4hk\u00f6poralla. Kattolevyn kiinnitet\u00e4\u00e4n aallonpohjasta. Ruuvien normaali pituus t\u00e4llaisessa kiinnitystavassa on 25-28mm. Limityksiss\u00e4 k\u00e4ytet\u00e4\u00e4n joko lyhyempi\u00e4 ruuveja tai parhaan tulokseen p\u00e4\u00e4semiseen vetoniittej\u00e4. Ruuvien menekki on noin 7 kpl\/m2 (t\u00e4h\u00e4n sis\u00e4ltyy my\u00f6s harja-, p\u00e4\u00e4ty- jne. listojen kiinnitt\u00e4misen aiheutuva kulu). Levyt kiinnitet\u00e4\u00e4n toisiinsa jokaisen ruoteen osalta tai v\u00e4hint\u00e4\u00e4n joka 400 mm j\u00e4lkeen.<\/p>\n<h3 style=\"text-align: justify;\">Lis\u00e4listat<\/h3>\n<p style=\"text-align: justify;\">Harjalistat ovat joko sileit\u00e4 (mitat 150x150mm) tai py\u00f6reit\u00e4. Harjalistan ja profiilin v\u00e4liin laitetaan kyseisen profiilin harjatiiviste. Harjatiiviste on v\u00e4ltt\u00e4m\u00e4t\u00f6n tuulisilla paikoilla ja jos kaltevuudet ovat loivia. Harjalistat kiinnitet\u00e4\u00e4n ruuveilla joka aallon harjalla tiivisteen l\u00e4pi. Aumakattojen kohdalla on py\u00f6reisiin harjalistoihin olemassa my\u00f6s Y-liitoksia ja p\u00e4\u00e4tylappeeseen erikoisvalmisteiset listat. Y-liitos on usein parasta tehd\u00e4 paikan p\u00e4\u00e4ll\u00e4, koska vakiokappale ei sovi aina katon todelliseen kaltevuuteen.<\/p>\n<p>P\u00e4\u00e4tylistat kiinnitet\u00e4\u00e4n p\u00e4\u00e4tylautaan ja profiiliin ruuveilla. On t\u00e4rke\u00e4t\u00e4, ett\u00e4 noudatetaan<br \/>\naluskatteen oikeata asennustapaa!<\/p>\n","protected":false},"excerpt":{"rendered":"<p>Ennen asennuksen aloittamista on huolellisesti perehdytt\u00e4v\u00e4 asennusohjeeseen! Toimituksen vastaanottaminen Tarkista, ett\u00e4 toimitukseen sis\u00e4ltyv\u00e4t kaikki tilatut ja rahtikirjaan merkityt tuotteet. Mahdollisista vaurioista on heti ilmoitettava tuotteiden myyj\u00e4lle ja teht\u00e4v\u00e4 asianmukainen virheiden ja puutteiden laajuutta koskeva merkint\u00e4 my\u00f6s rahtikirjaan. Viallisen tuotteen k\u00e4ytt\u00f6 on kielletty! Huomioimme 7 p\u00e4iv\u00e4n sis\u00e4ll\u00e4 toimitusp\u00e4iv\u00e4st\u00e4 alkaen saapuneita tuotteiden kokoja ja laatua koskevat reklamaatiot. &hellip; <a href=\"https:\/\/www.toode.ee\/fi\/huolto-ohjeet\/asennusohjeet\/\" class=\"more-link\">Jatka lukemista<span class=\"screen-reader-text\"> &#8221;Asennusohjeet&#8221;<\/span><\/a><\/p>\n","protected":false},"author":1,"featured_media":0,"parent":9951,"menu_order":1,"comment_status":"closed","ping_status":"closed","template":"","meta":{"_acf_changed":false,"ngg_post_thumbnail":0,"footnotes":""},"class_list":["post-9954","page","type-page","status-publish","hentry"],"acf":[],"aioseo_notices":[],"_links":{"self":[{"href":"https:\/\/www.toode.ee\/fi\/wp-json\/wp\/v2\/pages\/9954"}],"collection":[{"href":"https:\/\/www.toode.ee\/fi\/wp-json\/wp\/v2\/pages"}],"about":[{"href":"https:\/\/www.toode.ee\/fi\/wp-json\/wp\/v2\/types\/page"}],"author":[{"embeddable":true,"href":"https:\/\/www.toode.ee\/fi\/wp-json\/wp\/v2\/users\/1"}],"replies":[{"embeddable":true,"href":"https:\/\/www.toode.ee\/fi\/wp-json\/wp\/v2\/comments?post=9954"}],"version-history":[{"count":0,"href":"https:\/\/www.toode.ee\/fi\/wp-json\/wp\/v2\/pages\/9954\/revisions"}],"up":[{"embeddable":true,"href":"https:\/\/www.toode.ee\/fi\/wp-json\/wp\/v2\/pages\/9951"}],"wp:attachment":[{"href":"https:\/\/www.toode.ee\/fi\/wp-json\/wp\/v2\/media?parent=9954"}],"curies":[{"name":"wp","href":"https:\/\/api.w.org\/{rel}","templated":true}]}}